{"id":1156,"date":"2016-02-24T22:50:20","date_gmt":"2016-02-24T21:50:20","guid":{"rendered":"http:\/\/seteminutos.pt\/blog\/?page_id=1156"},"modified":"2017-07-22T20:41:37","modified_gmt":"2017-07-22T19:41:37","slug":"edicoes","status":"publish","type":"page","link":"https:\/\/seteminutos.org\/blog\/edicoes\/","title":{"rendered":"Edi\u00e7\u00f5es"},"content":{"rendered":"<p>O jornal Sete Minutos iniciou a sua publica\u00e7\u00e3o em <a href=\"https:\/\/seteminutos.org\/blog\/edicoes\/evora\/\">\u00c9vora<\/a>, cidade sede do projeto, mas disp\u00f5e de um plano de expans\u00e3o que est\u00e1 agora a ser colocado em pr\u00e1tica.<\/p>\n<p><a href=\"https:\/\/seteminutos.org\/blog\/edicoes\/evora\/\">\u00c9vora<\/a> receber\u00e1 mais uma edi\u00e7\u00e3o, dedicada ao <a href=\"https:\/\/seteminutos.org\/blog\/edicoes\/evora-turismo\/\">turismo<\/a>, com periodicidade quinzenal.<\/p>\n<p>Est\u00e1 tamb\u00e9m em fase de conclus\u00e3o o projeto de implementa\u00e7\u00e3o da edi\u00e7\u00e3o de <a href=\"https:\/\/seteminutos.org\/blog\/edicoes\/reguengos\/\">Reguengos de Monsaraz<\/a>.<\/p>\n<p>Em breve surgir\u00e1 ainda o <a href=\"https:\/\/seteminutos.org\/blog\/edicoes\/eletronica\/\">Sete Minutos Electr\u00f3nico<\/a>, uma edi\u00e7\u00e3o com o mesmo formato, mas exclusivamente em suporte electr\u00f3nico (PDF).<\/p>\n<p>Continuamos a aceitar candidaturas para a implementa\u00e7\u00e3o de outras edi\u00e7\u00f5es locais do Sete Minutos, atrav\u00e9s de contrato de <a href=\"https:\/\/seteminutos.org\/blog\/franquiasm\/\">franquia<\/a>.<\/p>\n<p>&nbsp;<\/p>\n","protected":false},"excerpt":{"rendered":"<p>O jornal Sete Minutos iniciou a sua publica\u00e7\u00e3o em \u00c9vora, cidade sede do projeto, mas disp\u00f5e de um plano de expans\u00e3o que est\u00e1 agora a ser colocado em pr\u00e1tica. \u00c9vora receber\u00e1 mais uma edi\u00e7\u00e3o, dedicada ao turismo, com periodicidade quinzenal. Est\u00e1 tamb\u00e9m em fase de conclus\u00e3o o projeto de implementa\u00e7\u00e3o da edi\u00e7\u00e3o de Reguengos de Monsaraz. Em breve surgir\u00e1 ainda o Sete Minutos Electr\u00f3nico, uma edi\u00e7\u00e3o com o mesmo formato, mas exclusivamente em suporte electr\u00f3nico (PDF). Continuamos a aceitar candidaturas para a implementa\u00e7\u00e3o de outras edi\u00e7\u00f5es locais do Sete Minutos,&hellip;<\/p>\n","protected":false},"author":1,"featured_media":0,"parent":0,"menu_order":1,"comment_status":"closed","ping_status":"closed","template":"","meta":{"footnotes":""},"class_list":["post-1156","page","type-page","status-publish","hentry"],"yoast_head":"<!-- This site is optimized with the Yoast SEO plugin v26.0 - https:\/\/yoast.com\/wordpress\/plugins\/seo\/ -->\n<title>Sete Minutos | Edi\u00e7\u00f5es<\/title>\n<meta name=\"robots\" content=\"index, follow, max-snippet:-1, max-image-preview:large, max-video-preview:-1\" \/>\n<link rel=\"canonical\" href=\"https:\/\/seteminutos.org\/blog\/edicoes\/\" \/>\n<meta property=\"og:locale\" content=\"pt_PT\" \/>\n<meta property=\"og:type\" content=\"article\" \/>\n<meta property=\"og:title\" content=\"Sete Minutos | Edi\u00e7\u00f5es\" \/>\n<meta property=\"og:url\" content=\"https:\/\/seteminutos.org\/blog\/edicoes\/\" \/>\n<meta property=\"og:site_name\" content=\"Sete Minutos\" \/>\n<meta property=\"article:publisher\" content=\"https:\/\/www.facebook.com\/seteminutos.oficial\" \/>\n<meta property=\"article:modified_time\" content=\"2017-07-22T19:41:37+00:00\" \/>\n<meta name=\"twitter:card\" content=\"summary_large_image\" \/>\n<meta name=\"twitter:site\" content=\"@sete_minutos\" \/>\n<meta name=\"twitter:label1\" content=\"Tempo estimado de leitura\" \/>\n\t<meta name=\"twitter:data1\" content=\"1 minuto\" \/>\n<script type=\"application\/ld+json\" class=\"yoast-schema-graph\">{\"@context\":\"https:\/\/schema.org\",\"@graph\":[{\"@type\":\"WebPage\",\"@id\":\"https:\/\/seteminutos.org\/blog\/edicoes\/\",\"url\":\"https:\/\/seteminutos.org\/blog\/edicoes\/\",\"name\":\"Sete Minutos | Edi\u00e7\u00f5es\",\"isPartOf\":{\"@id\":\"https:\/\/seteminutos.org\/blog\/#website\"},\"datePublished\":\"2016-02-24T21:50:20+00:00\",\"dateModified\":\"2017-07-22T19:41:37+00:00\",\"breadcrumb\":{\"@id\":\"https:\/\/seteminutos.org\/blog\/edicoes\/#breadcrumb\"},\"inLanguage\":\"pt-PT\",\"potentialAction\":[{\"@type\":\"ReadAction\",\"target\":[\"https:\/\/seteminutos.org\/blog\/edicoes\/\"]}]},{\"@type\":\"BreadcrumbList\",\"@id\":\"https:\/\/seteminutos.org\/blog\/edicoes\/#breadcrumb\",\"itemListElement\":[{\"@type\":\"ListItem\",\"position\":1,\"name\":\"In\u00edcio\",\"item\":\"https:\/\/seteminutos.org\/blog\/\"},{\"@type\":\"ListItem\",\"position\":2,\"name\":\"Edi\u00e7\u00f5es\"}]},{\"@type\":\"WebSite\",\"@id\":\"https:\/\/seteminutos.org\/blog\/#website\",\"url\":\"https:\/\/seteminutos.org\/blog\/\",\"name\":\"Sete Minutos\",\"description\":\"Curiosidades, Humor e Informa\u00e7\u00e3o com Intelig\u00eancia\",\"publisher\":{\"@id\":\"https:\/\/seteminutos.org\/blog\/#organization\"},\"potentialAction\":[{\"@type\":\"SearchAction\",\"target\":{\"@type\":\"EntryPoint\",\"urlTemplate\":\"https:\/\/seteminutos.org\/blog\/?s={search_term_string}\"},\"query-input\":{\"@type\":\"PropertyValueSpecification\",\"valueRequired\":true,\"valueName\":\"search_term_string\"}}],\"inLanguage\":\"pt-PT\"},{\"@type\":\"Organization\",\"@id\":\"https:\/\/seteminutos.org\/blog\/#organization\",\"name\":\"Sete Minutos\",\"url\":\"https:\/\/seteminutos.org\/blog\/\",\"logo\":{\"@type\":\"ImageObject\",\"inLanguage\":\"pt-PT\",\"@id\":\"https:\/\/seteminutos.org\/blog\/#\/schema\/logo\/image\/\",\"url\":\"https:\/\/i0.wp.com\/seteminutos.org\/blog\/wp-content\/uploads\/2017\/06\/cropped-sm-logo-2017-2.jpg?fit=290%2C64&ssl=1\",\"contentUrl\":\"https:\/\/i0.wp.com\/seteminutos.org\/blog\/wp-content\/uploads\/2017\/06\/cropped-sm-logo-2017-2.jpg?fit=290%2C64&ssl=1\",\"width\":290,\"height\":64,\"caption\":\"Sete Minutos\"},\"image\":{\"@id\":\"https:\/\/seteminutos.org\/blog\/#\/schema\/logo\/image\/\"},\"sameAs\":[\"https:\/\/www.facebook.com\/seteminutos.oficial\",\"https:\/\/x.com\/sete_minutos\"]}]}<\/script>\n<!-- \/ Yoast SEO plugin. -->","yoast_head_json":{"title":"Sete Minutos | Edi\u00e7\u00f5es","robots":{"index":"index","follow":"follow","max-snippet":"max-snippet:-1","max-image-preview":"max-image-preview:large","max-video-preview":"max-video-preview:-1"},"canonical":"https:\/\/seteminutos.org\/blog\/edicoes\/","og_locale":"pt_PT","og_type":"article","og_title":"Sete Minutos | Edi\u00e7\u00f5es","og_url":"https:\/\/seteminutos.org\/blog\/edicoes\/","og_site_name":"Sete Minutos","article_publisher":"https:\/\/www.facebook.com\/seteminutos.oficial","article_modified_time":"2017-07-22T19:41:37+00:00","twitter_card":"summary_large_image","twitter_site":"@sete_minutos","twitter_misc":{"Tempo estimado de leitura":"1 minuto"},"schema":{"@context":"https:\/\/schema.org","@graph":[{"@type":"WebPage","@id":"https:\/\/seteminutos.org\/blog\/edicoes\/","url":"https:\/\/seteminutos.org\/blog\/edicoes\/","name":"Sete Minutos | Edi\u00e7\u00f5es","isPartOf":{"@id":"https:\/\/seteminutos.org\/blog\/#website"},"datePublished":"2016-02-24T21:50:20+00:00","dateModified":"2017-07-22T19:41:37+00:00","breadcrumb":{"@id":"https:\/\/seteminutos.org\/blog\/edicoes\/#breadcrumb"},"inLanguage":"pt-PT","potentialAction":[{"@type":"ReadAction","target":["https:\/\/seteminutos.org\/blog\/edicoes\/"]}]},{"@type":"BreadcrumbList","@id":"https:\/\/seteminutos.org\/blog\/edicoes\/#breadcrumb","itemListElement":[{"@type":"ListItem","position":1,"name":"In\u00edcio","item":"https:\/\/seteminutos.org\/blog\/"},{"@type":"ListItem","position":2,"name":"Edi\u00e7\u00f5es"}]},{"@type":"WebSite","@id":"https:\/\/seteminutos.org\/blog\/#website","url":"https:\/\/seteminutos.org\/blog\/","name":"Sete Minutos","description":"Curiosidades, Humor e Informa\u00e7\u00e3o com Intelig\u00eancia","publisher":{"@id":"https:\/\/seteminutos.org\/blog\/#organization"},"potentialAction":[{"@type":"SearchAction","target":{"@type":"EntryPoint","urlTemplate":"https:\/\/seteminutos.org\/blog\/?s={search_term_string}"},"query-input":{"@type":"PropertyValueSpecification","valueRequired":true,"valueName":"search_term_string"}}],"inLanguage":"pt-PT"},{"@type":"Organization","@id":"https:\/\/seteminutos.org\/blog\/#organization","name":"Sete Minutos","url":"https:\/\/seteminutos.org\/blog\/","logo":{"@type":"ImageObject","inLanguage":"pt-PT","@id":"https:\/\/seteminutos.org\/blog\/#\/schema\/logo\/image\/","url":"https:\/\/i0.wp.com\/seteminutos.org\/blog\/wp-content\/uploads\/2017\/06\/cropped-sm-logo-2017-2.jpg?fit=290%2C64&ssl=1","contentUrl":"https:\/\/i0.wp.com\/seteminutos.org\/blog\/wp-content\/uploads\/2017\/06\/cropped-sm-logo-2017-2.jpg?fit=290%2C64&ssl=1","width":290,"height":64,"caption":"Sete Minutos"},"image":{"@id":"https:\/\/seteminutos.org\/blog\/#\/schema\/logo\/image\/"},"sameAs":["https:\/\/www.facebook.com\/seteminutos.oficial","https:\/\/x.com\/sete_minutos"]}]}},"jetpack_sharing_enabled":true,"jetpack_likes_enabled":true,"_links":{"self":[{"href":"https:\/\/seteminutos.org\/blog\/wp-json\/wp\/v2\/pages\/1156","targetHints":{"allow":["GET"]}}],"collection":[{"href":"https:\/\/seteminutos.org\/blog\/wp-json\/wp\/v2\/pages"}],"about":[{"href":"https:\/\/seteminutos.org\/blog\/wp-json\/wp\/v2\/types\/page"}],"author":[{"embeddable":true,"href":"https:\/\/seteminutos.org\/blog\/wp-json\/wp\/v2\/users\/1"}],"replies":[{"embeddable":true,"href":"https:\/\/seteminutos.org\/blog\/wp-json\/wp\/v2\/comments?post=1156"}],"version-history":[{"count":1,"href":"https:\/\/seteminutos.org\/blog\/wp-json\/wp\/v2\/pages\/1156\/revisions"}],"predecessor-version":[{"id":4198,"href":"https:\/\/seteminutos.org\/blog\/wp-json\/wp\/v2\/pages\/1156\/revisions\/4198"}],"wp:attachment":[{"href":"https:\/\/seteminutos.org\/blog\/wp-json\/wp\/v2\/media?parent=1156"}],"curies":[{"name":"wp","href":"https:\/\/api.w.org\/{rel}","templated":true}]}}