{"id":1158,"date":"2016-02-24T22:51:00","date_gmt":"2016-02-24T21:51:00","guid":{"rendered":"http:\/\/seteminutos.pt\/blog\/?page_id=1158"},"modified":"2021-11-14T14:36:19","modified_gmt":"2021-11-14T14:36:19","slug":"evora","status":"publish","type":"page","link":"https:\/\/seteminutos.org\/blog\/edicoes\/evora\/","title":{"rendered":"\u00c9vora"},"content":{"rendered":"\n<h2 class=\"wp-block-heading\" id=\"a-cidade-que-viu-nascer-o-sete-minutos\"><strong><img data-recalc-dims=\"1\" loading=\"lazy\" decoding=\"async\" width=\"240\" height=\"240\" class=\"size-full wp-image-4405 alignleft\" src=\"https:\/\/i0.wp.com\/seteminutos.org\/blog\/wp-content\/uploads\/2021\/11\/evora-templo-romano.jpg?resize=240%2C240&#038;ssl=1\" alt=\"Sete Minutos Eletr\u00f3nico\">A cidade que viu nascer o Sete Minutos<\/strong><\/h2>\n\n\n\n<p>O Sete Minutos foi lan\u00e7ado em \u00c9vora no dia 23 de Junho de 2010, fazendo coincidir o seu lan\u00e7amento como o in\u00edcio da Feira de S. Jo\u00e3o, dedicando ao certame uma edi\u00e7\u00e3o especial di\u00e1ria, distribu\u00edda em m\u00e3o durante os 12 dias da Feira. O resultado superou as nossas melhores expectativas. No dia 1 de Setembro lan\u00e7amos a edi\u00e7\u00e3o regular da cidade de \u00c9vora, com uma periodicidade semanal. O Sete Minutos \u00c9vora esteve em pleno funcionamento at\u00e9 29 de Janeiro de 2013, quando por raz\u00f5es estrat\u00e9gicas decidiu suspender a edi\u00e7\u00e3o impressa. Durante esse per\u00edodo promoveu ainda edi\u00e7\u00f5es especiais dedicadas \u00e0s freguesias de Canaviais, Bacelo e \u00e0 Expomora em 2010, bem como edi\u00e7\u00f5es especiais di\u00e1rias em 2011 e 2012 na Feira de S\u00e3o Jo\u00e3o. Ap\u00f3s dois anos e meio de aus\u00eancia da vers\u00e3o impressa, o Sete Minutos regressou com uma edi\u00e7\u00e3o especial na Feira de S\u00e3o Jo\u00e3o de 2015 em \u00c9vora, voltando tamb\u00e9m a estar presente na cidade semanalmente a partir de 17 de Novembro do mesmo ano. Em mar\u00e7o de 2020, devido \u00e0s restri\u00e7\u00f5es causadas pela pandemia da COVID-19, a edi\u00e7\u00e3o impressa foi suspensa, retornado a 5 de outubro de 2021.<\/p>\n\n\n\n<p><strong>Primeira temporada<\/strong><\/p>\n\n\n\n<p>Editores: Paulo Neves \/ Lu\u00eds Pechirra<br>In\u00edcio da publica\u00e7\u00e3o: 1 de setembro de 2010<br>Fim da publica\u00e7\u00e3o: 29 de janeiro de 2013<br>Periodicidade: Semanal (ter\u00e7a-feira)<\/p>\n\n\n\n<p><\/p>\n\n\n\n<p><strong>Segunda&nbsp;temporada<\/strong><\/p>\n\n\n\n<p>Editor: Lu\u00eds Pechirra<br>In\u00edcio da publica\u00e7\u00e3o: 17 de novembro de 2015<br>Fim da publica\u00e7\u00e3o: 17 de mar\u00e7o de 2020<br>Periodicidade: Semanal (ter\u00e7a-feira)<\/p>\n\n\n\n<p><\/p>\n\n\n\n<p><strong>Terceira&nbsp;temporada<\/strong><\/p>\n\n\n\n<p>Editor: Lu\u00eds Pechirra<br>In\u00edcio da publica\u00e7\u00e3o: 05 de outubro de 2021<br>Periodicidade: Semanal (ter\u00e7a-feira)<\/p>\n\n\n\n<p><\/p>\n\n\n\n<p><\/p>\n\n\n\n<h2 class=\"wp-block-heading\" id=\"confira-onde-estao-os-nossos-expositores\"><strong>Confira onde est\u00e3o os nossos expositores<\/strong><\/h2>\n\n\n\n<figure class=\"wp-block-embedpress-google-maps-block ose-google-maps\"><iframe loading=\"lazy\" src=\"https:\/\/www.google.com\/maps\/d\/u\/0\/embed?mid=1qqYbKc2MAFcGjR1bN9Hfh4MXPQQ&amp;hl=pt-PT&amp;ll=38.57937286438589%2C-7.908872199999992&amp;z=13\" frameborder=\"0\" width=\"600\" height=\"450\"><\/iframe><\/figure>\n\n\n\n<p><\/p>\n\n\n\n<h2 class=\"wp-block-heading\" id=\"envie-nos-uma-mensagem\"><strong>Envie-nos uma mensagem<\/strong><\/h2>\n\n\n<div class=\"wp-block-jetpack-contact-form\"><a href=\"https:\/\/seteminutos.org\/blog\/edicoes\/evora\/\" target=\"_blank\" rel=\"noopener noreferrer\">Submit a form.<\/a><\/div>\n\n\n<p>Informa\u00e7\u00e3o atualizada em&nbsp;<strong>14 de novembro de 2021<\/strong>.<\/p>\n","protected":false},"excerpt":{"rendered":"<p>A cidade que viu nascer o Sete Minutos O Sete Minutos foi lan\u00e7ado em \u00c9vora no dia 23 de Junho de 2010, fazendo coincidir o seu lan\u00e7amento como o in\u00edcio da Feira de S. Jo\u00e3o, dedicando ao certame uma edi\u00e7\u00e3o especial di\u00e1ria, distribu\u00edda em m\u00e3o durante os 12 dias da Feira. O resultado superou as nossas melhores expectativas. No dia 1 de Setembro lan\u00e7amos a edi\u00e7\u00e3o regular da cidade de \u00c9vora, com uma periodicidade semanal. O Sete Minutos \u00c9vora esteve em pleno funcionamento at\u00e9 29 de Janeiro de 2013, quando&hellip;<\/p>\n","protected":false},"author":1,"featured_media":9250,"parent":1156,"menu_order":0,"comment_status":"closed","ping_status":"closed","template":"","meta":{"footnotes":""},"class_list":["post-1158","page","type-page","status-publish","has-post-thumbnail","hentry"],"yoast_head":"<!-- This site is optimized with the Yoast SEO plugin v26.0 - https:\/\/yoast.com\/wordpress\/plugins\/seo\/ -->\n<title>Sete Minutos | \u00c9vora<\/title>\n<meta name=\"robots\" content=\"index, follow, max-snippet:-1, max-image-preview:large, max-video-preview:-1\" \/>\n<link rel=\"canonical\" href=\"https:\/\/seteminutos.org\/blog\/edicoes\/evora\/\" \/>\n<meta property=\"og:locale\" content=\"pt_PT\" \/>\n<meta property=\"og:type\" content=\"article\" \/>\n<meta property=\"og:title\" content=\"Sete Minutos | \u00c9vora\" \/>\n<meta property=\"og:url\" content=\"https:\/\/seteminutos.org\/blog\/edicoes\/evora\/\" \/>\n<meta property=\"og:site_name\" content=\"Sete Minutos\" \/>\n<meta property=\"article:publisher\" content=\"https:\/\/www.facebook.com\/seteminutos.oficial\" \/>\n<meta property=\"article:modified_time\" content=\"2021-11-14T14:36:19+00:00\" \/>\n<meta property=\"og:image\" content=\"https:\/\/i0.wp.com\/seteminutos.pt\/blog\/wp-content\/uploads\/2021\/11\/evora-templo-romano.jpg?fit=240%2C240&ssl=1\" \/>\n\t<meta property=\"og:image:width\" content=\"240\" \/>\n\t<meta property=\"og:image:height\" content=\"240\" \/>\n\t<meta property=\"og:image:type\" content=\"image\/jpeg\" \/>\n<meta name=\"twitter:card\" content=\"summary_large_image\" \/>\n<meta name=\"twitter:site\" content=\"@sete_minutos\" \/>\n<meta name=\"twitter:label1\" content=\"Tempo estimado de leitura\" \/>\n\t<meta name=\"twitter:data1\" content=\"2 minutos\" \/>\n<script type=\"application\/ld+json\" class=\"yoast-schema-graph\">{\"@context\":\"https:\/\/schema.org\",\"@graph\":[{\"@type\":\"WebPage\",\"@id\":\"https:\/\/seteminutos.org\/blog\/edicoes\/evora\/\",\"url\":\"https:\/\/seteminutos.org\/blog\/edicoes\/evora\/\",\"name\":\"Sete Minutos | \u00c9vora\",\"isPartOf\":{\"@id\":\"https:\/\/seteminutos.org\/blog\/#website\"},\"primaryImageOfPage\":{\"@id\":\"https:\/\/seteminutos.org\/blog\/edicoes\/evora\/#primaryimage\"},\"image\":{\"@id\":\"https:\/\/seteminutos.org\/blog\/edicoes\/evora\/#primaryimage\"},\"thumbnailUrl\":\"https:\/\/i0.wp.com\/seteminutos.org\/blog\/wp-content\/uploads\/2021\/11\/evora-templo-romano.jpg?fit=240%2C240&ssl=1\",\"datePublished\":\"2016-02-24T21:51:00+00:00\",\"dateModified\":\"2021-11-14T14:36:19+00:00\",\"breadcrumb\":{\"@id\":\"https:\/\/seteminutos.org\/blog\/edicoes\/evora\/#breadcrumb\"},\"inLanguage\":\"pt-PT\",\"potentialAction\":[{\"@type\":\"ReadAction\",\"target\":[\"https:\/\/seteminutos.org\/blog\/edicoes\/evora\/\"]}]},{\"@type\":\"ImageObject\",\"inLanguage\":\"pt-PT\",\"@id\":\"https:\/\/seteminutos.org\/blog\/edicoes\/evora\/#primaryimage\",\"url\":\"https:\/\/i0.wp.com\/seteminutos.org\/blog\/wp-content\/uploads\/2021\/11\/evora-templo-romano.jpg?fit=240%2C240&ssl=1\",\"contentUrl\":\"https:\/\/i0.wp.com\/seteminutos.org\/blog\/wp-content\/uploads\/2021\/11\/evora-templo-romano.jpg?fit=240%2C240&ssl=1\",\"width\":240,\"height\":240,\"caption\":\"Templo Romano de \u00c9vora\"},{\"@type\":\"BreadcrumbList\",\"@id\":\"https:\/\/seteminutos.org\/blog\/edicoes\/evora\/#breadcrumb\",\"itemListElement\":[{\"@type\":\"ListItem\",\"position\":1,\"name\":\"In\u00edcio\",\"item\":\"https:\/\/seteminutos.org\/blog\/\"},{\"@type\":\"ListItem\",\"position\":2,\"name\":\"Edi\u00e7\u00f5es\",\"item\":\"https:\/\/seteminutos.org\/blog\/edicoes\/\"},{\"@type\":\"ListItem\",\"position\":3,\"name\":\"\u00c9vora\"}]},{\"@type\":\"WebSite\",\"@id\":\"https:\/\/seteminutos.org\/blog\/#website\",\"url\":\"https:\/\/seteminutos.org\/blog\/\",\"name\":\"Sete Minutos\",\"description\":\"Curiosidades, Humor e Informa\u00e7\u00e3o com Intelig\u00eancia\",\"publisher\":{\"@id\":\"https:\/\/seteminutos.org\/blog\/#organization\"},\"potentialAction\":[{\"@type\":\"SearchAction\",\"target\":{\"@type\":\"EntryPoint\",\"urlTemplate\":\"https:\/\/seteminutos.org\/blog\/?s={search_term_string}\"},\"query-input\":{\"@type\":\"PropertyValueSpecification\",\"valueRequired\":true,\"valueName\":\"search_term_string\"}}],\"inLanguage\":\"pt-PT\"},{\"@type\":\"Organization\",\"@id\":\"https:\/\/seteminutos.org\/blog\/#organization\",\"name\":\"Sete Minutos\",\"url\":\"https:\/\/seteminutos.org\/blog\/\",\"logo\":{\"@type\":\"ImageObject\",\"inLanguage\":\"pt-PT\",\"@id\":\"https:\/\/seteminutos.org\/blog\/#\/schema\/logo\/image\/\",\"url\":\"https:\/\/i0.wp.com\/seteminutos.org\/blog\/wp-content\/uploads\/2017\/06\/cropped-sm-logo-2017-2.jpg?fit=290%2C64&ssl=1\",\"contentUrl\":\"https:\/\/i0.wp.com\/seteminutos.org\/blog\/wp-content\/uploads\/2017\/06\/cropped-sm-logo-2017-2.jpg?fit=290%2C64&ssl=1\",\"width\":290,\"height\":64,\"caption\":\"Sete Minutos\"},\"image\":{\"@id\":\"https:\/\/seteminutos.org\/blog\/#\/schema\/logo\/image\/\"},\"sameAs\":[\"https:\/\/www.facebook.com\/seteminutos.oficial\",\"https:\/\/x.com\/sete_minutos\"]}]}<\/script>\n<!-- \/ Yoast SEO plugin. -->","yoast_head_json":{"title":"Sete Minutos | \u00c9vora","robots":{"index":"index","follow":"follow","max-snippet":"max-snippet:-1","max-image-preview":"max-image-preview:large","max-video-preview":"max-video-preview:-1"},"canonical":"https:\/\/seteminutos.org\/blog\/edicoes\/evora\/","og_locale":"pt_PT","og_type":"article","og_title":"Sete Minutos | \u00c9vora","og_url":"https:\/\/seteminutos.org\/blog\/edicoes\/evora\/","og_site_name":"Sete Minutos","article_publisher":"https:\/\/www.facebook.com\/seteminutos.oficial","article_modified_time":"2021-11-14T14:36:19+00:00","og_image":[{"width":240,"height":240,"url":"https:\/\/i0.wp.com\/seteminutos.pt\/blog\/wp-content\/uploads\/2021\/11\/evora-templo-romano.jpg?fit=240%2C240&ssl=1","type":"image\/jpeg"}],"twitter_card":"summary_large_image","twitter_site":"@sete_minutos","twitter_misc":{"Tempo estimado de leitura":"2 minutos"},"schema":{"@context":"https:\/\/schema.org","@graph":[{"@type":"WebPage","@id":"https:\/\/seteminutos.org\/blog\/edicoes\/evora\/","url":"https:\/\/seteminutos.org\/blog\/edicoes\/evora\/","name":"Sete Minutos | \u00c9vora","isPartOf":{"@id":"https:\/\/seteminutos.org\/blog\/#website"},"primaryImageOfPage":{"@id":"https:\/\/seteminutos.org\/blog\/edicoes\/evora\/#primaryimage"},"image":{"@id":"https:\/\/seteminutos.org\/blog\/edicoes\/evora\/#primaryimage"},"thumbnailUrl":"https:\/\/i0.wp.com\/seteminutos.org\/blog\/wp-content\/uploads\/2021\/11\/evora-templo-romano.jpg?fit=240%2C240&ssl=1","datePublished":"2016-02-24T21:51:00+00:00","dateModified":"2021-11-14T14:36:19+00:00","breadcrumb":{"@id":"https:\/\/seteminutos.org\/blog\/edicoes\/evora\/#breadcrumb"},"inLanguage":"pt-PT","potentialAction":[{"@type":"ReadAction","target":["https:\/\/seteminutos.org\/blog\/edicoes\/evora\/"]}]},{"@type":"ImageObject","inLanguage":"pt-PT","@id":"https:\/\/seteminutos.org\/blog\/edicoes\/evora\/#primaryimage","url":"https:\/\/i0.wp.com\/seteminutos.org\/blog\/wp-content\/uploads\/2021\/11\/evora-templo-romano.jpg?fit=240%2C240&ssl=1","contentUrl":"https:\/\/i0.wp.com\/seteminutos.org\/blog\/wp-content\/uploads\/2021\/11\/evora-templo-romano.jpg?fit=240%2C240&ssl=1","width":240,"height":240,"caption":"Templo Romano de \u00c9vora"},{"@type":"BreadcrumbList","@id":"https:\/\/seteminutos.org\/blog\/edicoes\/evora\/#breadcrumb","itemListElement":[{"@type":"ListItem","position":1,"name":"In\u00edcio","item":"https:\/\/seteminutos.org\/blog\/"},{"@type":"ListItem","position":2,"name":"Edi\u00e7\u00f5es","item":"https:\/\/seteminutos.org\/blog\/edicoes\/"},{"@type":"ListItem","position":3,"name":"\u00c9vora"}]},{"@type":"WebSite","@id":"https:\/\/seteminutos.org\/blog\/#website","url":"https:\/\/seteminutos.org\/blog\/","name":"Sete Minutos","description":"Curiosidades, Humor e Informa\u00e7\u00e3o com Intelig\u00eancia","publisher":{"@id":"https:\/\/seteminutos.org\/blog\/#organization"},"potentialAction":[{"@type":"SearchAction","target":{"@type":"EntryPoint","urlTemplate":"https:\/\/seteminutos.org\/blog\/?s={search_term_string}"},"query-input":{"@type":"PropertyValueSpecification","valueRequired":true,"valueName":"search_term_string"}}],"inLanguage":"pt-PT"},{"@type":"Organization","@id":"https:\/\/seteminutos.org\/blog\/#organization","name":"Sete Minutos","url":"https:\/\/seteminutos.org\/blog\/","logo":{"@type":"ImageObject","inLanguage":"pt-PT","@id":"https:\/\/seteminutos.org\/blog\/#\/schema\/logo\/image\/","url":"https:\/\/i0.wp.com\/seteminutos.org\/blog\/wp-content\/uploads\/2017\/06\/cropped-sm-logo-2017-2.jpg?fit=290%2C64&ssl=1","contentUrl":"https:\/\/i0.wp.com\/seteminutos.org\/blog\/wp-content\/uploads\/2017\/06\/cropped-sm-logo-2017-2.jpg?fit=290%2C64&ssl=1","width":290,"height":64,"caption":"Sete Minutos"},"image":{"@id":"https:\/\/seteminutos.org\/blog\/#\/schema\/logo\/image\/"},"sameAs":["https:\/\/www.facebook.com\/seteminutos.oficial","https:\/\/x.com\/sete_minutos"]}]}},"jetpack_sharing_enabled":true,"jetpack_likes_enabled":true,"_links":{"self":[{"href":"https:\/\/seteminutos.org\/blog\/wp-json\/wp\/v2\/pages\/1158","targetHints":{"allow":["GET"]}}],"collection":[{"href":"https:\/\/seteminutos.org\/blog\/wp-json\/wp\/v2\/pages"}],"about":[{"href":"https:\/\/seteminutos.org\/blog\/wp-json\/wp\/v2\/types\/page"}],"author":[{"embeddable":true,"href":"https:\/\/seteminutos.org\/blog\/wp-json\/wp\/v2\/users\/1"}],"replies":[{"embeddable":true,"href":"https:\/\/seteminutos.org\/blog\/wp-json\/wp\/v2\/comments?post=1158"}],"version-history":[{"count":5,"href":"https:\/\/seteminutos.org\/blog\/wp-json\/wp\/v2\/pages\/1158\/revisions"}],"predecessor-version":[{"id":9259,"href":"https:\/\/seteminutos.org\/blog\/wp-json\/wp\/v2\/pages\/1158\/revisions\/9259"}],"up":[{"embeddable":true,"href":"https:\/\/seteminutos.org\/blog\/wp-json\/wp\/v2\/pages\/1156"}],"wp:featuredmedia":[{"embeddable":true,"href":"https:\/\/seteminutos.org\/blog\/wp-json\/wp\/v2\/media\/9250"}],"wp:attachment":[{"href":"https:\/\/seteminutos.org\/blog\/wp-json\/wp\/v2\/media?parent=1158"}],"curies":[{"name":"wp","href":"https:\/\/api.w.org\/{rel}","templated":true}]}}