{"id":1315,"date":"2016-03-12T23:34:08","date_gmt":"2016-03-12T23:34:08","guid":{"rendered":"http:\/\/seteminutos.pt\/blog\/?page_id=1315"},"modified":"2021-11-14T13:53:24","modified_gmt":"2021-11-14T13:53:24","slug":"eletronica-evora","status":"publish","type":"page","link":"https:\/\/seteminutos.org\/blog\/edicoes\/evora\/eletronica-evora\/","title":{"rendered":"Eletr\u00f3nica"},"content":{"rendered":"\n<h4 class=\"wp-block-heading\" id=\"humor-e-curiosidades-para-ler-onde-quiser\"><strong><img data-recalc-dims=\"1\" loading=\"lazy\" decoding=\"async\" class=\"size-full wp-image-4405 alignleft\" src=\"https:\/\/i0.wp.com\/seteminutos.org\/blog\/wp-content\/uploads\/2021\/11\/sm-eletronico.jpg?resize=240%2C240&#038;ssl=1\" alt=\"Sete Minutos Eletr\u00f3nico\" width=\"240\" height=\"240\">Humor e curiosidades para ler onde quiser<\/strong><\/h4>\n\n\n\n<p>Para o Sete Minutos n\u00e3o basta inovar, vamos mais al\u00e9m, criando produtos verdadeiramente exclusivos e a pre\u00e7os sem concorr\u00eancia&#8230;<br>Aproveitando o crescimento cada vez maior dos formatos on-line e tendo em conta as restri\u00e7\u00f5es provocadas pela COVID-19, criamos a Edi\u00e7\u00e3o Eletr\u00f3nica do Sete Minutos em \u00c9vora, lan\u00e7ada em 5 de outubro de 2020. Esta \u00e9 uma edi\u00e7\u00e3o em formato PDF enviada todas as semanas, \u00e0 segunda-feira, por e-mail para os nossos subscritores de \u00c9vora, disponibilizada tamb\u00e9m no nosso site, no <a href=\"https:\/\/www.facebook.com\/seteminutos\/\" target=\"_blank\" rel=\"noopener noreferrer\">Facebook<\/a>, <a href=\"https:\/\/www.instagram.com\/seteminutos.oficial\/\" target=\"_blank\" rel=\"noopener noreferrer\">Instagram<\/a>, <a href=\"https:\/\/api.whatsapp.com\/send?phone=351962400244&amp;text=Ol%C3%A1,%20tenho%20interesse%20em%20anunciar%20na%20edi%C3%A7%C3%A3o%20eletr%C3%B3nica%20do%20Sete%20Minutos%20%C3%89vora.\" target=\"_blank\" rel=\"noopener noreferrer\">WhatsApp<\/a>, <a href=\"https:\/\/t.me\/seteminutos\" target=\"_blank\" rel=\"noopener noreferrer\">Telegram<\/a>, <a href=\"https:\/\/twitter.com\/sete_minutos\" target=\"_blank\" rel=\"noopener noreferrer\">Twitter<\/a>, <a href=\"https:\/\/issuu.com\/seteminutos\" target=\"_blank\" rel=\"noopener noreferrer\">Issuu<\/a> e atrav\u00e9s de QR-Code em cartazes colocados nos principais estabelecimentos comerciais e institui\u00e7\u00f5es da cidade.<br>A edi\u00e7\u00e3o eletr\u00f3nica tem os mesmos conte\u00fados que a vers\u00e3o impressa, mas \u00e9 totalmente colorida. Os anunciantes podem alterar o anuncio sempre que desejarem sem qualquer custo adicional. O valor dos an\u00fancios \u00e9 incrivelmente baixo porque com esta edi\u00e7\u00e3o n\u00e3o h\u00e1 custos com papel e distribui\u00e7\u00e3o e as faturas s\u00e3o enviadas tamb\u00e9m de forma eletr\u00f3nica.<br>Realmente o Sete Minutos \u00e9 cada vez mais, a melhor forma de anunciar, acess\u00edvel a todos. Se possu\u00ed uma empresa ou \u00e9 prestador de algum servi\u00e7o, n\u00e3o espere&nbsp; mais, adquira o seu espa\u00e7o e garanta o melhor destaque a partir de 7 euros por m\u00eas.<br>Para anunciar nesta edi\u00e7\u00e3o entre em contato conosco ou adquira diretamente na nossa <a href=\"https:\/\/seteminutos.pt\/loja\/\" target=\"_blank\" rel=\"noopener noreferrer\">loja<\/a>.<\/p>\n\n\n\n<p>Se deseja subscrever* gratuitamente o <strong>Sete Minutos Eletr\u00f3nico \u00c9vora<\/strong>, basta preencher <a href=\"http:\/\/www.seteminutos.pt\/pdf\/evora\/\" target=\"_blank\" rel=\"noopener noreferrer\">formul\u00e1rio de subscri\u00e7\u00e3o<\/a>.<\/p>\n\n\n\n<p>Se preferir, tamb\u00e9m pode ter acesso \u00e0 \u00faltima edi\u00e7\u00e3o <strong><a href=\"https:\/\/seteminutos.pt\/pdf\/eletronico-evora.pdf\" target=\"_blank\" rel=\"noreferrer noopener\">aqui<\/a><\/strong> ou a todo o arquivo de edi\u00e7\u00f5es <strong><a href=\"https:\/\/drive.google.com\/drive\/folders\/1SgRUZXSDGfh8nLJFvL2KfDDp17u4Kuo_?usp=sharing\" target=\"_blank\" rel=\"noreferrer noopener\">aqui<\/a><\/strong>.<\/p>\n\n\n\n<p><em>* Esta subscri\u00e7\u00e3o \u00e9 v\u00e1lida apenas para a edi\u00e7\u00e3o o <strong>Eletr\u00f3nica do Sete Minutos \u00c9vora<\/strong>\u00a0e nenhuma outra mensagem ser\u00e1 enviada para o endere\u00e7o cadastrado, bem como os seus dados n\u00e3o ser\u00e3o fornecidos a terceiros. Fique a saber mais sobre a nossa <a href=\"https:\/\/seteminutos.org\/blog\/privacidade\/\" target=\"_blank\" rel=\"noreferrer noopener\">Politica de Privacidade<\/a>.<\/em><\/p>\n\n\n\n<p>Informa\u00e7\u00e3o atualizada em&nbsp;<strong>14 de novembro de 2021<\/strong>.<\/p>\n","protected":false},"excerpt":{"rendered":"<p>Humor e curiosidades para ler onde quiser Para o Sete Minutos n\u00e3o basta inovar, vamos mais al\u00e9m, criando produtos verdadeiramente exclusivos e a pre\u00e7os sem concorr\u00eancia&#8230;Aproveitando o crescimento cada vez maior dos formatos on-line e tendo em conta as restri\u00e7\u00f5es provocadas pela COVID-19, criamos a Edi\u00e7\u00e3o Eletr\u00f3nica do Sete Minutos em \u00c9vora, lan\u00e7ada em 5 de outubro de 2020. Esta \u00e9 uma edi\u00e7\u00e3o em formato PDF enviada todas as semanas, \u00e0 segunda-feira, por e-mail para os nossos subscritores de \u00c9vora, disponibilizada tamb\u00e9m no nosso site, no Facebook, Instagram, WhatsApp, Telegram,&hellip;<\/p>\n","protected":false},"author":1,"featured_media":9178,"parent":1158,"menu_order":4,"comment_status":"closed","ping_status":"closed","template":"","meta":{"footnotes":""},"class_list":["post-1315","page","type-page","status-publish","has-post-thumbnail","hentry"],"yoast_head":"<!-- This site is optimized with the Yoast SEO plugin v26.0 - https:\/\/yoast.com\/wordpress\/plugins\/seo\/ -->\n<title>Sete Minutos | Eletr\u00f3nica<\/title>\n<meta name=\"robots\" content=\"index, follow, max-snippet:-1, max-image-preview:large, max-video-preview:-1\" \/>\n<link rel=\"canonical\" href=\"https:\/\/seteminutos.org\/blog\/edicoes\/evora\/eletronica-evora\/\" \/>\n<meta property=\"og:locale\" content=\"pt_PT\" \/>\n<meta property=\"og:type\" content=\"article\" \/>\n<meta property=\"og:title\" content=\"Sete Minutos | Eletr\u00f3nica\" \/>\n<meta property=\"og:url\" content=\"https:\/\/seteminutos.org\/blog\/edicoes\/evora\/eletronica-evora\/\" \/>\n<meta property=\"og:site_name\" content=\"Sete Minutos\" \/>\n<meta property=\"article:publisher\" content=\"https:\/\/www.facebook.com\/seteminutos.oficial\" \/>\n<meta property=\"article:modified_time\" content=\"2021-11-14T13:53:24+00:00\" \/>\n<meta property=\"og:image\" content=\"https:\/\/i1.wp.com\/seteminutos.pt\/blog\/wp-content\/uploads\/2021\/11\/sm-eletronico.jpg?fit=240%2C240&ssl=1\" \/>\n\t<meta property=\"og:image:width\" content=\"240\" \/>\n\t<meta property=\"og:image:height\" content=\"240\" \/>\n\t<meta property=\"og:image:type\" content=\"image\/jpeg\" \/>\n<meta name=\"twitter:card\" content=\"summary_large_image\" \/>\n<meta name=\"twitter:site\" content=\"@sete_minutos\" \/>\n<meta name=\"twitter:label1\" content=\"Tempo estimado de leitura\" \/>\n\t<meta name=\"twitter:data1\" content=\"2 minutos\" \/>\n<script type=\"application\/ld+json\" class=\"yoast-schema-graph\">{\"@context\":\"https:\/\/schema.org\",\"@graph\":[{\"@type\":\"WebPage\",\"@id\":\"https:\/\/seteminutos.org\/blog\/edicoes\/evora\/eletronica-evora\/\",\"url\":\"https:\/\/seteminutos.org\/blog\/edicoes\/evora\/eletronica-evora\/\",\"name\":\"Sete Minutos | Eletr\u00f3nica\",\"isPartOf\":{\"@id\":\"https:\/\/seteminutos.org\/blog\/#website\"},\"primaryImageOfPage\":{\"@id\":\"https:\/\/seteminutos.org\/blog\/edicoes\/evora\/eletronica-evora\/#primaryimage\"},\"image\":{\"@id\":\"https:\/\/seteminutos.org\/blog\/edicoes\/evora\/eletronica-evora\/#primaryimage\"},\"thumbnailUrl\":\"https:\/\/i0.wp.com\/seteminutos.org\/blog\/wp-content\/uploads\/2021\/11\/sm-eletronico.jpg?fit=240%2C240&ssl=1\",\"datePublished\":\"2016-03-12T23:34:08+00:00\",\"dateModified\":\"2021-11-14T13:53:24+00:00\",\"breadcrumb\":{\"@id\":\"https:\/\/seteminutos.org\/blog\/edicoes\/evora\/eletronica-evora\/#breadcrumb\"},\"inLanguage\":\"pt-PT\",\"potentialAction\":[{\"@type\":\"ReadAction\",\"target\":[\"https:\/\/seteminutos.org\/blog\/edicoes\/evora\/eletronica-evora\/\"]}]},{\"@type\":\"ImageObject\",\"inLanguage\":\"pt-PT\",\"@id\":\"https:\/\/seteminutos.org\/blog\/edicoes\/evora\/eletronica-evora\/#primaryimage\",\"url\":\"https:\/\/i0.wp.com\/seteminutos.org\/blog\/wp-content\/uploads\/2021\/11\/sm-eletronico.jpg?fit=240%2C240&ssl=1\",\"contentUrl\":\"https:\/\/i0.wp.com\/seteminutos.org\/blog\/wp-content\/uploads\/2021\/11\/sm-eletronico.jpg?fit=240%2C240&ssl=1\",\"width\":240,\"height\":240,\"caption\":\"Sete Minutos Eletr\u00f3nico\"},{\"@type\":\"BreadcrumbList\",\"@id\":\"https:\/\/seteminutos.org\/blog\/edicoes\/evora\/eletronica-evora\/#breadcrumb\",\"itemListElement\":[{\"@type\":\"ListItem\",\"position\":1,\"name\":\"In\u00edcio\",\"item\":\"https:\/\/seteminutos.org\/blog\/\"},{\"@type\":\"ListItem\",\"position\":2,\"name\":\"Edi\u00e7\u00f5es\",\"item\":\"https:\/\/seteminutos.org\/blog\/edicoes\/\"},{\"@type\":\"ListItem\",\"position\":3,\"name\":\"\u00c9vora\",\"item\":\"https:\/\/seteminutos.org\/blog\/edicoes\/evora\/\"},{\"@type\":\"ListItem\",\"position\":4,\"name\":\"Eletr\u00f3nica\"}]},{\"@type\":\"WebSite\",\"@id\":\"https:\/\/seteminutos.org\/blog\/#website\",\"url\":\"https:\/\/seteminutos.org\/blog\/\",\"name\":\"Sete Minutos\",\"description\":\"Curiosidades, Humor e Informa\u00e7\u00e3o com Intelig\u00eancia\",\"publisher\":{\"@id\":\"https:\/\/seteminutos.org\/blog\/#organization\"},\"potentialAction\":[{\"@type\":\"SearchAction\",\"target\":{\"@type\":\"EntryPoint\",\"urlTemplate\":\"https:\/\/seteminutos.org\/blog\/?s={search_term_string}\"},\"query-input\":{\"@type\":\"PropertyValueSpecification\",\"valueRequired\":true,\"valueName\":\"search_term_string\"}}],\"inLanguage\":\"pt-PT\"},{\"@type\":\"Organization\",\"@id\":\"https:\/\/seteminutos.org\/blog\/#organization\",\"name\":\"Sete Minutos\",\"url\":\"https:\/\/seteminutos.org\/blog\/\",\"logo\":{\"@type\":\"ImageObject\",\"inLanguage\":\"pt-PT\",\"@id\":\"https:\/\/seteminutos.org\/blog\/#\/schema\/logo\/image\/\",\"url\":\"https:\/\/i0.wp.com\/seteminutos.org\/blog\/wp-content\/uploads\/2017\/06\/cropped-sm-logo-2017-2.jpg?fit=290%2C64&ssl=1\",\"contentUrl\":\"https:\/\/i0.wp.com\/seteminutos.org\/blog\/wp-content\/uploads\/2017\/06\/cropped-sm-logo-2017-2.jpg?fit=290%2C64&ssl=1\",\"width\":290,\"height\":64,\"caption\":\"Sete Minutos\"},\"image\":{\"@id\":\"https:\/\/seteminutos.org\/blog\/#\/schema\/logo\/image\/\"},\"sameAs\":[\"https:\/\/www.facebook.com\/seteminutos.oficial\",\"https:\/\/x.com\/sete_minutos\"]}]}<\/script>\n<!-- \/ Yoast SEO plugin. -->","yoast_head_json":{"title":"Sete Minutos | Eletr\u00f3nica","robots":{"index":"index","follow":"follow","max-snippet":"max-snippet:-1","max-image-preview":"max-image-preview:large","max-video-preview":"max-video-preview:-1"},"canonical":"https:\/\/seteminutos.org\/blog\/edicoes\/evora\/eletronica-evora\/","og_locale":"pt_PT","og_type":"article","og_title":"Sete Minutos | Eletr\u00f3nica","og_url":"https:\/\/seteminutos.org\/blog\/edicoes\/evora\/eletronica-evora\/","og_site_name":"Sete Minutos","article_publisher":"https:\/\/www.facebook.com\/seteminutos.oficial","article_modified_time":"2021-11-14T13:53:24+00:00","og_image":[{"width":240,"height":240,"url":"https:\/\/i1.wp.com\/seteminutos.pt\/blog\/wp-content\/uploads\/2021\/11\/sm-eletronico.jpg?fit=240%2C240&ssl=1","type":"image\/jpeg"}],"twitter_card":"summary_large_image","twitter_site":"@sete_minutos","twitter_misc":{"Tempo estimado de leitura":"2 minutos"},"schema":{"@context":"https:\/\/schema.org","@graph":[{"@type":"WebPage","@id":"https:\/\/seteminutos.org\/blog\/edicoes\/evora\/eletronica-evora\/","url":"https:\/\/seteminutos.org\/blog\/edicoes\/evora\/eletronica-evora\/","name":"Sete Minutos | Eletr\u00f3nica","isPartOf":{"@id":"https:\/\/seteminutos.org\/blog\/#website"},"primaryImageOfPage":{"@id":"https:\/\/seteminutos.org\/blog\/edicoes\/evora\/eletronica-evora\/#primaryimage"},"image":{"@id":"https:\/\/seteminutos.org\/blog\/edicoes\/evora\/eletronica-evora\/#primaryimage"},"thumbnailUrl":"https:\/\/i0.wp.com\/seteminutos.org\/blog\/wp-content\/uploads\/2021\/11\/sm-eletronico.jpg?fit=240%2C240&ssl=1","datePublished":"2016-03-12T23:34:08+00:00","dateModified":"2021-11-14T13:53:24+00:00","breadcrumb":{"@id":"https:\/\/seteminutos.org\/blog\/edicoes\/evora\/eletronica-evora\/#breadcrumb"},"inLanguage":"pt-PT","potentialAction":[{"@type":"ReadAction","target":["https:\/\/seteminutos.org\/blog\/edicoes\/evora\/eletronica-evora\/"]}]},{"@type":"ImageObject","inLanguage":"pt-PT","@id":"https:\/\/seteminutos.org\/blog\/edicoes\/evora\/eletronica-evora\/#primaryimage","url":"https:\/\/i0.wp.com\/seteminutos.org\/blog\/wp-content\/uploads\/2021\/11\/sm-eletronico.jpg?fit=240%2C240&ssl=1","contentUrl":"https:\/\/i0.wp.com\/seteminutos.org\/blog\/wp-content\/uploads\/2021\/11\/sm-eletronico.jpg?fit=240%2C240&ssl=1","width":240,"height":240,"caption":"Sete Minutos Eletr\u00f3nico"},{"@type":"BreadcrumbList","@id":"https:\/\/seteminutos.org\/blog\/edicoes\/evora\/eletronica-evora\/#breadcrumb","itemListElement":[{"@type":"ListItem","position":1,"name":"In\u00edcio","item":"https:\/\/seteminutos.org\/blog\/"},{"@type":"ListItem","position":2,"name":"Edi\u00e7\u00f5es","item":"https:\/\/seteminutos.org\/blog\/edicoes\/"},{"@type":"ListItem","position":3,"name":"\u00c9vora","item":"https:\/\/seteminutos.org\/blog\/edicoes\/evora\/"},{"@type":"ListItem","position":4,"name":"Eletr\u00f3nica"}]},{"@type":"WebSite","@id":"https:\/\/seteminutos.org\/blog\/#website","url":"https:\/\/seteminutos.org\/blog\/","name":"Sete Minutos","description":"Curiosidades, Humor e Informa\u00e7\u00e3o com Intelig\u00eancia","publisher":{"@id":"https:\/\/seteminutos.org\/blog\/#organization"},"potentialAction":[{"@type":"SearchAction","target":{"@type":"EntryPoint","urlTemplate":"https:\/\/seteminutos.org\/blog\/?s={search_term_string}"},"query-input":{"@type":"PropertyValueSpecification","valueRequired":true,"valueName":"search_term_string"}}],"inLanguage":"pt-PT"},{"@type":"Organization","@id":"https:\/\/seteminutos.org\/blog\/#organization","name":"Sete Minutos","url":"https:\/\/seteminutos.org\/blog\/","logo":{"@type":"ImageObject","inLanguage":"pt-PT","@id":"https:\/\/seteminutos.org\/blog\/#\/schema\/logo\/image\/","url":"https:\/\/i0.wp.com\/seteminutos.org\/blog\/wp-content\/uploads\/2017\/06\/cropped-sm-logo-2017-2.jpg?fit=290%2C64&ssl=1","contentUrl":"https:\/\/i0.wp.com\/seteminutos.org\/blog\/wp-content\/uploads\/2017\/06\/cropped-sm-logo-2017-2.jpg?fit=290%2C64&ssl=1","width":290,"height":64,"caption":"Sete Minutos"},"image":{"@id":"https:\/\/seteminutos.org\/blog\/#\/schema\/logo\/image\/"},"sameAs":["https:\/\/www.facebook.com\/seteminutos.oficial","https:\/\/x.com\/sete_minutos"]}]}},"jetpack_sharing_enabled":true,"jetpack_likes_enabled":true,"_links":{"self":[{"href":"https:\/\/seteminutos.org\/blog\/wp-json\/wp\/v2\/pages\/1315","targetHints":{"allow":["GET"]}}],"collection":[{"href":"https:\/\/seteminutos.org\/blog\/wp-json\/wp\/v2\/pages"}],"about":[{"href":"https:\/\/seteminutos.org\/blog\/wp-json\/wp\/v2\/types\/page"}],"author":[{"embeddable":true,"href":"https:\/\/seteminutos.org\/blog\/wp-json\/wp\/v2\/users\/1"}],"replies":[{"embeddable":true,"href":"https:\/\/seteminutos.org\/blog\/wp-json\/wp\/v2\/comments?post=1315"}],"version-history":[{"count":14,"href":"https:\/\/seteminutos.org\/blog\/wp-json\/wp\/v2\/pages\/1315\/revisions"}],"predecessor-version":[{"id":9248,"href":"https:\/\/seteminutos.org\/blog\/wp-json\/wp\/v2\/pages\/1315\/revisions\/9248"}],"up":[{"embeddable":true,"href":"https:\/\/seteminutos.org\/blog\/wp-json\/wp\/v2\/pages\/1158"}],"wp:featuredmedia":[{"embeddable":true,"href":"https:\/\/seteminutos.org\/blog\/wp-json\/wp\/v2\/media\/9178"}],"wp:attachment":[{"href":"https:\/\/seteminutos.org\/blog\/wp-json\/wp\/v2\/media?parent=1315"}],"curies":[{"name":"wp","href":"https:\/\/api.w.org\/{rel}","templated":true}]}}