{"id":2,"date":"2010-07-16T08:03:49","date_gmt":"2010-07-16T12:03:49","guid":{"rendered":"http:\/\/seteminutos.pt\/blog\/?page_id=2"},"modified":"2019-04-05T13:51:52","modified_gmt":"2019-04-05T13:51:52","slug":"sobre-nos","status":"publish","type":"page","link":"https:\/\/seteminutos.org\/blog\/sobre-nos\/","title":{"rendered":"Sobre n\u00f3s"},"content":{"rendered":"<p><strong>Vis\u00e3o<\/strong><\/p>\n<p>Pretendemos colocar na sua cidade um jornal atrativo e de conte\u00fados interessantes mas com um baixo custo de produ\u00e7\u00e3o, para poder comercializar os espa\u00e7os publicit\u00e1rios a um pre\u00e7o inigual\u00e1vel e com uma elevada rentabilidade, gra\u00e7as \u00e0\u00a0posi\u00e7\u00e3o estrat\u00e9gica onde s\u00e3o inseridos.<\/p>\n<p><strong>Miss\u00e3o<\/strong><\/p>\n<p>Produzir conte\u00fados interessantes, disponibilizar an\u00fancios a pre\u00e7os econ\u00f3micos e ser uma possibilidade acess\u00edvel de neg\u00f3cio para empreendedores.<\/p>\n<p><strong>Valores<\/strong><\/p>\n<p>Respeito, \u00e9tica, diversidade, harmonia, moral e responsabilidade social.<\/p>\n<p><strong>Hist\u00f3ria<\/strong><\/p>\n<p>O Sete Minutos foi lan\u00e7ado em \u00c9vora no dia 23 de Junho de 2010, fazendo coincidir o seu lan\u00e7amento como o in\u00edcio da Feira de S. Jo\u00e3o, dedicando ao certame uma edi\u00e7\u00e3o especial di\u00e1ria, distribu\u00edda em m\u00e3o durante os 12 dias da Feira. O resultado superou as nossas melhores expectativas. No dia 1 de Setembro lan\u00e7amos a edi\u00e7\u00e3o regular da cidade de \u00c9vora, com uma periodicidade semanal. O Sete Minutos \u00c9vora esteve em pleno funcionamento at\u00e9 29 de Janeiro de 2013, quando por raz\u00f5es estrat\u00e9gicas decidiu suspender a edi\u00e7\u00e3o impressa. Durante esse per\u00edodo promoveu ainda edi\u00e7\u00f5es especiais dedicadas \u00e0s freguesias de Canaviais, Bacelo e \u00e0 Expomora em 2010, bem como edi\u00e7\u00f5es especiais di\u00e1rias em 2011 e 2012 na Feira de S\u00e3o Jo\u00e3o. Ap\u00f3s dois anos e meio de aus\u00eancia da vers\u00e3o impressa, o Sete Minutos regressou com uma edi\u00e7\u00e3o especial na Feira de S\u00e3o Jo\u00e3o de 2015 em \u00c9vora, voltando tamb\u00e9m a estar presente na cidade semanalmente a partir de 17 de Novembro do mesmo ano. E se tem esp\u00edrito empreendedor, o Sete Minutos pode ser uma excelente solu\u00e7\u00e3o para a crise\u00a0atrav\u00e9s do sistema de\u00a0<a href=\"https:\/\/seteminutos.org\/blog\/franquia\">franquia Sete Minutos<\/a>.<\/p>\n","protected":false},"excerpt":{"rendered":"<p>Vis\u00e3o Pretendemos colocar na sua cidade um jornal atrativo e de conte\u00fados interessantes mas com um baixo custo de produ\u00e7\u00e3o, para poder comercializar os espa\u00e7os publicit\u00e1rios a um pre\u00e7o inigual\u00e1vel e com uma elevada rentabilidade, gra\u00e7as \u00e0\u00a0posi\u00e7\u00e3o estrat\u00e9gica onde s\u00e3o inseridos. Miss\u00e3o Produzir conte\u00fados interessantes, disponibilizar an\u00fancios a pre\u00e7os econ\u00f3micos e ser uma possibilidade acess\u00edvel de neg\u00f3cio para empreendedores. Valores Respeito, \u00e9tica, diversidade, harmonia, moral e responsabilidade social. Hist\u00f3ria O Sete Minutos foi lan\u00e7ado em \u00c9vora no dia 23 de Junho de 2010, fazendo coincidir o seu lan\u00e7amento como o&hellip;<\/p>\n","protected":false},"author":1,"featured_media":0,"parent":0,"menu_order":0,"comment_status":"closed","ping_status":"open","template":"","meta":{"footnotes":""},"class_list":["post-2","page","type-page","status-publish","hentry"],"yoast_head":"<!-- This site is optimized with the Yoast SEO plugin v26.0 - https:\/\/yoast.com\/wordpress\/plugins\/seo\/ -->\n<title>Sete Minutos | Sobre n\u00f3s<\/title>\n<meta name=\"description\" content=\"Fique a conhecer um pouco sobre n\u00f3s, nomeadamente a nossa vis\u00e3o, valores, miss\u00e3o e um resumo da nossa hist\u00f3ria.\u00a0\" \/>\n<meta name=\"robots\" content=\"index, follow, max-snippet:-1, max-image-preview:large, max-video-preview:-1\" \/>\n<link rel=\"canonical\" href=\"https:\/\/seteminutos.org\/blog\/sobre-nos\/\" \/>\n<meta property=\"og:locale\" content=\"pt_PT\" \/>\n<meta property=\"og:type\" content=\"article\" \/>\n<meta property=\"og:title\" content=\"Sete Minutos | Sobre n\u00f3s\" \/>\n<meta property=\"og:description\" content=\"Fique a conhecer um pouco sobre n\u00f3s, nomeadamente a nossa vis\u00e3o, valores, miss\u00e3o e um resumo da nossa hist\u00f3ria.\u00a0\" \/>\n<meta property=\"og:url\" content=\"https:\/\/seteminutos.org\/blog\/sobre-nos\/\" \/>\n<meta property=\"og:site_name\" content=\"Sete Minutos\" \/>\n<meta property=\"article:publisher\" content=\"https:\/\/www.facebook.com\/seteminutos.oficial\" \/>\n<meta property=\"article:modified_time\" content=\"2019-04-05T13:51:52+00:00\" \/>\n<meta name=\"twitter:card\" content=\"summary_large_image\" \/>\n<meta name=\"twitter:site\" content=\"@sete_minutos\" \/>\n<meta name=\"twitter:label1\" content=\"Tempo estimado de leitura\" \/>\n\t<meta name=\"twitter:data1\" content=\"1 minuto\" \/>\n<script type=\"application\/ld+json\" class=\"yoast-schema-graph\">{\"@context\":\"https:\/\/schema.org\",\"@graph\":[{\"@type\":\"WebPage\",\"@id\":\"https:\/\/seteminutos.org\/blog\/sobre-nos\/\",\"url\":\"https:\/\/seteminutos.org\/blog\/sobre-nos\/\",\"name\":\"Sete Minutos | Sobre n\u00f3s\",\"isPartOf\":{\"@id\":\"https:\/\/seteminutos.org\/blog\/#website\"},\"datePublished\":\"2010-07-16T12:03:49+00:00\",\"dateModified\":\"2019-04-05T13:51:52+00:00\",\"description\":\"Fique a conhecer um pouco sobre n\u00f3s, nomeadamente a nossa vis\u00e3o, valores, miss\u00e3o e um resumo da nossa hist\u00f3ria.\u00a0\",\"breadcrumb\":{\"@id\":\"https:\/\/seteminutos.org\/blog\/sobre-nos\/#breadcrumb\"},\"inLanguage\":\"pt-PT\",\"potentialAction\":[{\"@type\":\"ReadAction\",\"target\":[\"https:\/\/seteminutos.org\/blog\/sobre-nos\/\"]}]},{\"@type\":\"BreadcrumbList\",\"@id\":\"https:\/\/seteminutos.org\/blog\/sobre-nos\/#breadcrumb\",\"itemListElement\":[{\"@type\":\"ListItem\",\"position\":1,\"name\":\"In\u00edcio\",\"item\":\"https:\/\/seteminutos.org\/blog\/\"},{\"@type\":\"ListItem\",\"position\":2,\"name\":\"Sobre n\u00f3s\"}]},{\"@type\":\"WebSite\",\"@id\":\"https:\/\/seteminutos.org\/blog\/#website\",\"url\":\"https:\/\/seteminutos.org\/blog\/\",\"name\":\"Sete Minutos\",\"description\":\"Curiosidades, Humor e Informa\u00e7\u00e3o com Intelig\u00eancia\",\"publisher\":{\"@id\":\"https:\/\/seteminutos.org\/blog\/#organization\"},\"potentialAction\":[{\"@type\":\"SearchAction\",\"target\":{\"@type\":\"EntryPoint\",\"urlTemplate\":\"https:\/\/seteminutos.org\/blog\/?s={search_term_string}\"},\"query-input\":{\"@type\":\"PropertyValueSpecification\",\"valueRequired\":true,\"valueName\":\"search_term_string\"}}],\"inLanguage\":\"pt-PT\"},{\"@type\":\"Organization\",\"@id\":\"https:\/\/seteminutos.org\/blog\/#organization\",\"name\":\"Sete Minutos\",\"url\":\"https:\/\/seteminutos.org\/blog\/\",\"logo\":{\"@type\":\"ImageObject\",\"inLanguage\":\"pt-PT\",\"@id\":\"https:\/\/seteminutos.org\/blog\/#\/schema\/logo\/image\/\",\"url\":\"https:\/\/i0.wp.com\/seteminutos.org\/blog\/wp-content\/uploads\/2017\/06\/cropped-sm-logo-2017-2.jpg?fit=290%2C64&ssl=1\",\"contentUrl\":\"https:\/\/i0.wp.com\/seteminutos.org\/blog\/wp-content\/uploads\/2017\/06\/cropped-sm-logo-2017-2.jpg?fit=290%2C64&ssl=1\",\"width\":290,\"height\":64,\"caption\":\"Sete Minutos\"},\"image\":{\"@id\":\"https:\/\/seteminutos.org\/blog\/#\/schema\/logo\/image\/\"},\"sameAs\":[\"https:\/\/www.facebook.com\/seteminutos.oficial\",\"https:\/\/x.com\/sete_minutos\"]}]}<\/script>\n<!-- \/ Yoast SEO plugin. -->","yoast_head_json":{"title":"Sete Minutos | Sobre n\u00f3s","description":"Fique a conhecer um pouco sobre n\u00f3s, nomeadamente a nossa vis\u00e3o, valores, miss\u00e3o e um resumo da nossa hist\u00f3ria.\u00a0","robots":{"index":"index","follow":"follow","max-snippet":"max-snippet:-1","max-image-preview":"max-image-preview:large","max-video-preview":"max-video-preview:-1"},"canonical":"https:\/\/seteminutos.org\/blog\/sobre-nos\/","og_locale":"pt_PT","og_type":"article","og_title":"Sete Minutos | Sobre n\u00f3s","og_description":"Fique a conhecer um pouco sobre n\u00f3s, nomeadamente a nossa vis\u00e3o, valores, miss\u00e3o e um resumo da nossa hist\u00f3ria.\u00a0","og_url":"https:\/\/seteminutos.org\/blog\/sobre-nos\/","og_site_name":"Sete Minutos","article_publisher":"https:\/\/www.facebook.com\/seteminutos.oficial","article_modified_time":"2019-04-05T13:51:52+00:00","twitter_card":"summary_large_image","twitter_site":"@sete_minutos","twitter_misc":{"Tempo estimado de leitura":"1 minuto"},"schema":{"@context":"https:\/\/schema.org","@graph":[{"@type":"WebPage","@id":"https:\/\/seteminutos.org\/blog\/sobre-nos\/","url":"https:\/\/seteminutos.org\/blog\/sobre-nos\/","name":"Sete Minutos | Sobre n\u00f3s","isPartOf":{"@id":"https:\/\/seteminutos.org\/blog\/#website"},"datePublished":"2010-07-16T12:03:49+00:00","dateModified":"2019-04-05T13:51:52+00:00","description":"Fique a conhecer um pouco sobre n\u00f3s, nomeadamente a nossa vis\u00e3o, valores, miss\u00e3o e um resumo da nossa hist\u00f3ria.\u00a0","breadcrumb":{"@id":"https:\/\/seteminutos.org\/blog\/sobre-nos\/#breadcrumb"},"inLanguage":"pt-PT","potentialAction":[{"@type":"ReadAction","target":["https:\/\/seteminutos.org\/blog\/sobre-nos\/"]}]},{"@type":"BreadcrumbList","@id":"https:\/\/seteminutos.org\/blog\/sobre-nos\/#breadcrumb","itemListElement":[{"@type":"ListItem","position":1,"name":"In\u00edcio","item":"https:\/\/seteminutos.org\/blog\/"},{"@type":"ListItem","position":2,"name":"Sobre n\u00f3s"}]},{"@type":"WebSite","@id":"https:\/\/seteminutos.org\/blog\/#website","url":"https:\/\/seteminutos.org\/blog\/","name":"Sete Minutos","description":"Curiosidades, Humor e Informa\u00e7\u00e3o com Intelig\u00eancia","publisher":{"@id":"https:\/\/seteminutos.org\/blog\/#organization"},"potentialAction":[{"@type":"SearchAction","target":{"@type":"EntryPoint","urlTemplate":"https:\/\/seteminutos.org\/blog\/?s={search_term_string}"},"query-input":{"@type":"PropertyValueSpecification","valueRequired":true,"valueName":"search_term_string"}}],"inLanguage":"pt-PT"},{"@type":"Organization","@id":"https:\/\/seteminutos.org\/blog\/#organization","name":"Sete Minutos","url":"https:\/\/seteminutos.org\/blog\/","logo":{"@type":"ImageObject","inLanguage":"pt-PT","@id":"https:\/\/seteminutos.org\/blog\/#\/schema\/logo\/image\/","url":"https:\/\/i0.wp.com\/seteminutos.org\/blog\/wp-content\/uploads\/2017\/06\/cropped-sm-logo-2017-2.jpg?fit=290%2C64&ssl=1","contentUrl":"https:\/\/i0.wp.com\/seteminutos.org\/blog\/wp-content\/uploads\/2017\/06\/cropped-sm-logo-2017-2.jpg?fit=290%2C64&ssl=1","width":290,"height":64,"caption":"Sete Minutos"},"image":{"@id":"https:\/\/seteminutos.org\/blog\/#\/schema\/logo\/image\/"},"sameAs":["https:\/\/www.facebook.com\/seteminutos.oficial","https:\/\/x.com\/sete_minutos"]}]}},"jetpack_sharing_enabled":true,"jetpack_likes_enabled":true,"_links":{"self":[{"href":"https:\/\/seteminutos.org\/blog\/wp-json\/wp\/v2\/pages\/2","targetHints":{"allow":["GET"]}}],"collection":[{"href":"https:\/\/seteminutos.org\/blog\/wp-json\/wp\/v2\/pages"}],"about":[{"href":"https:\/\/seteminutos.org\/blog\/wp-json\/wp\/v2\/types\/page"}],"author":[{"embeddable":true,"href":"https:\/\/seteminutos.org\/blog\/wp-json\/wp\/v2\/users\/1"}],"replies":[{"embeddable":true,"href":"https:\/\/seteminutos.org\/blog\/wp-json\/wp\/v2\/comments?post=2"}],"version-history":[{"count":4,"href":"https:\/\/seteminutos.org\/blog\/wp-json\/wp\/v2\/pages\/2\/revisions"}],"predecessor-version":[{"id":6585,"href":"https:\/\/seteminutos.org\/blog\/wp-json\/wp\/v2\/pages\/2\/revisions\/6585"}],"wp:attachment":[{"href":"https:\/\/seteminutos.org\/blog\/wp-json\/wp\/v2\/media?parent=2"}],"curies":[{"name":"wp","href":"https:\/\/api.w.org\/{rel}","templated":true}]}}