{"id":2148,"date":"2016-08-02T00:01:02","date_gmt":"2016-08-01T23:01:02","guid":{"rendered":"http:\/\/seteminutos.pt\/blog\/?page_id=2148"},"modified":"2024-04-10T00:44:49","modified_gmt":"2024-04-10T00:44:49","slug":"horoscopo-semanal","status":"publish","type":"page","link":"https:\/\/seteminutos.org\/blog\/horoscopo-semanal\/","title":{"rendered":"Hor\u00f3scopo Semanal"},"content":{"rendered":"<div class=\"wp-block-image\">\n<figure class=\"aligncenter\"><a href=\"http:\/\/www.mariahelena.pt\/\" target=\"_blank\" rel=\"noopener noreferrer\"><img data-recalc-dims=\"1\" loading=\"lazy\" decoding=\"async\" width=\"596\" height=\"142\" src=\"https:\/\/i0.wp.com\/seteminutos.org\/blog\/wp-content\/uploads\/2016\/08\/pub-maria-helena.jpg?resize=596%2C142&#038;ssl=1\" alt=\"Marie Helena\" class=\"wp-image-2207\" srcset=\"https:\/\/i0.wp.com\/seteminutos.org\/blog\/wp-content\/uploads\/2016\/08\/pub-maria-helena.jpg?w=596&amp;ssl=1 596w, https:\/\/i0.wp.com\/seteminutos.org\/blog\/wp-content\/uploads\/2016\/08\/pub-maria-helena.jpg?resize=300%2C71&amp;ssl=1 300w\" sizes=\"auto, (max-width: 596px) 100vw, 596px\" \/><\/a><\/figure><\/div>\n\n\n<hr class=\"wp-block-separator has-css-opacity\"\/>\n\n\n\n<h2 class=\"wp-block-heading has-text-align-center\" id=\"previsoes-de-24-a-30-de-janeiro-de-2022\"><strong>PREVIS\u00d5ES DE 08 A 14 DE ABRIL DE 2024<\/strong><\/h2>\n\n\n\n<hr class=\"wp-block-separator has-css-opacity\"\/>\n\n\n\n<p class=\"has-text-align-center has-medium-font-size\"><strong>CARNEIRO <em>(21 de mar\u00e7o &#8211; 20 de abril)<\/em><\/strong><\/p>\n\n\n\n<p class=\"has-text-align-center\">Carta Dominante: A Roda da Fortuna, que significa Sorte.<br>Amor: Pode ter um reencontro inesperado ou conhecer algu\u00e9m que lhe vai causar uma boa impress\u00e3o.<br>Sa\u00fade: Vigie a tens\u00e3o arterial, tend\u00eancia para a instabilidade.<br>Dinheiro: Haver\u00e1 boas novidades no setor profissional. Agarre as oportunidades.<br>N\u00fameros da Sorte: 1, 3, 24, 29, 33, 36<br>Pensamento positivo: Sei que a minha vida est\u00e1 sempre em movimento.<br>Hor\u00f3scopo Di\u00e1rio Ligue j\u00e1! 761 101 801<\/p>\n\n\n\n<hr class=\"wp-block-separator has-css-opacity\"\/>\n\n\n\n<p class=\"has-text-align-center has-medium-font-size\"><strong>TOURO <em>(21 de abril\u00a0&#8211; 20 de maio)<\/em><\/strong><\/p>\n\n\n\n<p class=\"has-text-align-center\">Carta Dominante: 6 de Espadas, que significa Viagem Inesperada<br>Amor: As rela\u00e7\u00f5es atravessam um per\u00edodo de estagna\u00e7\u00e3o. N\u00e3o deixe que as suas d\u00favidas o impe\u00e7am de ser feliz.<br>Sa\u00fade: Fa\u00e7a caminhadas e passeios. Precisa de mudar de ares e renovar energias.<br>Dinheiro: Possibilidade de encontrar um novo trabalho, est\u00e3o favorecidas as mudan\u00e7as a este n\u00edvel.<br>N\u00fameros da Sorte: 7, 11, 18, 25, 47, 48<br>Pensamento positivo: Acredito que o poder da mudan\u00e7a est\u00e1 dentro de mim.<br>Hor\u00f3scopo Di\u00e1rio Ligue j\u00e1! 761 101 802<\/p>\n\n\n\n<hr class=\"wp-block-separator has-css-opacity\"\/>\n\n\n\n<p class=\"has-text-align-center has-medium-font-size\"><strong>G\u00c9MEOS\u00a0<em>(21 de maio\u00a0&#8211; 20 de junho)<\/em><\/strong><\/p>\n\n\n\n<p class=\"has-text-align-center\">Carta Dominante: \u00c1s de Copas, que significa Princ\u00edpio do Amor, Grande Alegria.<br>Amor: As pessoas mais pr\u00f3ximas podem estar a necessitar de si. Fomente a uni\u00e3o familiar.<br>Sa\u00fade: Problemas relacionados com varizes. Ande mais a p\u00e9, para melhorar a circula\u00e7\u00e3o sangu\u00ednea.<br>Dinheiro: Pode receber dinheiro extra. Boa fase para a vida financeira.<br>N\u00fameros da Sorte: 4, 6, 7, 18, 19, 33<br>Pensamento positivo: A alegria do amor anima o meu cora\u00e7\u00e3o.<br>Hor\u00f3scopo Di\u00e1rio Ligue j\u00e1! 761 101 803<\/p>\n\n\n\n<hr class=\"wp-block-separator has-css-opacity\"\/>\n\n\n\n<p class=\"has-text-align-center has-medium-font-size\"><strong>CARANGUEJO\u00a0<em>(21 de junho\u00a0&#8211; 20 de julho)<\/em><\/strong><\/p>\n\n\n\n<p class=\"has-text-align-center\">Carta Dominante: \u00c1s de Copas, que significa Princ\u00edpio do Amor, Grande Alegria.<br>Amor: As pessoas mais pr\u00f3ximas podem estar a necessitar de si. Fomente a uni\u00e3o familiar.<br>Sa\u00fade: Problemas relacionados com varizes. Ande mais a p\u00e9, para melhorar a circula\u00e7\u00e3o sangu\u00ednea.<br>Dinheiro: Pode receber dinheiro extra. Boa fase para a vida financeira.<br>N\u00fameros da Sorte: 4, 6, 7, 18, 19, 33<br>Pensamento positivo: A alegria do amor anima o meu cora\u00e7\u00e3o.<br>Hor\u00f3scopo Di\u00e1rio Ligue j\u00e1! 761 101 804<\/p>\n\n\n\n<hr class=\"wp-block-separator has-css-opacity\"\/>\n\n\n\n<p class=\"has-text-align-center has-medium-font-size\"><strong>LE\u00c3O <em>(21 de julho &#8211; 20 de agosto)<\/em><\/strong><\/p>\n\n\n\n<p class=\"has-text-align-center\">Carta Dominante: 5 de Copas, que significa Derrota.<br>Amor: Dinamize a sua rela\u00e7\u00e3o. Nunca perca a esperan\u00e7a nas pessoas, invista nelas!<br>Sa\u00fade: Em boa fase. Aproveite para cortar com h\u00e1bitos nocivos.<br>Dinheiro: Pode conseguir uma promo\u00e7\u00e3o.<br>N\u00fameros da Sorte: 9, 11, 25, 27, 39, 47<br>Pensamento positivo: Com determina\u00e7\u00e3o consigo concretizar os meus objetivos.<br>Hor\u00f3scopo Di\u00e1rio Ligue j\u00e1! 761 101 805<\/p>\n\n\n\n<hr class=\"wp-block-separator has-css-opacity\"\/>\n\n\n\n<p class=\"has-text-align-center has-medium-font-size\"><strong>VIRGEM <em>(21 de agosto &#8211; 20 de setembro)<\/em><\/strong><\/p>\n\n\n\n<p class=\"has-text-align-center\">Carta Dominante: Valete de Espadas, que significa Vigilante e Atento.<br>Amor: Revele os seus desejos \u00e0 sua cara-metade, a sua rela\u00e7\u00e3o sexual melhorar\u00e1 bastante.<br>Sa\u00fade: Mantenha a vigil\u00e2ncia.<br>Dinheiro: Melhore o relacionamento com os colegas, conquiste mais aliados e afaste inimigos.<br>N\u00fameros da Sorte: 10, 20, 36, 39, 44, 47<br>Pensamento positivo: estou atento \u00e0s mensagens do Universo.<br>Hor\u00f3scopo Di\u00e1rio Ligue j\u00e1! 761 101 806<\/p>\n\n\n\n<hr class=\"wp-block-separator has-css-opacity\"\/>\n\n\n\n<p class=\"has-text-align-center has-medium-font-size\"><strong>BALAN\u00c7A <em>(21 de setembro &#8211; 20 de outubro)<\/em><\/strong><\/p>\n\n\n\n<p class=\"has-text-align-center\">Carta Dominante: 3 de Copas, que significa Conclus\u00e3o.<br>Amor: Esclare\u00e7a situa\u00e7\u00f5es que lhe causam d\u00favidas.<br>Sa\u00fade: Consulte o oftalmologista. Pode precisar de \u00f3culos ou de aumentar a gradua\u00e7\u00e3o.<br>Dinheiro: Tenha cautela com os seus investimentos, n\u00e3o arrisque sem ter certezas.<br>N\u00fameros da Sorte: 1, 8, 42, 46, 47, 49<br>Pensamento positivo: Concluo tudo aquilo que come\u00e7o, sei que assim conseguirei concretizar os meus projetos.<br>Hor\u00f3scopo Di\u00e1rio Ligue j\u00e1! 761 101 807<\/p>\n\n\n\n<hr class=\"wp-block-separator has-css-opacity\"\/>\n\n\n\n<p class=\"has-text-align-center has-medium-font-size\"><strong>ESCORPI\u00c3O <em>(21 de outubro &#8211; 20 de novembro)<\/em><\/strong><\/p>\n\n\n\n<p class=\"has-text-align-center\">Carta Dominante: 10 de Copas, que significa Felicidade.<br>Amor: Vida amorosa favorecida. A sua rela\u00e7\u00e3o ganhar\u00e1 um novo impulso e, se n\u00e3o tem par, pode come\u00e7ar um novo relacionamento.<br>Sa\u00fade: Cansa\u00e7o e stress acumulado ser\u00e3o prejudiciais. Aprenda a descansar devidamente.<br>Dinheiro: Situa\u00e7\u00e3o equilibrada em termos profissionais e financeiros.<br>N\u00fameros da Sorte: 4, 9, 11, 22, 34, 39<br>Pensamento positivo: A maior felicidade est\u00e1 nos gestos mais simples.<br>Hor\u00f3scopo Di\u00e1rio Ligue j\u00e1! 761 101 808<\/p>\n\n\n\n<hr class=\"wp-block-separator has-css-opacity\"\/>\n\n\n\n<p class=\"has-text-align-center has-medium-font-size\"><strong>SAGIT\u00c1RIO <em>(21 de novembro &#8211; 20 de dezembro)<\/em><\/strong><\/p>\n\n\n\n<p class=\"has-text-align-center\">Carta Dominante: A Justi\u00e7a, que significa Justi\u00e7a.<br>Amor: N\u00e3o seja orgulhoso. Saiba agir com isen\u00e7\u00e3o e rigor.<br>Sa\u00fade: Alimente-se melhor. Pode ter problemas digestivos.<br>Dinheiro: Cuidado, modere a tend\u00eancia para agir de forma impulsiva no seu trabalho.<br>N\u00fameros da Sorte: 1, 2, 8, 16, 22, 39<br>Pensamento positivo: Procuro ser justo nas decis\u00f5es que tomo.<br>Hor\u00f3scopo Di\u00e1rio &#8211; Ligue j\u00e1! 761 101 809<\/p>\n\n\n\n<hr class=\"wp-block-separator has-css-opacity\"\/>\n\n\n\n<p class=\"has-text-align-center has-medium-font-size\"><strong>CAPRIC\u00d3RNIO <em>(21 de dezembro &#8211; 20 de janeiro)<\/em><\/strong><\/p>\n\n\n\n<p class=\"has-text-align-center\">Carta Dominante: A For\u00e7a, que significa For\u00e7a, Dom\u00ednio.<br>Amor: Conseguir\u00e1 dar um passo muito importante na sua vida afetiva, ao fortalecer a seguran\u00e7a em si pr\u00f3prio.<br>Sa\u00fade: Tenha aten\u00e7\u00e3o com os joelhos, tend\u00eancia para problemas relacionados com eles.<br>Dinheiro: Exponha as suas ideias de forma clara e objetiva, elas ser\u00e3o bem acolhidas.<br>N\u00fameros da Sorte: 7, 13, 17, 29, 34, 36<br>Pensamento positivo: Tenho dom\u00ednio sobre os meus pensamentos, sei que eles atraem para a minha vida aquilo em que penso.<br>Hor\u00f3scopo Di\u00e1rio Ligue j\u00e1! 761 101 810<\/p>\n\n\n\n<hr class=\"wp-block-separator has-css-opacity\"\/>\n\n\n\n<p class=\"has-text-align-center has-medium-font-size\"><strong>AQU\u00c1RIO <em>(21 de janeiro &#8211; 20 de fevereiro)<\/em><\/strong><\/p>\n\n\n\n<p class=\"has-text-align-center\">Carta Dominante: 5 de Ouros, que significa Perda\/ Falha.<br>Amor: Evite que uma atitude de teimosia o fa\u00e7a por em risco a estabilidade que j\u00e1 conquistou.<br>Sa\u00fade: O seu sistema imunit\u00e1rio est\u00e1 mais fragilizado. Proteja-se.<br>Dinheiro: N\u00e3o \u00e9 um per\u00edodo favor\u00e1vel para despesas, procure evit\u00e1-las.<br>N\u00fameros da Sorte: 7, 11, 19, 24, 25, 33<br>Pensamento positivo: Aprendo com os meus erros.<br>Hor\u00f3scopo Di\u00e1rio Ligue j\u00e1! 761 101 811<\/p>\n\n\n\n<hr class=\"wp-block-separator has-css-opacity\"\/>\n\n\n\n<p class=\"has-text-align-center has-medium-font-size\"><strong>PEIXES <em>(21 de fevereiro &#8211; 20 de mar\u00e7o)<\/em><\/strong><\/p>\n\n\n\n<p class=\"has-text-align-center\">Carta Dominante: A Morte, que significa Renova\u00e7\u00e3o.<br>Amor: Proteja-se contra intrigas. Seja verdadeiro e defenda sempre a honestidade.<br>Sa\u00fade: N\u00e3o coma tantos doces.<br>Dinheiro: A sua vida profissional pode come\u00e7ar agora uma nova fase.<br>N\u00fameros da Sorte: 5, 25, 33, 49, 51, 64<br>Pensamento positivo: Liberto-me do passado e vivo o presente com confian\u00e7a!<br>Hor\u00f3scopo Di\u00e1rio Ligue j\u00e1! 761 101 812<\/p>\n","protected":false},"excerpt":{"rendered":"<p>PREVIS\u00d5ES DE 08 A 14 DE ABRIL DE 2024 CARNEIRO (21 de mar\u00e7o &#8211; 20 de abril) Carta Dominante: A Roda da Fortuna, que significa Sorte.Amor: Pode ter um reencontro inesperado ou conhecer algu\u00e9m que lhe vai causar uma boa impress\u00e3o.Sa\u00fade: Vigie a tens\u00e3o arterial, tend\u00eancia para a instabilidade.Dinheiro: Haver\u00e1 boas novidades no setor profissional. Agarre as oportunidades.N\u00fameros da Sorte: 1, 3, 24, 29, 33, 36Pensamento positivo: Sei que a minha vida est\u00e1 sempre em movimento.Hor\u00f3scopo Di\u00e1rio Ligue j\u00e1! 761 101 801 TOURO (21 de abril\u00a0&#8211; 20 de maio) Carta&hellip;<\/p>\n","protected":false},"author":1,"featured_media":9294,"parent":0,"menu_order":0,"comment_status":"closed","ping_status":"closed","template":"","meta":{"footnotes":""},"class_list":["post-2148","page","type-page","status-publish","has-post-thumbnail","hentry"],"yoast_head":"<!-- This site is optimized with the Yoast SEO plugin v26.0 - https:\/\/yoast.com\/wordpress\/plugins\/seo\/ -->\n<title>Sete Minutos | Hor\u00f3scopo Semanal<\/title>\n<meta name=\"robots\" content=\"index, follow, max-snippet:-1, max-image-preview:large, max-video-preview:-1\" \/>\n<link rel=\"canonical\" href=\"https:\/\/seteminutos.org\/blog\/horoscopo-semanal\/\" \/>\n<meta property=\"og:locale\" content=\"pt_PT\" \/>\n<meta property=\"og:type\" content=\"article\" \/>\n<meta property=\"og:title\" content=\"Sete Minutos | Hor\u00f3scopo Semanal\" \/>\n<meta property=\"og:url\" content=\"https:\/\/seteminutos.org\/blog\/horoscopo-semanal\/\" \/>\n<meta property=\"og:site_name\" content=\"Sete Minutos\" \/>\n<meta property=\"article:publisher\" content=\"https:\/\/www.facebook.com\/seteminutos.oficial\" \/>\n<meta property=\"article:modified_time\" content=\"2024-04-10T00:44:49+00:00\" \/>\n<meta property=\"og:image\" content=\"https:\/\/seteminutos.org\/blog\/wp-content\/uploads\/2021\/11\/horoscopo-semanal.jpg\" \/>\n\t<meta property=\"og:image:width\" content=\"475\" \/>\n\t<meta property=\"og:image:height\" content=\"240\" \/>\n\t<meta property=\"og:image:type\" content=\"image\/jpeg\" \/>\n<meta name=\"twitter:card\" content=\"summary_large_image\" \/>\n<meta name=\"twitter:site\" content=\"@sete_minutos\" \/>\n<meta name=\"twitter:label1\" content=\"Tempo estimado de leitura\" \/>\n\t<meta name=\"twitter:data1\" content=\"6 minutos\" \/>\n<script type=\"application\/ld+json\" class=\"yoast-schema-graph\">{\"@context\":\"https:\/\/schema.org\",\"@graph\":[{\"@type\":\"WebPage\",\"@id\":\"https:\/\/seteminutos.org\/blog\/horoscopo-semanal\/\",\"url\":\"https:\/\/seteminutos.org\/blog\/horoscopo-semanal\/\",\"name\":\"Sete Minutos | Hor\u00f3scopo Semanal\",\"isPartOf\":{\"@id\":\"https:\/\/seteminutos.org\/blog\/#website\"},\"primaryImageOfPage\":{\"@id\":\"https:\/\/seteminutos.org\/blog\/horoscopo-semanal\/#primaryimage\"},\"image\":{\"@id\":\"https:\/\/seteminutos.org\/blog\/horoscopo-semanal\/#primaryimage\"},\"thumbnailUrl\":\"https:\/\/i0.wp.com\/seteminutos.org\/blog\/wp-content\/uploads\/2021\/11\/horoscopo-semanal.jpg?fit=475%2C240&ssl=1\",\"datePublished\":\"2016-08-01T23:01:02+00:00\",\"dateModified\":\"2024-04-10T00:44:49+00:00\",\"breadcrumb\":{\"@id\":\"https:\/\/seteminutos.org\/blog\/horoscopo-semanal\/#breadcrumb\"},\"inLanguage\":\"pt-PT\",\"potentialAction\":[{\"@type\":\"ReadAction\",\"target\":[\"https:\/\/seteminutos.org\/blog\/horoscopo-semanal\/\"]}]},{\"@type\":\"ImageObject\",\"inLanguage\":\"pt-PT\",\"@id\":\"https:\/\/seteminutos.org\/blog\/horoscopo-semanal\/#primaryimage\",\"url\":\"https:\/\/i0.wp.com\/seteminutos.org\/blog\/wp-content\/uploads\/2021\/11\/horoscopo-semanal.jpg?fit=475%2C240&ssl=1\",\"contentUrl\":\"https:\/\/i0.wp.com\/seteminutos.org\/blog\/wp-content\/uploads\/2021\/11\/horoscopo-semanal.jpg?fit=475%2C240&ssl=1\",\"width\":475,\"height\":240,\"caption\":\"Horoscopo Semanal\"},{\"@type\":\"BreadcrumbList\",\"@id\":\"https:\/\/seteminutos.org\/blog\/horoscopo-semanal\/#breadcrumb\",\"itemListElement\":[{\"@type\":\"ListItem\",\"position\":1,\"name\":\"In\u00edcio\",\"item\":\"https:\/\/seteminutos.org\/blog\/\"},{\"@type\":\"ListItem\",\"position\":2,\"name\":\"Hor\u00f3scopo Semanal\"}]},{\"@type\":\"WebSite\",\"@id\":\"https:\/\/seteminutos.org\/blog\/#website\",\"url\":\"https:\/\/seteminutos.org\/blog\/\",\"name\":\"Sete Minutos\",\"description\":\"Curiosidades, Humor e Informa\u00e7\u00e3o com Intelig\u00eancia\",\"publisher\":{\"@id\":\"https:\/\/seteminutos.org\/blog\/#organization\"},\"potentialAction\":[{\"@type\":\"SearchAction\",\"target\":{\"@type\":\"EntryPoint\",\"urlTemplate\":\"https:\/\/seteminutos.org\/blog\/?s={search_term_string}\"},\"query-input\":{\"@type\":\"PropertyValueSpecification\",\"valueRequired\":true,\"valueName\":\"search_term_string\"}}],\"inLanguage\":\"pt-PT\"},{\"@type\":\"Organization\",\"@id\":\"https:\/\/seteminutos.org\/blog\/#organization\",\"name\":\"Sete Minutos\",\"url\":\"https:\/\/seteminutos.org\/blog\/\",\"logo\":{\"@type\":\"ImageObject\",\"inLanguage\":\"pt-PT\",\"@id\":\"https:\/\/seteminutos.org\/blog\/#\/schema\/logo\/image\/\",\"url\":\"https:\/\/i0.wp.com\/seteminutos.org\/blog\/wp-content\/uploads\/2017\/06\/cropped-sm-logo-2017-2.jpg?fit=290%2C64&ssl=1\",\"contentUrl\":\"https:\/\/i0.wp.com\/seteminutos.org\/blog\/wp-content\/uploads\/2017\/06\/cropped-sm-logo-2017-2.jpg?fit=290%2C64&ssl=1\",\"width\":290,\"height\":64,\"caption\":\"Sete Minutos\"},\"image\":{\"@id\":\"https:\/\/seteminutos.org\/blog\/#\/schema\/logo\/image\/\"},\"sameAs\":[\"https:\/\/www.facebook.com\/seteminutos.oficial\",\"https:\/\/x.com\/sete_minutos\"]}]}<\/script>\n<!-- \/ Yoast SEO plugin. -->","yoast_head_json":{"title":"Sete Minutos | Hor\u00f3scopo Semanal","robots":{"index":"index","follow":"follow","max-snippet":"max-snippet:-1","max-image-preview":"max-image-preview:large","max-video-preview":"max-video-preview:-1"},"canonical":"https:\/\/seteminutos.org\/blog\/horoscopo-semanal\/","og_locale":"pt_PT","og_type":"article","og_title":"Sete Minutos | Hor\u00f3scopo Semanal","og_url":"https:\/\/seteminutos.org\/blog\/horoscopo-semanal\/","og_site_name":"Sete Minutos","article_publisher":"https:\/\/www.facebook.com\/seteminutos.oficial","article_modified_time":"2024-04-10T00:44:49+00:00","og_image":[{"width":475,"height":240,"url":"https:\/\/seteminutos.org\/blog\/wp-content\/uploads\/2021\/11\/horoscopo-semanal.jpg","type":"image\/jpeg"}],"twitter_card":"summary_large_image","twitter_site":"@sete_minutos","twitter_misc":{"Tempo estimado de leitura":"6 minutos"},"schema":{"@context":"https:\/\/schema.org","@graph":[{"@type":"WebPage","@id":"https:\/\/seteminutos.org\/blog\/horoscopo-semanal\/","url":"https:\/\/seteminutos.org\/blog\/horoscopo-semanal\/","name":"Sete Minutos | Hor\u00f3scopo Semanal","isPartOf":{"@id":"https:\/\/seteminutos.org\/blog\/#website"},"primaryImageOfPage":{"@id":"https:\/\/seteminutos.org\/blog\/horoscopo-semanal\/#primaryimage"},"image":{"@id":"https:\/\/seteminutos.org\/blog\/horoscopo-semanal\/#primaryimage"},"thumbnailUrl":"https:\/\/i0.wp.com\/seteminutos.org\/blog\/wp-content\/uploads\/2021\/11\/horoscopo-semanal.jpg?fit=475%2C240&ssl=1","datePublished":"2016-08-01T23:01:02+00:00","dateModified":"2024-04-10T00:44:49+00:00","breadcrumb":{"@id":"https:\/\/seteminutos.org\/blog\/horoscopo-semanal\/#breadcrumb"},"inLanguage":"pt-PT","potentialAction":[{"@type":"ReadAction","target":["https:\/\/seteminutos.org\/blog\/horoscopo-semanal\/"]}]},{"@type":"ImageObject","inLanguage":"pt-PT","@id":"https:\/\/seteminutos.org\/blog\/horoscopo-semanal\/#primaryimage","url":"https:\/\/i0.wp.com\/seteminutos.org\/blog\/wp-content\/uploads\/2021\/11\/horoscopo-semanal.jpg?fit=475%2C240&ssl=1","contentUrl":"https:\/\/i0.wp.com\/seteminutos.org\/blog\/wp-content\/uploads\/2021\/11\/horoscopo-semanal.jpg?fit=475%2C240&ssl=1","width":475,"height":240,"caption":"Horoscopo Semanal"},{"@type":"BreadcrumbList","@id":"https:\/\/seteminutos.org\/blog\/horoscopo-semanal\/#breadcrumb","itemListElement":[{"@type":"ListItem","position":1,"name":"In\u00edcio","item":"https:\/\/seteminutos.org\/blog\/"},{"@type":"ListItem","position":2,"name":"Hor\u00f3scopo Semanal"}]},{"@type":"WebSite","@id":"https:\/\/seteminutos.org\/blog\/#website","url":"https:\/\/seteminutos.org\/blog\/","name":"Sete Minutos","description":"Curiosidades, Humor e Informa\u00e7\u00e3o com Intelig\u00eancia","publisher":{"@id":"https:\/\/seteminutos.org\/blog\/#organization"},"potentialAction":[{"@type":"SearchAction","target":{"@type":"EntryPoint","urlTemplate":"https:\/\/seteminutos.org\/blog\/?s={search_term_string}"},"query-input":{"@type":"PropertyValueSpecification","valueRequired":true,"valueName":"search_term_string"}}],"inLanguage":"pt-PT"},{"@type":"Organization","@id":"https:\/\/seteminutos.org\/blog\/#organization","name":"Sete Minutos","url":"https:\/\/seteminutos.org\/blog\/","logo":{"@type":"ImageObject","inLanguage":"pt-PT","@id":"https:\/\/seteminutos.org\/blog\/#\/schema\/logo\/image\/","url":"https:\/\/i0.wp.com\/seteminutos.org\/blog\/wp-content\/uploads\/2017\/06\/cropped-sm-logo-2017-2.jpg?fit=290%2C64&ssl=1","contentUrl":"https:\/\/i0.wp.com\/seteminutos.org\/blog\/wp-content\/uploads\/2017\/06\/cropped-sm-logo-2017-2.jpg?fit=290%2C64&ssl=1","width":290,"height":64,"caption":"Sete Minutos"},"image":{"@id":"https:\/\/seteminutos.org\/blog\/#\/schema\/logo\/image\/"},"sameAs":["https:\/\/www.facebook.com\/seteminutos.oficial","https:\/\/x.com\/sete_minutos"]}]}},"jetpack_sharing_enabled":true,"jetpack_likes_enabled":true,"_links":{"self":[{"href":"https:\/\/seteminutos.org\/blog\/wp-json\/wp\/v2\/pages\/2148","targetHints":{"allow":["GET"]}}],"collection":[{"href":"https:\/\/seteminutos.org\/blog\/wp-json\/wp\/v2\/pages"}],"about":[{"href":"https:\/\/seteminutos.org\/blog\/wp-json\/wp\/v2\/types\/page"}],"author":[{"embeddable":true,"href":"https:\/\/seteminutos.org\/blog\/wp-json\/wp\/v2\/users\/1"}],"replies":[{"embeddable":true,"href":"https:\/\/seteminutos.org\/blog\/wp-json\/wp\/v2\/comments?post=2148"}],"version-history":[{"count":111,"href":"https:\/\/seteminutos.org\/blog\/wp-json\/wp\/v2\/pages\/2148\/revisions"}],"predecessor-version":[{"id":9957,"href":"https:\/\/seteminutos.org\/blog\/wp-json\/wp\/v2\/pages\/2148\/revisions\/9957"}],"wp:featuredmedia":[{"embeddable":true,"href":"https:\/\/seteminutos.org\/blog\/wp-json\/wp\/v2\/media\/9294"}],"wp:attachment":[{"href":"https:\/\/seteminutos.org\/blog\/wp-json\/wp\/v2\/media?parent=2148"}],"curies":[{"name":"wp","href":"https:\/\/api.w.org\/{rel}","templated":true}]}}