{"id":29,"date":"2010-07-23T00:57:49","date_gmt":"2010-07-22T23:57:49","guid":{"rendered":"http:\/\/seteminutos.pt\/blog\/"},"modified":"2021-11-14T18:49:23","modified_gmt":"2021-11-14T18:49:23","slug":"franquiasm","status":"publish","type":"page","link":"https:\/\/seteminutos.org\/blog\/franquiasm\/","title":{"rendered":"Franquia"},"content":{"rendered":"\n<h2 class=\"wp-block-heading\" id=\"uma-solucao-de-investimento-facil-e-barata\"><strong><img data-recalc-dims=\"1\" loading=\"lazy\" decoding=\"async\" width=\"240\" height=\"240\" class=\"size-full wp-image-4405 alignleft\" src=\"https:\/\/i0.wp.com\/seteminutos.org\/blog\/wp-content\/uploads\/2016\/07\/seteminutos-expositor-v2.jpg?resize=240%2C240&#038;ssl=1\" alt=\"Expositor Sete Minutos\">Uma solu\u00e7\u00e3o de investimento f\u00e1cil e barata<\/strong><\/h2>\n\n\n\n<p>A solu\u00e7\u00e3o de franquia do jornal Sete Minutos \u00e9 um neg\u00f3cio f\u00e1cil de implementar, com um investimento m\u00ednimo inicial, indicado para que qualquer pessoa possa come\u00e7ar o seu pr\u00f3prio neg\u00f3cio com um interessante n\u00edvel de retorno e possibilidade de expans\u00e3o, podendo mesmo ser conciliado com outra atividade profissional.<\/p>\n\n\n\n<p>O franqueado s\u00f3 tem que vender os 32 espa\u00e7os dispon\u00edveis no seu jornal \u00e0s empresas ou organiza\u00e7\u00f5es da sua cidade e colocar semanalmente os jornais nos expositores. N\u00e3o necessita preocupar-se com mais nada, a central trata do resto e faz-lhe chegar todas as semanas a sua edi\u00e7\u00e3o do Sete Minutos, pronta para distribuir.<\/p>\n\n\n\n<p>Mesmo que n\u00e3o tenha experi\u00eancia em trabalhar com publicidade, n\u00e3o se preocupe, basta ter algum gosto pelas vendas e pelo contato com outras pessoas, que n\u00f3s fornecemos forma\u00e7\u00e3o inicial e acompanhamento cont\u00ednuo para poder obter o m\u00e1ximo retorno do neg\u00f3cio.<\/p>\n\n\n\n<p>N\u00e3o vai ser nosso funcion\u00e1rio, vai gerir o seu neg\u00f3cio do seu jeito, e beneficiar-se do suporte e garantia que o nosso conhecimento lhe pode oferecer.<\/p>\n\n\n\n<p>Basta viver numa cidade com mais de 10.000 habitantes para poder implementar com sucesso uma edi\u00e7\u00e3o do Sete Minutos nessa localidade, sendo que quanto maior for a cidade melhores as possibilidades de produzir mais rendimento, atrav\u00e9s da implementa\u00e7\u00e3o v\u00e1rias edi\u00e7\u00f5es&nbsp;do Sete Minutos.<\/p>\n\n\n\n<p>Cidades com mais de 50.000 habitantes poder\u00e3o ter duas ou tr\u00eas edi\u00e7\u00f5es (diferenciadas) do Sete Minutos, sendo as licen\u00e7as preferencialmente atribu\u00eddas ao mesmo franqueado, que poder\u00e1 ter no m\u00e1ximo 12 licen\u00e7as do Sete Minutos, na mesma cidade ou em cidades distintas.<\/p>\n\n\n\n<p>A Franquia Sete Minutos n\u00e3o tem taxa de entrada e implica apenas um pequeno investimento inicial com o Kit de Implementa\u00e7\u00e3o (expositores, cart\u00f5es de visita e tabelas).<\/p>\n\n\n\n<p>Se est\u00e1 interessado em iniciar um neg\u00f3cio com um investimento inicial m\u00ednimo, retorno imediato e em que n\u00e3o necessita de experi\u00eancia no ramo nem estabelecimento pr\u00f3prio, podendo ser gerido a partir de sua casa, entre em contato conosco e assegure j\u00e1 uma ou mais cidades.<\/p>\n\n\n\n<p>Para pedir o <strong>Dossier de Franquia<\/strong>, preencha o <a href=\"https:\/\/docs.google.com\/forms\/d\/e\/1FAIpQLSenx_4fAF7yiFFTA69bStjaWJ0D4Za9PSJc-5yEcDBzy5C5Tw\/viewform?usp=sf_link\" target=\"_blank\" rel=\"noreferrer noopener\">formul\u00e1rio<\/a>, sem qualquer compromisso, para poder analisar melhor as condi\u00e7\u00f5es da Franquia Sete Minutos.<\/p>\n\n\n\n<p>Venha viver conosco o maravilhoso mundo da Publicidade.<\/p>\n\n\n\n<p><\/p>\n\n\n\n<hr class=\"wp-block-separator is-style-wide\"\/>\n\n\n\n<p>Informa\u00e7\u00e3o atualizada em&nbsp;<strong>14 de novembro de 2021<\/strong>.<\/p>\n","protected":false},"excerpt":{"rendered":"<p>Uma solu\u00e7\u00e3o de investimento f\u00e1cil e barata A solu\u00e7\u00e3o de franquia do jornal Sete Minutos \u00e9 um neg\u00f3cio f\u00e1cil de implementar, com um investimento m\u00ednimo inicial, indicado para que qualquer pessoa possa come\u00e7ar o seu pr\u00f3prio neg\u00f3cio com um interessante n\u00edvel de retorno e possibilidade de expans\u00e3o, podendo mesmo ser conciliado com outra atividade profissional. O franqueado s\u00f3 tem que vender os 32 espa\u00e7os dispon\u00edveis no seu jornal \u00e0s empresas ou organiza\u00e7\u00f5es da sua cidade e colocar semanalmente os jornais nos expositores. N\u00e3o necessita preocupar-se com mais nada, a central&hellip;<\/p>\n","protected":false},"author":1,"featured_media":4405,"parent":0,"menu_order":0,"comment_status":"closed","ping_status":"open","template":"","meta":{"footnotes":""},"class_list":["post-29","page","type-page","status-publish","has-post-thumbnail","hentry"],"yoast_head":"<!-- This site is optimized with the Yoast SEO plugin v26.0 - https:\/\/yoast.com\/wordpress\/plugins\/seo\/ -->\n<title>Sete Minutos | Franquia<\/title>\n<meta name=\"robots\" content=\"index, follow, max-snippet:-1, max-image-preview:large, max-video-preview:-1\" \/>\n<link rel=\"canonical\" href=\"https:\/\/seteminutos.org\/blog\/franquiasm\/\" \/>\n<meta property=\"og:locale\" content=\"pt_PT\" \/>\n<meta property=\"og:type\" content=\"article\" \/>\n<meta property=\"og:title\" content=\"Sete Minutos | Franquia\" \/>\n<meta property=\"og:url\" content=\"https:\/\/seteminutos.org\/blog\/franquiasm\/\" \/>\n<meta property=\"og:site_name\" content=\"Sete Minutos\" \/>\n<meta property=\"article:publisher\" content=\"https:\/\/www.facebook.com\/seteminutos.oficial\" \/>\n<meta property=\"article:modified_time\" content=\"2021-11-14T18:49:23+00:00\" \/>\n<meta property=\"og:image\" content=\"https:\/\/i0.wp.com\/seteminutos.pt\/blog\/wp-content\/uploads\/2016\/07\/seteminutos-expositor-v2.jpg?fit=240%2C240&ssl=1\" \/>\n\t<meta property=\"og:image:width\" content=\"240\" \/>\n\t<meta property=\"og:image:height\" content=\"240\" \/>\n\t<meta property=\"og:image:type\" content=\"image\/jpeg\" \/>\n<meta name=\"twitter:card\" content=\"summary_large_image\" \/>\n<meta name=\"twitter:site\" content=\"@sete_minutos\" \/>\n<meta name=\"twitter:label1\" content=\"Tempo estimado de leitura\" \/>\n\t<meta name=\"twitter:data1\" content=\"2 minutos\" \/>\n<script type=\"application\/ld+json\" class=\"yoast-schema-graph\">{\"@context\":\"https:\/\/schema.org\",\"@graph\":[{\"@type\":\"WebPage\",\"@id\":\"https:\/\/seteminutos.org\/blog\/franquiasm\/\",\"url\":\"https:\/\/seteminutos.org\/blog\/franquiasm\/\",\"name\":\"Sete Minutos | Franquia\",\"isPartOf\":{\"@id\":\"https:\/\/seteminutos.org\/blog\/#website\"},\"primaryImageOfPage\":{\"@id\":\"https:\/\/seteminutos.org\/blog\/franquiasm\/#primaryimage\"},\"image\":{\"@id\":\"https:\/\/seteminutos.org\/blog\/franquiasm\/#primaryimage\"},\"thumbnailUrl\":\"https:\/\/i0.wp.com\/seteminutos.org\/blog\/wp-content\/uploads\/2016\/07\/seteminutos-expositor-v2.jpg?fit=240%2C240&ssl=1\",\"datePublished\":\"2010-07-22T23:57:49+00:00\",\"dateModified\":\"2021-11-14T18:49:23+00:00\",\"breadcrumb\":{\"@id\":\"https:\/\/seteminutos.org\/blog\/franquiasm\/#breadcrumb\"},\"inLanguage\":\"pt-PT\",\"potentialAction\":[{\"@type\":\"ReadAction\",\"target\":[\"https:\/\/seteminutos.org\/blog\/franquiasm\/\"]}]},{\"@type\":\"ImageObject\",\"inLanguage\":\"pt-PT\",\"@id\":\"https:\/\/seteminutos.org\/blog\/franquiasm\/#primaryimage\",\"url\":\"https:\/\/i0.wp.com\/seteminutos.org\/blog\/wp-content\/uploads\/2016\/07\/seteminutos-expositor-v2.jpg?fit=240%2C240&ssl=1\",\"contentUrl\":\"https:\/\/i0.wp.com\/seteminutos.org\/blog\/wp-content\/uploads\/2016\/07\/seteminutos-expositor-v2.jpg?fit=240%2C240&ssl=1\",\"width\":240,\"height\":240,\"caption\":\"Expositor Sete Minutos\"},{\"@type\":\"BreadcrumbList\",\"@id\":\"https:\/\/seteminutos.org\/blog\/franquiasm\/#breadcrumb\",\"itemListElement\":[{\"@type\":\"ListItem\",\"position\":1,\"name\":\"In\u00edcio\",\"item\":\"https:\/\/seteminutos.org\/blog\/\"},{\"@type\":\"ListItem\",\"position\":2,\"name\":\"Franquia\"}]},{\"@type\":\"WebSite\",\"@id\":\"https:\/\/seteminutos.org\/blog\/#website\",\"url\":\"https:\/\/seteminutos.org\/blog\/\",\"name\":\"Sete Minutos\",\"description\":\"Curiosidades, Humor e Informa\u00e7\u00e3o com Intelig\u00eancia\",\"publisher\":{\"@id\":\"https:\/\/seteminutos.org\/blog\/#organization\"},\"potentialAction\":[{\"@type\":\"SearchAction\",\"target\":{\"@type\":\"EntryPoint\",\"urlTemplate\":\"https:\/\/seteminutos.org\/blog\/?s={search_term_string}\"},\"query-input\":{\"@type\":\"PropertyValueSpecification\",\"valueRequired\":true,\"valueName\":\"search_term_string\"}}],\"inLanguage\":\"pt-PT\"},{\"@type\":\"Organization\",\"@id\":\"https:\/\/seteminutos.org\/blog\/#organization\",\"name\":\"Sete Minutos\",\"url\":\"https:\/\/seteminutos.org\/blog\/\",\"logo\":{\"@type\":\"ImageObject\",\"inLanguage\":\"pt-PT\",\"@id\":\"https:\/\/seteminutos.org\/blog\/#\/schema\/logo\/image\/\",\"url\":\"https:\/\/i0.wp.com\/seteminutos.org\/blog\/wp-content\/uploads\/2017\/06\/cropped-sm-logo-2017-2.jpg?fit=290%2C64&ssl=1\",\"contentUrl\":\"https:\/\/i0.wp.com\/seteminutos.org\/blog\/wp-content\/uploads\/2017\/06\/cropped-sm-logo-2017-2.jpg?fit=290%2C64&ssl=1\",\"width\":290,\"height\":64,\"caption\":\"Sete Minutos\"},\"image\":{\"@id\":\"https:\/\/seteminutos.org\/blog\/#\/schema\/logo\/image\/\"},\"sameAs\":[\"https:\/\/www.facebook.com\/seteminutos.oficial\",\"https:\/\/x.com\/sete_minutos\"]}]}<\/script>\n<!-- \/ Yoast SEO plugin. -->","yoast_head_json":{"title":"Sete Minutos | Franquia","robots":{"index":"index","follow":"follow","max-snippet":"max-snippet:-1","max-image-preview":"max-image-preview:large","max-video-preview":"max-video-preview:-1"},"canonical":"https:\/\/seteminutos.org\/blog\/franquiasm\/","og_locale":"pt_PT","og_type":"article","og_title":"Sete Minutos | Franquia","og_url":"https:\/\/seteminutos.org\/blog\/franquiasm\/","og_site_name":"Sete Minutos","article_publisher":"https:\/\/www.facebook.com\/seteminutos.oficial","article_modified_time":"2021-11-14T18:49:23+00:00","og_image":[{"width":240,"height":240,"url":"https:\/\/i0.wp.com\/seteminutos.pt\/blog\/wp-content\/uploads\/2016\/07\/seteminutos-expositor-v2.jpg?fit=240%2C240&ssl=1","type":"image\/jpeg"}],"twitter_card":"summary_large_image","twitter_site":"@sete_minutos","twitter_misc":{"Tempo estimado de leitura":"2 minutos"},"schema":{"@context":"https:\/\/schema.org","@graph":[{"@type":"WebPage","@id":"https:\/\/seteminutos.org\/blog\/franquiasm\/","url":"https:\/\/seteminutos.org\/blog\/franquiasm\/","name":"Sete Minutos | Franquia","isPartOf":{"@id":"https:\/\/seteminutos.org\/blog\/#website"},"primaryImageOfPage":{"@id":"https:\/\/seteminutos.org\/blog\/franquiasm\/#primaryimage"},"image":{"@id":"https:\/\/seteminutos.org\/blog\/franquiasm\/#primaryimage"},"thumbnailUrl":"https:\/\/i0.wp.com\/seteminutos.org\/blog\/wp-content\/uploads\/2016\/07\/seteminutos-expositor-v2.jpg?fit=240%2C240&ssl=1","datePublished":"2010-07-22T23:57:49+00:00","dateModified":"2021-11-14T18:49:23+00:00","breadcrumb":{"@id":"https:\/\/seteminutos.org\/blog\/franquiasm\/#breadcrumb"},"inLanguage":"pt-PT","potentialAction":[{"@type":"ReadAction","target":["https:\/\/seteminutos.org\/blog\/franquiasm\/"]}]},{"@type":"ImageObject","inLanguage":"pt-PT","@id":"https:\/\/seteminutos.org\/blog\/franquiasm\/#primaryimage","url":"https:\/\/i0.wp.com\/seteminutos.org\/blog\/wp-content\/uploads\/2016\/07\/seteminutos-expositor-v2.jpg?fit=240%2C240&ssl=1","contentUrl":"https:\/\/i0.wp.com\/seteminutos.org\/blog\/wp-content\/uploads\/2016\/07\/seteminutos-expositor-v2.jpg?fit=240%2C240&ssl=1","width":240,"height":240,"caption":"Expositor Sete Minutos"},{"@type":"BreadcrumbList","@id":"https:\/\/seteminutos.org\/blog\/franquiasm\/#breadcrumb","itemListElement":[{"@type":"ListItem","position":1,"name":"In\u00edcio","item":"https:\/\/seteminutos.org\/blog\/"},{"@type":"ListItem","position":2,"name":"Franquia"}]},{"@type":"WebSite","@id":"https:\/\/seteminutos.org\/blog\/#website","url":"https:\/\/seteminutos.org\/blog\/","name":"Sete Minutos","description":"Curiosidades, Humor e Informa\u00e7\u00e3o com Intelig\u00eancia","publisher":{"@id":"https:\/\/seteminutos.org\/blog\/#organization"},"potentialAction":[{"@type":"SearchAction","target":{"@type":"EntryPoint","urlTemplate":"https:\/\/seteminutos.org\/blog\/?s={search_term_string}"},"query-input":{"@type":"PropertyValueSpecification","valueRequired":true,"valueName":"search_term_string"}}],"inLanguage":"pt-PT"},{"@type":"Organization","@id":"https:\/\/seteminutos.org\/blog\/#organization","name":"Sete Minutos","url":"https:\/\/seteminutos.org\/blog\/","logo":{"@type":"ImageObject","inLanguage":"pt-PT","@id":"https:\/\/seteminutos.org\/blog\/#\/schema\/logo\/image\/","url":"https:\/\/i0.wp.com\/seteminutos.org\/blog\/wp-content\/uploads\/2017\/06\/cropped-sm-logo-2017-2.jpg?fit=290%2C64&ssl=1","contentUrl":"https:\/\/i0.wp.com\/seteminutos.org\/blog\/wp-content\/uploads\/2017\/06\/cropped-sm-logo-2017-2.jpg?fit=290%2C64&ssl=1","width":290,"height":64,"caption":"Sete Minutos"},"image":{"@id":"https:\/\/seteminutos.org\/blog\/#\/schema\/logo\/image\/"},"sameAs":["https:\/\/www.facebook.com\/seteminutos.oficial","https:\/\/x.com\/sete_minutos"]}]}},"jetpack_sharing_enabled":true,"jetpack_likes_enabled":true,"_links":{"self":[{"href":"https:\/\/seteminutos.org\/blog\/wp-json\/wp\/v2\/pages\/29","targetHints":{"allow":["GET"]}}],"collection":[{"href":"https:\/\/seteminutos.org\/blog\/wp-json\/wp\/v2\/pages"}],"about":[{"href":"https:\/\/seteminutos.org\/blog\/wp-json\/wp\/v2\/types\/page"}],"author":[{"embeddable":true,"href":"https:\/\/seteminutos.org\/blog\/wp-json\/wp\/v2\/users\/1"}],"replies":[{"embeddable":true,"href":"https:\/\/seteminutos.org\/blog\/wp-json\/wp\/v2\/comments?post=29"}],"version-history":[{"count":5,"href":"https:\/\/seteminutos.org\/blog\/wp-json\/wp\/v2\/pages\/29\/revisions"}],"predecessor-version":[{"id":9272,"href":"https:\/\/seteminutos.org\/blog\/wp-json\/wp\/v2\/pages\/29\/revisions\/9272"}],"wp:featuredmedia":[{"embeddable":true,"href":"https:\/\/seteminutos.org\/blog\/wp-json\/wp\/v2\/media\/4405"}],"wp:attachment":[{"href":"https:\/\/seteminutos.org\/blog\/wp-json\/wp\/v2\/media?parent=29"}],"curies":[{"name":"wp","href":"https:\/\/api.w.org\/{rel}","templated":true}]}}