{"id":4152,"date":"2017-07-22T20:15:09","date_gmt":"2017-07-22T19:15:09","guid":{"rendered":"http:\/\/seteminutos.pt\/blog\/?page_id=4152"},"modified":"2021-11-14T13:16:36","modified_gmt":"2021-11-14T13:16:36","slug":"datas-comemorativas","status":"publish","type":"page","link":"https:\/\/seteminutos.org\/blog\/edicoes\/evora\/especiais-evora\/datas-comemorativas\/","title":{"rendered":"Datas Comemorativas"},"content":{"rendered":"\n<h4 class=\"wp-block-heading\" id=\"datas-especiais-merecem-uma-edicao-especial-propria\"><strong><img data-recalc-dims=\"1\" loading=\"lazy\" decoding=\"async\" width=\"240\" height=\"240\" class=\"size-full wp-image-4405 alignleft\" src=\"https:\/\/i0.wp.com\/seteminutos.org\/blog\/wp-content\/uploads\/2021\/11\/0050-esp-evr-20-12-2016.jpg?resize=240%2C240&#038;ssl=1\" alt=\"Sete Minutos Eletr\u00f3nico\">Datas especiais merecem uma edi\u00e7\u00e3o especial pr\u00f3pria<\/strong><\/h4>\n\n\n\n<p>Datas comemorativas s\u00e3o datas escolhidas para relembrar eventos hist\u00f3ricos, conquistas importantes ou lutas que ainda est\u00e3o a ser travadas por um grupo. Muitas delas possuem alcance internacional enquanto outras podem ser especificas para um pa\u00eds ou uma regi\u00e3o. Dependendo da relev\u00e2ncia da data para o pa\u00eds, o governo pode declarar feriado ou ponto facultativo.<\/p>\n\n\n\n<p>O Sete Minutos, vendo a import\u00e2ncia de certas datas, come\u00e7ou a realizar algumas edi\u00e7\u00f5es especiais para as assinalar e pretende passar a dinamizar mais esse tipo de a\u00e7\u00f5es.<\/p>\n\n\n\n<p>A primeira edi\u00e7\u00e3o especial inserida nesse conceito aconteceu em 2016 e foi dedicada ao Natal.<\/p>\n\n\n\n<p>Se n\u00e3o teve oportunidade de ler essas edi\u00e7\u00f5es na altura, ou se quer recordar, pode ver agora em PDF.<\/p>\n\n\n\n<p><strong>Edi\u00e7\u00e3o Especial Natal 2016<\/strong>\u00a0(20 de dezembro): <a href=\"https:\/\/drive.google.com\/file\/d\/1C9tvzMibdvUcMKGr65TtEGCl5amUJxi0\/view?usp=sharing\" target=\"_blank\" rel=\"noreferrer noopener\">0050<\/a>.\u00a0<\/p>\n\n\n\n<p><strong>Edi\u00e7\u00e3o Especial Dia dos Namorados 2019<\/strong>\u00a0(12 de fevereiro): <a href=\"https:\/\/drive.google.com\/file\/d\/1T3WZvnPTeX8ZLhodpiTsKnOZjmjOnE23\/view?usp=sharing\" target=\"_blank\" rel=\"noreferrer noopener\">0073<\/a>.<\/p>\n\n\n\n<p><strong>Edi\u00e7\u00e3o Especial P\u00e1scoa 2019<\/strong>\u00a0(18 de abril): <a href=\"https:\/\/drive.google.com\/file\/d\/1-ThzcRympib0_VV0m-i0jARDKzMtGdSe\/view?usp=sharing\" target=\"_blank\" rel=\"noreferrer noopener\">0074<\/a>.<\/p>\n\n\n\n<p><strong>Edi\u00e7\u00e3o Especial Natal 2019<\/strong>\u00a0(24 de dezembro): <a href=\"https:\/\/drive.google.com\/file\/d\/1O0Ltjm1GZ5JkF6zfelPPRlKor1Kl104J\/view?usp=sharing\" target=\"_blank\" rel=\"noreferrer noopener\">0087<\/a>.<\/p>\n\n\n\n<p><strong>Edi\u00e7\u00e3o Especial Natal 2021<\/strong>\u00a0(21 de dezembro): 0092 (ainda em elabora\u00e7\u00e3o).<\/p>\n\n\n\n<p>Informa\u00e7\u00e3o atualizada em\u00a0<strong>14 de novembro de 2021<\/strong>.<\/p>\n","protected":false},"excerpt":{"rendered":"<p>Datas especiais merecem uma edi\u00e7\u00e3o especial pr\u00f3pria Datas comemorativas s\u00e3o datas escolhidas para relembrar eventos hist\u00f3ricos, conquistas importantes ou lutas que ainda est\u00e3o a ser travadas por um grupo. Muitas delas possuem alcance internacional enquanto outras podem ser especificas para um pa\u00eds ou uma regi\u00e3o. Dependendo da relev\u00e2ncia da data para o pa\u00eds, o governo pode declarar feriado ou ponto facultativo. O Sete Minutos, vendo a import\u00e2ncia de certas datas, come\u00e7ou a realizar algumas edi\u00e7\u00f5es especiais para as assinalar e pretende passar a dinamizar mais esse tipo de a\u00e7\u00f5es. A&hellip;<\/p>\n","protected":false},"author":1,"featured_media":9240,"parent":3537,"menu_order":6,"comment_status":"closed","ping_status":"closed","template":"","meta":{"footnotes":""},"class_list":["post-4152","page","type-page","status-publish","has-post-thumbnail","hentry"],"yoast_head":"<!-- This site is optimized with the Yoast SEO plugin v26.0 - https:\/\/yoast.com\/wordpress\/plugins\/seo\/ -->\n<title>Sete Minutos | Datas Comemorativas<\/title>\n<meta name=\"robots\" content=\"index, follow, max-snippet:-1, max-image-preview:large, max-video-preview:-1\" \/>\n<link rel=\"canonical\" href=\"https:\/\/seteminutos.org\/blog\/edicoes\/evora\/especiais-evora\/datas-comemorativas\/\" \/>\n<meta property=\"og:locale\" content=\"pt_PT\" \/>\n<meta property=\"og:type\" content=\"article\" \/>\n<meta property=\"og:title\" content=\"Sete Minutos | Datas Comemorativas\" \/>\n<meta property=\"og:url\" content=\"https:\/\/seteminutos.org\/blog\/edicoes\/evora\/especiais-evora\/datas-comemorativas\/\" \/>\n<meta property=\"og:site_name\" content=\"Sete Minutos\" \/>\n<meta property=\"article:publisher\" content=\"https:\/\/www.facebook.com\/seteminutos.oficial\" \/>\n<meta property=\"article:modified_time\" content=\"2021-11-14T13:16:36+00:00\" \/>\n<meta property=\"og:image\" content=\"https:\/\/i0.wp.com\/seteminutos.pt\/blog\/wp-content\/uploads\/2021\/11\/0050-esp-evr-20-12-2016.jpg?fit=240%2C240&ssl=1\" \/>\n\t<meta property=\"og:image:width\" content=\"240\" \/>\n\t<meta property=\"og:image:height\" content=\"240\" \/>\n\t<meta property=\"og:image:type\" content=\"image\/jpeg\" \/>\n<meta name=\"twitter:card\" content=\"summary_large_image\" \/>\n<meta name=\"twitter:site\" content=\"@sete_minutos\" \/>\n<meta name=\"twitter:label1\" content=\"Tempo estimado de leitura\" \/>\n\t<meta name=\"twitter:data1\" content=\"1 minuto\" \/>\n<script type=\"application\/ld+json\" class=\"yoast-schema-graph\">{\"@context\":\"https:\/\/schema.org\",\"@graph\":[{\"@type\":\"WebPage\",\"@id\":\"https:\/\/seteminutos.org\/blog\/edicoes\/evora\/especiais-evora\/datas-comemorativas\/\",\"url\":\"https:\/\/seteminutos.org\/blog\/edicoes\/evora\/especiais-evora\/datas-comemorativas\/\",\"name\":\"Sete Minutos | Datas Comemorativas\",\"isPartOf\":{\"@id\":\"https:\/\/seteminutos.org\/blog\/#website\"},\"primaryImageOfPage\":{\"@id\":\"https:\/\/seteminutos.org\/blog\/edicoes\/evora\/especiais-evora\/datas-comemorativas\/#primaryimage\"},\"image\":{\"@id\":\"https:\/\/seteminutos.org\/blog\/edicoes\/evora\/especiais-evora\/datas-comemorativas\/#primaryimage\"},\"thumbnailUrl\":\"https:\/\/i0.wp.com\/seteminutos.org\/blog\/wp-content\/uploads\/2021\/11\/0050-esp-evr-20-12-2016.jpg?fit=240%2C240&ssl=1\",\"datePublished\":\"2017-07-22T19:15:09+00:00\",\"dateModified\":\"2021-11-14T13:16:36+00:00\",\"breadcrumb\":{\"@id\":\"https:\/\/seteminutos.org\/blog\/edicoes\/evora\/especiais-evora\/datas-comemorativas\/#breadcrumb\"},\"inLanguage\":\"pt-PT\",\"potentialAction\":[{\"@type\":\"ReadAction\",\"target\":[\"https:\/\/seteminutos.org\/blog\/edicoes\/evora\/especiais-evora\/datas-comemorativas\/\"]}]},{\"@type\":\"ImageObject\",\"inLanguage\":\"pt-PT\",\"@id\":\"https:\/\/seteminutos.org\/blog\/edicoes\/evora\/especiais-evora\/datas-comemorativas\/#primaryimage\",\"url\":\"https:\/\/i0.wp.com\/seteminutos.org\/blog\/wp-content\/uploads\/2021\/11\/0050-esp-evr-20-12-2016.jpg?fit=240%2C240&ssl=1\",\"contentUrl\":\"https:\/\/i0.wp.com\/seteminutos.org\/blog\/wp-content\/uploads\/2021\/11\/0050-esp-evr-20-12-2016.jpg?fit=240%2C240&ssl=1\",\"width\":240,\"height\":240,\"caption\":\"Edi\u00e7\u00e3o Especial de Natal 2016\"},{\"@type\":\"BreadcrumbList\",\"@id\":\"https:\/\/seteminutos.org\/blog\/edicoes\/evora\/especiais-evora\/datas-comemorativas\/#breadcrumb\",\"itemListElement\":[{\"@type\":\"ListItem\",\"position\":1,\"name\":\"In\u00edcio\",\"item\":\"https:\/\/seteminutos.org\/blog\/\"},{\"@type\":\"ListItem\",\"position\":2,\"name\":\"Edi\u00e7\u00f5es\",\"item\":\"https:\/\/seteminutos.org\/blog\/edicoes\/\"},{\"@type\":\"ListItem\",\"position\":3,\"name\":\"\u00c9vora\",\"item\":\"https:\/\/seteminutos.org\/blog\/edicoes\/evora\/\"},{\"@type\":\"ListItem\",\"position\":4,\"name\":\"Especiais\",\"item\":\"https:\/\/seteminutos.org\/blog\/edicoes\/evora\/especiais-evora\/\"},{\"@type\":\"ListItem\",\"position\":5,\"name\":\"Datas Comemorativas\"}]},{\"@type\":\"WebSite\",\"@id\":\"https:\/\/seteminutos.org\/blog\/#website\",\"url\":\"https:\/\/seteminutos.org\/blog\/\",\"name\":\"Sete Minutos\",\"description\":\"Curiosidades, Humor e Informa\u00e7\u00e3o com Intelig\u00eancia\",\"publisher\":{\"@id\":\"https:\/\/seteminutos.org\/blog\/#organization\"},\"potentialAction\":[{\"@type\":\"SearchAction\",\"target\":{\"@type\":\"EntryPoint\",\"urlTemplate\":\"https:\/\/seteminutos.org\/blog\/?s={search_term_string}\"},\"query-input\":{\"@type\":\"PropertyValueSpecification\",\"valueRequired\":true,\"valueName\":\"search_term_string\"}}],\"inLanguage\":\"pt-PT\"},{\"@type\":\"Organization\",\"@id\":\"https:\/\/seteminutos.org\/blog\/#organization\",\"name\":\"Sete Minutos\",\"url\":\"https:\/\/seteminutos.org\/blog\/\",\"logo\":{\"@type\":\"ImageObject\",\"inLanguage\":\"pt-PT\",\"@id\":\"https:\/\/seteminutos.org\/blog\/#\/schema\/logo\/image\/\",\"url\":\"https:\/\/i0.wp.com\/seteminutos.org\/blog\/wp-content\/uploads\/2017\/06\/cropped-sm-logo-2017-2.jpg?fit=290%2C64&ssl=1\",\"contentUrl\":\"https:\/\/i0.wp.com\/seteminutos.org\/blog\/wp-content\/uploads\/2017\/06\/cropped-sm-logo-2017-2.jpg?fit=290%2C64&ssl=1\",\"width\":290,\"height\":64,\"caption\":\"Sete Minutos\"},\"image\":{\"@id\":\"https:\/\/seteminutos.org\/blog\/#\/schema\/logo\/image\/\"},\"sameAs\":[\"https:\/\/www.facebook.com\/seteminutos.oficial\",\"https:\/\/x.com\/sete_minutos\"]}]}<\/script>\n<!-- \/ Yoast SEO plugin. -->","yoast_head_json":{"title":"Sete Minutos | Datas Comemorativas","robots":{"index":"index","follow":"follow","max-snippet":"max-snippet:-1","max-image-preview":"max-image-preview:large","max-video-preview":"max-video-preview:-1"},"canonical":"https:\/\/seteminutos.org\/blog\/edicoes\/evora\/especiais-evora\/datas-comemorativas\/","og_locale":"pt_PT","og_type":"article","og_title":"Sete Minutos | Datas Comemorativas","og_url":"https:\/\/seteminutos.org\/blog\/edicoes\/evora\/especiais-evora\/datas-comemorativas\/","og_site_name":"Sete Minutos","article_publisher":"https:\/\/www.facebook.com\/seteminutos.oficial","article_modified_time":"2021-11-14T13:16:36+00:00","og_image":[{"width":240,"height":240,"url":"https:\/\/i0.wp.com\/seteminutos.pt\/blog\/wp-content\/uploads\/2021\/11\/0050-esp-evr-20-12-2016.jpg?fit=240%2C240&ssl=1","type":"image\/jpeg"}],"twitter_card":"summary_large_image","twitter_site":"@sete_minutos","twitter_misc":{"Tempo estimado de leitura":"1 minuto"},"schema":{"@context":"https:\/\/schema.org","@graph":[{"@type":"WebPage","@id":"https:\/\/seteminutos.org\/blog\/edicoes\/evora\/especiais-evora\/datas-comemorativas\/","url":"https:\/\/seteminutos.org\/blog\/edicoes\/evora\/especiais-evora\/datas-comemorativas\/","name":"Sete Minutos | Datas Comemorativas","isPartOf":{"@id":"https:\/\/seteminutos.org\/blog\/#website"},"primaryImageOfPage":{"@id":"https:\/\/seteminutos.org\/blog\/edicoes\/evora\/especiais-evora\/datas-comemorativas\/#primaryimage"},"image":{"@id":"https:\/\/seteminutos.org\/blog\/edicoes\/evora\/especiais-evora\/datas-comemorativas\/#primaryimage"},"thumbnailUrl":"https:\/\/i0.wp.com\/seteminutos.org\/blog\/wp-content\/uploads\/2021\/11\/0050-esp-evr-20-12-2016.jpg?fit=240%2C240&ssl=1","datePublished":"2017-07-22T19:15:09+00:00","dateModified":"2021-11-14T13:16:36+00:00","breadcrumb":{"@id":"https:\/\/seteminutos.org\/blog\/edicoes\/evora\/especiais-evora\/datas-comemorativas\/#breadcrumb"},"inLanguage":"pt-PT","potentialAction":[{"@type":"ReadAction","target":["https:\/\/seteminutos.org\/blog\/edicoes\/evora\/especiais-evora\/datas-comemorativas\/"]}]},{"@type":"ImageObject","inLanguage":"pt-PT","@id":"https:\/\/seteminutos.org\/blog\/edicoes\/evora\/especiais-evora\/datas-comemorativas\/#primaryimage","url":"https:\/\/i0.wp.com\/seteminutos.org\/blog\/wp-content\/uploads\/2021\/11\/0050-esp-evr-20-12-2016.jpg?fit=240%2C240&ssl=1","contentUrl":"https:\/\/i0.wp.com\/seteminutos.org\/blog\/wp-content\/uploads\/2021\/11\/0050-esp-evr-20-12-2016.jpg?fit=240%2C240&ssl=1","width":240,"height":240,"caption":"Edi\u00e7\u00e3o Especial de Natal 2016"},{"@type":"BreadcrumbList","@id":"https:\/\/seteminutos.org\/blog\/edicoes\/evora\/especiais-evora\/datas-comemorativas\/#breadcrumb","itemListElement":[{"@type":"ListItem","position":1,"name":"In\u00edcio","item":"https:\/\/seteminutos.org\/blog\/"},{"@type":"ListItem","position":2,"name":"Edi\u00e7\u00f5es","item":"https:\/\/seteminutos.org\/blog\/edicoes\/"},{"@type":"ListItem","position":3,"name":"\u00c9vora","item":"https:\/\/seteminutos.org\/blog\/edicoes\/evora\/"},{"@type":"ListItem","position":4,"name":"Especiais","item":"https:\/\/seteminutos.org\/blog\/edicoes\/evora\/especiais-evora\/"},{"@type":"ListItem","position":5,"name":"Datas Comemorativas"}]},{"@type":"WebSite","@id":"https:\/\/seteminutos.org\/blog\/#website","url":"https:\/\/seteminutos.org\/blog\/","name":"Sete Minutos","description":"Curiosidades, Humor e Informa\u00e7\u00e3o com Intelig\u00eancia","publisher":{"@id":"https:\/\/seteminutos.org\/blog\/#organization"},"potentialAction":[{"@type":"SearchAction","target":{"@type":"EntryPoint","urlTemplate":"https:\/\/seteminutos.org\/blog\/?s={search_term_string}"},"query-input":{"@type":"PropertyValueSpecification","valueRequired":true,"valueName":"search_term_string"}}],"inLanguage":"pt-PT"},{"@type":"Organization","@id":"https:\/\/seteminutos.org\/blog\/#organization","name":"Sete Minutos","url":"https:\/\/seteminutos.org\/blog\/","logo":{"@type":"ImageObject","inLanguage":"pt-PT","@id":"https:\/\/seteminutos.org\/blog\/#\/schema\/logo\/image\/","url":"https:\/\/i0.wp.com\/seteminutos.org\/blog\/wp-content\/uploads\/2017\/06\/cropped-sm-logo-2017-2.jpg?fit=290%2C64&ssl=1","contentUrl":"https:\/\/i0.wp.com\/seteminutos.org\/blog\/wp-content\/uploads\/2017\/06\/cropped-sm-logo-2017-2.jpg?fit=290%2C64&ssl=1","width":290,"height":64,"caption":"Sete Minutos"},"image":{"@id":"https:\/\/seteminutos.org\/blog\/#\/schema\/logo\/image\/"},"sameAs":["https:\/\/www.facebook.com\/seteminutos.oficial","https:\/\/x.com\/sete_minutos"]}]}},"jetpack_sharing_enabled":true,"jetpack_likes_enabled":true,"_links":{"self":[{"href":"https:\/\/seteminutos.org\/blog\/wp-json\/wp\/v2\/pages\/4152","targetHints":{"allow":["GET"]}}],"collection":[{"href":"https:\/\/seteminutos.org\/blog\/wp-json\/wp\/v2\/pages"}],"about":[{"href":"https:\/\/seteminutos.org\/blog\/wp-json\/wp\/v2\/types\/page"}],"author":[{"embeddable":true,"href":"https:\/\/seteminutos.org\/blog\/wp-json\/wp\/v2\/users\/1"}],"replies":[{"embeddable":true,"href":"https:\/\/seteminutos.org\/blog\/wp-json\/wp\/v2\/comments?post=4152"}],"version-history":[{"count":4,"href":"https:\/\/seteminutos.org\/blog\/wp-json\/wp\/v2\/pages\/4152\/revisions"}],"predecessor-version":[{"id":9241,"href":"https:\/\/seteminutos.org\/blog\/wp-json\/wp\/v2\/pages\/4152\/revisions\/9241"}],"up":[{"embeddable":true,"href":"https:\/\/seteminutos.org\/blog\/wp-json\/wp\/v2\/pages\/3537"}],"wp:featuredmedia":[{"embeddable":true,"href":"https:\/\/seteminutos.org\/blog\/wp-json\/wp\/v2\/media\/9240"}],"wp:attachment":[{"href":"https:\/\/seteminutos.org\/blog\/wp-json\/wp\/v2\/media?parent=4152"}],"curies":[{"name":"wp","href":"https:\/\/api.w.org\/{rel}","templated":true}]}}