{"id":4156,"date":"2017-07-22T20:21:18","date_gmt":"2017-07-22T19:21:18","guid":{"rendered":"http:\/\/seteminutos.pt\/blog\/?page_id=4156"},"modified":"2021-11-14T12:51:58","modified_gmt":"2021-11-14T12:51:58","slug":"freguesias","status":"publish","type":"page","link":"https:\/\/seteminutos.org\/blog\/edicoes\/evora\/especiais-evora\/freguesias\/","title":{"rendered":"Freguesias"},"content":{"rendered":"\n<h4 class=\"wp-block-heading\" id=\"um-destaque-merecido-as-freguesias-de-evora\"><strong><img data-recalc-dims=\"1\" loading=\"lazy\" decoding=\"async\" width=\"240\" height=\"240\" class=\"size-full wp-image-4405 alignleft\" src=\"https:\/\/i0.wp.com\/seteminutos.org\/blog\/wp-content\/uploads\/2021\/11\/0013-esp-evr-30-07-2010.jpg?resize=240%2C240&#038;ssl=1\" alt=\"Sete Minutos Eletr\u00f3nico\">Um destaque merecido \u00e0s freguesias de \u00c9vora<\/strong><\/h4>\n\n\n\n<p>O concelho de \u00c9vora vem passando por diversas altera\u00e7\u00f5es administrativas ao longo dos anos. De acordo com informa\u00e7\u00f5es apuradas, este conselho j\u00e1 teve as seguintes freguesias: Bacelo, Horta das Figueiras, Malagueira, Nossa Senhora da Boa F\u00e9, Nossa Senhora de Guadalupe, Nossa Senhora da Tourega, Santiago, Santo Ant\u00e3o, S\u00e3o Bento de Pomares, S\u00e3o Br\u00e1s do Regedouro, S\u00e3o Jord\u00e3o, S\u00e3o Mamede, S\u00e3o Man\u00e7os, S\u00e3o Marcos da Ab\u00f3bada, S\u00e3o Matias, S\u00e3o Pedro, S\u00e3o Sebasti\u00e3o da Giesteira, S\u00e3o Vicente do Pigeiro, S\u00e9, S\u00e9 e S\u00e3o Pedro e Senhora da Sa\u00fade.<\/p>\n\n\n\n<p>Atualmente o concelho \u00e9 dividido administrativamente em 12 freguesias: Canaviais, Nossa Senhora da Gra\u00e7a do Divor, Nossa Senhora de Machede, S\u00e3o Bento do Mato, Torre de Coelheiros, S\u00e3o Miguel de Machede, Uni\u00e3o das Freguesias de Bacelo e Senhora da Sa\u00fade, Uni\u00e3o das Freguesias de \u00c9vora (S\u00e3o Mamede, S\u00e9, S\u00e3o Pedro e Santo Ant\u00e3o), Uni\u00e3o das Freguesias de Malagueira e Horta das Figueiras, Uni\u00e3o das Freguesias de Nossa Senhora da Tourega e Nossa Senhora de Guadalupe, Uni\u00e3o das Freguesias de S\u00e3o Man\u00e7os e S\u00e3o Vicente do Pigeiro e a Uni\u00e3o das Freguesias de S\u00e3o Sebasti\u00e3o da Giesteira e Nossa Senhora da Boa F\u00e9.<\/p>\n\n\n\n<p>O Sete Minutos fez em 2010 uma edi\u00e7\u00e3o especial sobre as freguesias de <a href=\"https:\/\/drive.google.com\/file\/d\/1-UENeHhujhbbyVnDrbG3rM-ubH2PA69s\/view?usp=sharing\" target=\"_blank\" rel=\"noreferrer noopener\">Canaviais e Bacelo<\/a> e, embora fizesse parte da estrat\u00e9gia inicial dar destaque a todas as freguesias do concelho, infelizmente acabamos por ficar apenas por essa. No entanto, est\u00e1 em estudo a possibilidade de passar a fazer, uma edi\u00e7\u00e3o especial sobre as freguesias, dando destaque mensalmente a cada uma.<\/p>\n\n\n\n<p>Informa\u00e7\u00e3o atualizada em\u00a0<strong>14 de novembro de 2021<\/strong>.<\/p>\n","protected":false},"excerpt":{"rendered":"<p>Um destaque merecido \u00e0s freguesias de \u00c9vora O concelho de \u00c9vora vem passando por diversas altera\u00e7\u00f5es administrativas ao longo dos anos. De acordo com informa\u00e7\u00f5es apuradas, este conselho j\u00e1 teve as seguintes freguesias: Bacelo, Horta das Figueiras, Malagueira, Nossa Senhora da Boa F\u00e9, Nossa Senhora de Guadalupe, Nossa Senhora da Tourega, Santiago, Santo Ant\u00e3o, S\u00e3o Bento de Pomares, S\u00e3o Br\u00e1s do Regedouro, S\u00e3o Jord\u00e3o, S\u00e3o Mamede, S\u00e3o Man\u00e7os, S\u00e3o Marcos da Ab\u00f3bada, S\u00e3o Matias, S\u00e3o Pedro, S\u00e3o Sebasti\u00e3o da Giesteira, S\u00e3o Vicente do Pigeiro, S\u00e9, S\u00e9 e S\u00e3o Pedro e&hellip;<\/p>\n","protected":false},"author":1,"featured_media":9215,"parent":3537,"menu_order":0,"comment_status":"closed","ping_status":"closed","template":"","meta":{"footnotes":""},"class_list":["post-4156","page","type-page","status-publish","has-post-thumbnail","hentry"],"yoast_head":"<!-- This site is optimized with the Yoast SEO plugin v26.0 - https:\/\/yoast.com\/wordpress\/plugins\/seo\/ -->\n<title>Sete Minutos | Freguesias<\/title>\n<meta name=\"robots\" content=\"index, follow, max-snippet:-1, max-image-preview:large, max-video-preview:-1\" \/>\n<link rel=\"canonical\" href=\"https:\/\/seteminutos.org\/blog\/edicoes\/evora\/especiais-evora\/freguesias\/\" \/>\n<meta property=\"og:locale\" content=\"pt_PT\" \/>\n<meta property=\"og:type\" content=\"article\" \/>\n<meta property=\"og:title\" content=\"Sete Minutos | Freguesias\" \/>\n<meta property=\"og:url\" content=\"https:\/\/seteminutos.org\/blog\/edicoes\/evora\/especiais-evora\/freguesias\/\" \/>\n<meta property=\"og:site_name\" content=\"Sete Minutos\" \/>\n<meta property=\"article:publisher\" content=\"https:\/\/www.facebook.com\/seteminutos.oficial\" \/>\n<meta property=\"article:modified_time\" content=\"2021-11-14T12:51:58+00:00\" \/>\n<meta property=\"og:image\" content=\"https:\/\/i0.wp.com\/seteminutos.pt\/blog\/wp-content\/uploads\/2021\/11\/0013-esp-evr-30-07-2010.jpg?fit=240%2C240&ssl=1\" \/>\n\t<meta property=\"og:image:width\" content=\"240\" \/>\n\t<meta property=\"og:image:height\" content=\"240\" \/>\n\t<meta property=\"og:image:type\" content=\"image\/jpeg\" \/>\n<meta name=\"twitter:card\" content=\"summary_large_image\" \/>\n<meta name=\"twitter:site\" content=\"@sete_minutos\" \/>\n<meta name=\"twitter:label1\" content=\"Tempo estimado de leitura\" \/>\n\t<meta name=\"twitter:data1\" content=\"2 minutos\" \/>\n<script type=\"application\/ld+json\" class=\"yoast-schema-graph\">{\"@context\":\"https:\/\/schema.org\",\"@graph\":[{\"@type\":\"WebPage\",\"@id\":\"https:\/\/seteminutos.org\/blog\/edicoes\/evora\/especiais-evora\/freguesias\/\",\"url\":\"https:\/\/seteminutos.org\/blog\/edicoes\/evora\/especiais-evora\/freguesias\/\",\"name\":\"Sete Minutos | Freguesias\",\"isPartOf\":{\"@id\":\"https:\/\/seteminutos.org\/blog\/#website\"},\"primaryImageOfPage\":{\"@id\":\"https:\/\/seteminutos.org\/blog\/edicoes\/evora\/especiais-evora\/freguesias\/#primaryimage\"},\"image\":{\"@id\":\"https:\/\/seteminutos.org\/blog\/edicoes\/evora\/especiais-evora\/freguesias\/#primaryimage\"},\"thumbnailUrl\":\"https:\/\/i0.wp.com\/seteminutos.org\/blog\/wp-content\/uploads\/2021\/11\/0013-esp-evr-30-07-2010.jpg?fit=240%2C240&ssl=1\",\"datePublished\":\"2017-07-22T19:21:18+00:00\",\"dateModified\":\"2021-11-14T12:51:58+00:00\",\"breadcrumb\":{\"@id\":\"https:\/\/seteminutos.org\/blog\/edicoes\/evora\/especiais-evora\/freguesias\/#breadcrumb\"},\"inLanguage\":\"pt-PT\",\"potentialAction\":[{\"@type\":\"ReadAction\",\"target\":[\"https:\/\/seteminutos.org\/blog\/edicoes\/evora\/especiais-evora\/freguesias\/\"]}]},{\"@type\":\"ImageObject\",\"inLanguage\":\"pt-PT\",\"@id\":\"https:\/\/seteminutos.org\/blog\/edicoes\/evora\/especiais-evora\/freguesias\/#primaryimage\",\"url\":\"https:\/\/i0.wp.com\/seteminutos.org\/blog\/wp-content\/uploads\/2021\/11\/0013-esp-evr-30-07-2010.jpg?fit=240%2C240&ssl=1\",\"contentUrl\":\"https:\/\/i0.wp.com\/seteminutos.org\/blog\/wp-content\/uploads\/2021\/11\/0013-esp-evr-30-07-2010.jpg?fit=240%2C240&ssl=1\",\"width\":240,\"height\":240,\"caption\":\"Edi\u00e7\u00e3o Especial Canavias\/Bacelo\"},{\"@type\":\"BreadcrumbList\",\"@id\":\"https:\/\/seteminutos.org\/blog\/edicoes\/evora\/especiais-evora\/freguesias\/#breadcrumb\",\"itemListElement\":[{\"@type\":\"ListItem\",\"position\":1,\"name\":\"In\u00edcio\",\"item\":\"https:\/\/seteminutos.org\/blog\/\"},{\"@type\":\"ListItem\",\"position\":2,\"name\":\"Edi\u00e7\u00f5es\",\"item\":\"https:\/\/seteminutos.org\/blog\/edicoes\/\"},{\"@type\":\"ListItem\",\"position\":3,\"name\":\"\u00c9vora\",\"item\":\"https:\/\/seteminutos.org\/blog\/edicoes\/evora\/\"},{\"@type\":\"ListItem\",\"position\":4,\"name\":\"Especiais\",\"item\":\"https:\/\/seteminutos.org\/blog\/edicoes\/evora\/especiais-evora\/\"},{\"@type\":\"ListItem\",\"position\":5,\"name\":\"Freguesias\"}]},{\"@type\":\"WebSite\",\"@id\":\"https:\/\/seteminutos.org\/blog\/#website\",\"url\":\"https:\/\/seteminutos.org\/blog\/\",\"name\":\"Sete Minutos\",\"description\":\"Curiosidades, Humor e Informa\u00e7\u00e3o com Intelig\u00eancia\",\"publisher\":{\"@id\":\"https:\/\/seteminutos.org\/blog\/#organization\"},\"potentialAction\":[{\"@type\":\"SearchAction\",\"target\":{\"@type\":\"EntryPoint\",\"urlTemplate\":\"https:\/\/seteminutos.org\/blog\/?s={search_term_string}\"},\"query-input\":{\"@type\":\"PropertyValueSpecification\",\"valueRequired\":true,\"valueName\":\"search_term_string\"}}],\"inLanguage\":\"pt-PT\"},{\"@type\":\"Organization\",\"@id\":\"https:\/\/seteminutos.org\/blog\/#organization\",\"name\":\"Sete Minutos\",\"url\":\"https:\/\/seteminutos.org\/blog\/\",\"logo\":{\"@type\":\"ImageObject\",\"inLanguage\":\"pt-PT\",\"@id\":\"https:\/\/seteminutos.org\/blog\/#\/schema\/logo\/image\/\",\"url\":\"https:\/\/i0.wp.com\/seteminutos.org\/blog\/wp-content\/uploads\/2017\/06\/cropped-sm-logo-2017-2.jpg?fit=290%2C64&ssl=1\",\"contentUrl\":\"https:\/\/i0.wp.com\/seteminutos.org\/blog\/wp-content\/uploads\/2017\/06\/cropped-sm-logo-2017-2.jpg?fit=290%2C64&ssl=1\",\"width\":290,\"height\":64,\"caption\":\"Sete Minutos\"},\"image\":{\"@id\":\"https:\/\/seteminutos.org\/blog\/#\/schema\/logo\/image\/\"},\"sameAs\":[\"https:\/\/www.facebook.com\/seteminutos.oficial\",\"https:\/\/x.com\/sete_minutos\"]}]}<\/script>\n<!-- \/ Yoast SEO plugin. -->","yoast_head_json":{"title":"Sete Minutos | Freguesias","robots":{"index":"index","follow":"follow","max-snippet":"max-snippet:-1","max-image-preview":"max-image-preview:large","max-video-preview":"max-video-preview:-1"},"canonical":"https:\/\/seteminutos.org\/blog\/edicoes\/evora\/especiais-evora\/freguesias\/","og_locale":"pt_PT","og_type":"article","og_title":"Sete Minutos | Freguesias","og_url":"https:\/\/seteminutos.org\/blog\/edicoes\/evora\/especiais-evora\/freguesias\/","og_site_name":"Sete Minutos","article_publisher":"https:\/\/www.facebook.com\/seteminutos.oficial","article_modified_time":"2021-11-14T12:51:58+00:00","og_image":[{"width":240,"height":240,"url":"https:\/\/i0.wp.com\/seteminutos.pt\/blog\/wp-content\/uploads\/2021\/11\/0013-esp-evr-30-07-2010.jpg?fit=240%2C240&ssl=1","type":"image\/jpeg"}],"twitter_card":"summary_large_image","twitter_site":"@sete_minutos","twitter_misc":{"Tempo estimado de leitura":"2 minutos"},"schema":{"@context":"https:\/\/schema.org","@graph":[{"@type":"WebPage","@id":"https:\/\/seteminutos.org\/blog\/edicoes\/evora\/especiais-evora\/freguesias\/","url":"https:\/\/seteminutos.org\/blog\/edicoes\/evora\/especiais-evora\/freguesias\/","name":"Sete Minutos | Freguesias","isPartOf":{"@id":"https:\/\/seteminutos.org\/blog\/#website"},"primaryImageOfPage":{"@id":"https:\/\/seteminutos.org\/blog\/edicoes\/evora\/especiais-evora\/freguesias\/#primaryimage"},"image":{"@id":"https:\/\/seteminutos.org\/blog\/edicoes\/evora\/especiais-evora\/freguesias\/#primaryimage"},"thumbnailUrl":"https:\/\/i0.wp.com\/seteminutos.org\/blog\/wp-content\/uploads\/2021\/11\/0013-esp-evr-30-07-2010.jpg?fit=240%2C240&ssl=1","datePublished":"2017-07-22T19:21:18+00:00","dateModified":"2021-11-14T12:51:58+00:00","breadcrumb":{"@id":"https:\/\/seteminutos.org\/blog\/edicoes\/evora\/especiais-evora\/freguesias\/#breadcrumb"},"inLanguage":"pt-PT","potentialAction":[{"@type":"ReadAction","target":["https:\/\/seteminutos.org\/blog\/edicoes\/evora\/especiais-evora\/freguesias\/"]}]},{"@type":"ImageObject","inLanguage":"pt-PT","@id":"https:\/\/seteminutos.org\/blog\/edicoes\/evora\/especiais-evora\/freguesias\/#primaryimage","url":"https:\/\/i0.wp.com\/seteminutos.org\/blog\/wp-content\/uploads\/2021\/11\/0013-esp-evr-30-07-2010.jpg?fit=240%2C240&ssl=1","contentUrl":"https:\/\/i0.wp.com\/seteminutos.org\/blog\/wp-content\/uploads\/2021\/11\/0013-esp-evr-30-07-2010.jpg?fit=240%2C240&ssl=1","width":240,"height":240,"caption":"Edi\u00e7\u00e3o Especial Canavias\/Bacelo"},{"@type":"BreadcrumbList","@id":"https:\/\/seteminutos.org\/blog\/edicoes\/evora\/especiais-evora\/freguesias\/#breadcrumb","itemListElement":[{"@type":"ListItem","position":1,"name":"In\u00edcio","item":"https:\/\/seteminutos.org\/blog\/"},{"@type":"ListItem","position":2,"name":"Edi\u00e7\u00f5es","item":"https:\/\/seteminutos.org\/blog\/edicoes\/"},{"@type":"ListItem","position":3,"name":"\u00c9vora","item":"https:\/\/seteminutos.org\/blog\/edicoes\/evora\/"},{"@type":"ListItem","position":4,"name":"Especiais","item":"https:\/\/seteminutos.org\/blog\/edicoes\/evora\/especiais-evora\/"},{"@type":"ListItem","position":5,"name":"Freguesias"}]},{"@type":"WebSite","@id":"https:\/\/seteminutos.org\/blog\/#website","url":"https:\/\/seteminutos.org\/blog\/","name":"Sete Minutos","description":"Curiosidades, Humor e Informa\u00e7\u00e3o com Intelig\u00eancia","publisher":{"@id":"https:\/\/seteminutos.org\/blog\/#organization"},"potentialAction":[{"@type":"SearchAction","target":{"@type":"EntryPoint","urlTemplate":"https:\/\/seteminutos.org\/blog\/?s={search_term_string}"},"query-input":{"@type":"PropertyValueSpecification","valueRequired":true,"valueName":"search_term_string"}}],"inLanguage":"pt-PT"},{"@type":"Organization","@id":"https:\/\/seteminutos.org\/blog\/#organization","name":"Sete Minutos","url":"https:\/\/seteminutos.org\/blog\/","logo":{"@type":"ImageObject","inLanguage":"pt-PT","@id":"https:\/\/seteminutos.org\/blog\/#\/schema\/logo\/image\/","url":"https:\/\/i0.wp.com\/seteminutos.org\/blog\/wp-content\/uploads\/2017\/06\/cropped-sm-logo-2017-2.jpg?fit=290%2C64&ssl=1","contentUrl":"https:\/\/i0.wp.com\/seteminutos.org\/blog\/wp-content\/uploads\/2017\/06\/cropped-sm-logo-2017-2.jpg?fit=290%2C64&ssl=1","width":290,"height":64,"caption":"Sete Minutos"},"image":{"@id":"https:\/\/seteminutos.org\/blog\/#\/schema\/logo\/image\/"},"sameAs":["https:\/\/www.facebook.com\/seteminutos.oficial","https:\/\/x.com\/sete_minutos"]}]}},"jetpack_sharing_enabled":true,"jetpack_likes_enabled":true,"_links":{"self":[{"href":"https:\/\/seteminutos.org\/blog\/wp-json\/wp\/v2\/pages\/4156","targetHints":{"allow":["GET"]}}],"collection":[{"href":"https:\/\/seteminutos.org\/blog\/wp-json\/wp\/v2\/pages"}],"about":[{"href":"https:\/\/seteminutos.org\/blog\/wp-json\/wp\/v2\/types\/page"}],"author":[{"embeddable":true,"href":"https:\/\/seteminutos.org\/blog\/wp-json\/wp\/v2\/users\/1"}],"replies":[{"embeddable":true,"href":"https:\/\/seteminutos.org\/blog\/wp-json\/wp\/v2\/comments?post=4156"}],"version-history":[{"count":5,"href":"https:\/\/seteminutos.org\/blog\/wp-json\/wp\/v2\/pages\/4156\/revisions"}],"predecessor-version":[{"id":9237,"href":"https:\/\/seteminutos.org\/blog\/wp-json\/wp\/v2\/pages\/4156\/revisions\/9237"}],"up":[{"embeddable":true,"href":"https:\/\/seteminutos.org\/blog\/wp-json\/wp\/v2\/pages\/3537"}],"wp:featuredmedia":[{"embeddable":true,"href":"https:\/\/seteminutos.org\/blog\/wp-json\/wp\/v2\/media\/9215"}],"wp:attachment":[{"href":"https:\/\/seteminutos.org\/blog\/wp-json\/wp\/v2\/media?parent=4156"}],"curies":[{"name":"wp","href":"https:\/\/api.w.org\/{rel}","templated":true}]}}