{"id":4158,"date":"2017-07-22T20:21:51","date_gmt":"2017-07-22T19:21:51","guid":{"rendered":"http:\/\/seteminutos.pt\/blog\/?page_id=4158"},"modified":"2017-09-14T22:40:41","modified_gmt":"2017-09-14T21:40:41","slug":"expomora-2010","status":"publish","type":"page","link":"https:\/\/seteminutos.org\/blog\/edicoes\/mora\/especiais-mora\/expomora-2010\/","title":{"rendered":"Expomora &#8211; 2010"},"content":{"rendered":"<p><img data-recalc-dims=\"1\" loading=\"lazy\" decoding=\"async\" class=\"size-full wp-image-4362 alignleft\" src=\"https:\/\/i0.wp.com\/seteminutos.org\/blog\/wp-content\/uploads\/2017\/07\/especial-expomora.jpg?resize=240%2C240&#038;ssl=1\" alt=\"Expomora 2010\" width=\"240\" height=\"240\" \/>A 10 de setembro de 2010 o Sete Minutos fez a sua primeira aposta de expans\u00e3o para o Concelho de Mora, com uma edi\u00e7\u00e3o especial dedicada \u00e0 Expomora.<\/p>\n<p>&nbsp;<\/p>\n<p>&nbsp;<\/p>\n<p>(p\u00e1gina em constru\u00e7\u00e3o)<\/p>\n","protected":false},"excerpt":{"rendered":"<p>A 10 de setembro de 2010 o Sete Minutos fez a sua primeira aposta de expans\u00e3o para o Concelho de Mora, com uma edi\u00e7\u00e3o especial dedicada \u00e0 Expomora. &nbsp; &nbsp; (p\u00e1gina em constru\u00e7\u00e3o)<\/p>\n","protected":false},"author":1,"featured_media":0,"parent":4214,"menu_order":1,"comment_status":"closed","ping_status":"closed","template":"","meta":{"footnotes":""},"class_list":["post-4158","page","type-page","status-publish","hentry"],"yoast_head":"<!-- This site is optimized with the Yoast SEO plugin v26.0 - https:\/\/yoast.com\/wordpress\/plugins\/seo\/ -->\n<title>Sete Minutos | Expomora - 2010<\/title>\n<meta name=\"robots\" content=\"index, follow, max-snippet:-1, max-image-preview:large, max-video-preview:-1\" \/>\n<link rel=\"canonical\" href=\"https:\/\/seteminutos.org\/blog\/edicoes\/mora\/especiais-mora\/expomora-2010\/\" \/>\n<meta property=\"og:locale\" content=\"pt_PT\" \/>\n<meta property=\"og:type\" content=\"article\" \/>\n<meta property=\"og:title\" content=\"Sete Minutos | Expomora - 2010\" \/>\n<meta property=\"og:url\" content=\"https:\/\/seteminutos.org\/blog\/edicoes\/mora\/especiais-mora\/expomora-2010\/\" \/>\n<meta property=\"og:site_name\" content=\"Sete Minutos\" \/>\n<meta property=\"article:publisher\" content=\"https:\/\/www.facebook.com\/seteminutos.oficial\" \/>\n<meta property=\"article:modified_time\" content=\"2017-09-14T21:40:41+00:00\" \/>\n<meta property=\"og:image\" content=\"http:\/\/seteminutos.pt\/blog\/wp-content\/uploads\/2017\/07\/especial-expomora.jpg\" \/>\n<meta name=\"twitter:card\" content=\"summary_large_image\" \/>\n<meta name=\"twitter:site\" content=\"@sete_minutos\" \/>\n<script type=\"application\/ld+json\" class=\"yoast-schema-graph\">{\"@context\":\"https:\/\/schema.org\",\"@graph\":[{\"@type\":\"WebPage\",\"@id\":\"https:\/\/seteminutos.org\/blog\/edicoes\/mora\/especiais-mora\/expomora-2010\/\",\"url\":\"https:\/\/seteminutos.org\/blog\/edicoes\/mora\/especiais-mora\/expomora-2010\/\",\"name\":\"Sete Minutos | Expomora - 2010\",\"isPartOf\":{\"@id\":\"https:\/\/seteminutos.org\/blog\/#website\"},\"primaryImageOfPage\":{\"@id\":\"https:\/\/seteminutos.org\/blog\/edicoes\/mora\/especiais-mora\/expomora-2010\/#primaryimage\"},\"image\":{\"@id\":\"https:\/\/seteminutos.org\/blog\/edicoes\/mora\/especiais-mora\/expomora-2010\/#primaryimage\"},\"thumbnailUrl\":\"https:\/\/seteminutos.org\/blog\/wp-content\/uploads\/2017\/07\/especial-expomora.jpg\",\"datePublished\":\"2017-07-22T19:21:51+00:00\",\"dateModified\":\"2017-09-14T21:40:41+00:00\",\"breadcrumb\":{\"@id\":\"https:\/\/seteminutos.org\/blog\/edicoes\/mora\/especiais-mora\/expomora-2010\/#breadcrumb\"},\"inLanguage\":\"pt-PT\",\"potentialAction\":[{\"@type\":\"ReadAction\",\"target\":[\"https:\/\/seteminutos.org\/blog\/edicoes\/mora\/especiais-mora\/expomora-2010\/\"]}]},{\"@type\":\"ImageObject\",\"inLanguage\":\"pt-PT\",\"@id\":\"https:\/\/seteminutos.org\/blog\/edicoes\/mora\/especiais-mora\/expomora-2010\/#primaryimage\",\"url\":\"https:\/\/i0.wp.com\/seteminutos.org\/blog\/wp-content\/uploads\/2017\/07\/especial-expomora.jpg?fit=240%2C240&ssl=1\",\"contentUrl\":\"https:\/\/i0.wp.com\/seteminutos.org\/blog\/wp-content\/uploads\/2017\/07\/especial-expomora.jpg?fit=240%2C240&ssl=1\",\"width\":240,\"height\":240,\"caption\":\"Expomora 2010\"},{\"@type\":\"BreadcrumbList\",\"@id\":\"https:\/\/seteminutos.org\/blog\/edicoes\/mora\/especiais-mora\/expomora-2010\/#breadcrumb\",\"itemListElement\":[{\"@type\":\"ListItem\",\"position\":1,\"name\":\"In\u00edcio\",\"item\":\"https:\/\/seteminutos.org\/blog\/\"},{\"@type\":\"ListItem\",\"position\":2,\"name\":\"Edi\u00e7\u00f5es\",\"item\":\"https:\/\/seteminutos.org\/blog\/edicoes\/\"},{\"@type\":\"ListItem\",\"position\":3,\"name\":\"Mora\",\"item\":\"https:\/\/seteminutos.org\/blog\/edicoes\/mora\/\"},{\"@type\":\"ListItem\",\"position\":4,\"name\":\"Especiais\",\"item\":\"https:\/\/seteminutos.org\/blog\/edicoes\/mora\/especiais-mora\/\"},{\"@type\":\"ListItem\",\"position\":5,\"name\":\"Expomora &#8211; 2010\"}]},{\"@type\":\"WebSite\",\"@id\":\"https:\/\/seteminutos.org\/blog\/#website\",\"url\":\"https:\/\/seteminutos.org\/blog\/\",\"name\":\"Sete Minutos\",\"description\":\"Curiosidades, Humor e Informa\u00e7\u00e3o com Intelig\u00eancia\",\"publisher\":{\"@id\":\"https:\/\/seteminutos.org\/blog\/#organization\"},\"potentialAction\":[{\"@type\":\"SearchAction\",\"target\":{\"@type\":\"EntryPoint\",\"urlTemplate\":\"https:\/\/seteminutos.org\/blog\/?s={search_term_string}\"},\"query-input\":{\"@type\":\"PropertyValueSpecification\",\"valueRequired\":true,\"valueName\":\"search_term_string\"}}],\"inLanguage\":\"pt-PT\"},{\"@type\":\"Organization\",\"@id\":\"https:\/\/seteminutos.org\/blog\/#organization\",\"name\":\"Sete Minutos\",\"url\":\"https:\/\/seteminutos.org\/blog\/\",\"logo\":{\"@type\":\"ImageObject\",\"inLanguage\":\"pt-PT\",\"@id\":\"https:\/\/seteminutos.org\/blog\/#\/schema\/logo\/image\/\",\"url\":\"https:\/\/i0.wp.com\/seteminutos.org\/blog\/wp-content\/uploads\/2017\/06\/cropped-sm-logo-2017-2.jpg?fit=290%2C64&ssl=1\",\"contentUrl\":\"https:\/\/i0.wp.com\/seteminutos.org\/blog\/wp-content\/uploads\/2017\/06\/cropped-sm-logo-2017-2.jpg?fit=290%2C64&ssl=1\",\"width\":290,\"height\":64,\"caption\":\"Sete Minutos\"},\"image\":{\"@id\":\"https:\/\/seteminutos.org\/blog\/#\/schema\/logo\/image\/\"},\"sameAs\":[\"https:\/\/www.facebook.com\/seteminutos.oficial\",\"https:\/\/x.com\/sete_minutos\"]}]}<\/script>\n<!-- \/ Yoast SEO plugin. -->","yoast_head_json":{"title":"Sete Minutos | Expomora - 2010","robots":{"index":"index","follow":"follow","max-snippet":"max-snippet:-1","max-image-preview":"max-image-preview:large","max-video-preview":"max-video-preview:-1"},"canonical":"https:\/\/seteminutos.org\/blog\/edicoes\/mora\/especiais-mora\/expomora-2010\/","og_locale":"pt_PT","og_type":"article","og_title":"Sete Minutos | Expomora - 2010","og_url":"https:\/\/seteminutos.org\/blog\/edicoes\/mora\/especiais-mora\/expomora-2010\/","og_site_name":"Sete Minutos","article_publisher":"https:\/\/www.facebook.com\/seteminutos.oficial","article_modified_time":"2017-09-14T21:40:41+00:00","og_image":[{"url":"http:\/\/seteminutos.pt\/blog\/wp-content\/uploads\/2017\/07\/especial-expomora.jpg","type":"","width":"","height":""}],"twitter_card":"summary_large_image","twitter_site":"@sete_minutos","schema":{"@context":"https:\/\/schema.org","@graph":[{"@type":"WebPage","@id":"https:\/\/seteminutos.org\/blog\/edicoes\/mora\/especiais-mora\/expomora-2010\/","url":"https:\/\/seteminutos.org\/blog\/edicoes\/mora\/especiais-mora\/expomora-2010\/","name":"Sete Minutos | Expomora - 2010","isPartOf":{"@id":"https:\/\/seteminutos.org\/blog\/#website"},"primaryImageOfPage":{"@id":"https:\/\/seteminutos.org\/blog\/edicoes\/mora\/especiais-mora\/expomora-2010\/#primaryimage"},"image":{"@id":"https:\/\/seteminutos.org\/blog\/edicoes\/mora\/especiais-mora\/expomora-2010\/#primaryimage"},"thumbnailUrl":"https:\/\/seteminutos.org\/blog\/wp-content\/uploads\/2017\/07\/especial-expomora.jpg","datePublished":"2017-07-22T19:21:51+00:00","dateModified":"2017-09-14T21:40:41+00:00","breadcrumb":{"@id":"https:\/\/seteminutos.org\/blog\/edicoes\/mora\/especiais-mora\/expomora-2010\/#breadcrumb"},"inLanguage":"pt-PT","potentialAction":[{"@type":"ReadAction","target":["https:\/\/seteminutos.org\/blog\/edicoes\/mora\/especiais-mora\/expomora-2010\/"]}]},{"@type":"ImageObject","inLanguage":"pt-PT","@id":"https:\/\/seteminutos.org\/blog\/edicoes\/mora\/especiais-mora\/expomora-2010\/#primaryimage","url":"https:\/\/i0.wp.com\/seteminutos.org\/blog\/wp-content\/uploads\/2017\/07\/especial-expomora.jpg?fit=240%2C240&ssl=1","contentUrl":"https:\/\/i0.wp.com\/seteminutos.org\/blog\/wp-content\/uploads\/2017\/07\/especial-expomora.jpg?fit=240%2C240&ssl=1","width":240,"height":240,"caption":"Expomora 2010"},{"@type":"BreadcrumbList","@id":"https:\/\/seteminutos.org\/blog\/edicoes\/mora\/especiais-mora\/expomora-2010\/#breadcrumb","itemListElement":[{"@type":"ListItem","position":1,"name":"In\u00edcio","item":"https:\/\/seteminutos.org\/blog\/"},{"@type":"ListItem","position":2,"name":"Edi\u00e7\u00f5es","item":"https:\/\/seteminutos.org\/blog\/edicoes\/"},{"@type":"ListItem","position":3,"name":"Mora","item":"https:\/\/seteminutos.org\/blog\/edicoes\/mora\/"},{"@type":"ListItem","position":4,"name":"Especiais","item":"https:\/\/seteminutos.org\/blog\/edicoes\/mora\/especiais-mora\/"},{"@type":"ListItem","position":5,"name":"Expomora &#8211; 2010"}]},{"@type":"WebSite","@id":"https:\/\/seteminutos.org\/blog\/#website","url":"https:\/\/seteminutos.org\/blog\/","name":"Sete Minutos","description":"Curiosidades, Humor e Informa\u00e7\u00e3o com Intelig\u00eancia","publisher":{"@id":"https:\/\/seteminutos.org\/blog\/#organization"},"potentialAction":[{"@type":"SearchAction","target":{"@type":"EntryPoint","urlTemplate":"https:\/\/seteminutos.org\/blog\/?s={search_term_string}"},"query-input":{"@type":"PropertyValueSpecification","valueRequired":true,"valueName":"search_term_string"}}],"inLanguage":"pt-PT"},{"@type":"Organization","@id":"https:\/\/seteminutos.org\/blog\/#organization","name":"Sete Minutos","url":"https:\/\/seteminutos.org\/blog\/","logo":{"@type":"ImageObject","inLanguage":"pt-PT","@id":"https:\/\/seteminutos.org\/blog\/#\/schema\/logo\/image\/","url":"https:\/\/i0.wp.com\/seteminutos.org\/blog\/wp-content\/uploads\/2017\/06\/cropped-sm-logo-2017-2.jpg?fit=290%2C64&ssl=1","contentUrl":"https:\/\/i0.wp.com\/seteminutos.org\/blog\/wp-content\/uploads\/2017\/06\/cropped-sm-logo-2017-2.jpg?fit=290%2C64&ssl=1","width":290,"height":64,"caption":"Sete Minutos"},"image":{"@id":"https:\/\/seteminutos.org\/blog\/#\/schema\/logo\/image\/"},"sameAs":["https:\/\/www.facebook.com\/seteminutos.oficial","https:\/\/x.com\/sete_minutos"]}]}},"jetpack_sharing_enabled":true,"jetpack_likes_enabled":true,"_links":{"self":[{"href":"https:\/\/seteminutos.org\/blog\/wp-json\/wp\/v2\/pages\/4158","targetHints":{"allow":["GET"]}}],"collection":[{"href":"https:\/\/seteminutos.org\/blog\/wp-json\/wp\/v2\/pages"}],"about":[{"href":"https:\/\/seteminutos.org\/blog\/wp-json\/wp\/v2\/types\/page"}],"author":[{"embeddable":true,"href":"https:\/\/seteminutos.org\/blog\/wp-json\/wp\/v2\/users\/1"}],"replies":[{"embeddable":true,"href":"https:\/\/seteminutos.org\/blog\/wp-json\/wp\/v2\/comments?post=4158"}],"version-history":[{"count":4,"href":"https:\/\/seteminutos.org\/blog\/wp-json\/wp\/v2\/pages\/4158\/revisions"}],"predecessor-version":[{"id":4363,"href":"https:\/\/seteminutos.org\/blog\/wp-json\/wp\/v2\/pages\/4158\/revisions\/4363"}],"up":[{"embeddable":true,"href":"https:\/\/seteminutos.org\/blog\/wp-json\/wp\/v2\/pages\/4214"}],"wp:attachment":[{"href":"https:\/\/seteminutos.org\/blog\/wp-json\/wp\/v2\/media?parent=4158"}],"curies":[{"name":"wp","href":"https:\/\/api.w.org\/{rel}","templated":true}]}}