{"id":4169,"date":"2017-07-22T20:24:59","date_gmt":"2017-07-22T19:24:59","guid":{"rendered":"http:\/\/seteminutos.pt\/blog\/?page_id=4169"},"modified":"2017-07-23T00:42:18","modified_gmt":"2017-07-22T23:42:18","slug":"feira-da-luz-2016","status":"publish","type":"page","link":"https:\/\/seteminutos.org\/blog\/edicoes\/montemor-o-novo\/especiais-montemor-o-novo\/feira-da-luz-2016\/","title":{"rendered":"Feira da Luz &#8211; 2016"},"content":{"rendered":"<p>(em constru\u00e7\u00e3o)<\/p>\n","protected":false},"excerpt":{"rendered":"<p>(em constru\u00e7\u00e3o)<\/p>\n","protected":false},"author":1,"featured_media":0,"parent":4206,"menu_order":1,"comment_status":"closed","ping_status":"closed","template":"","meta":{"footnotes":""},"class_list":["post-4169","page","type-page","status-publish","hentry"],"yoast_head":"<!-- This site is optimized with the Yoast SEO plugin v26.0 - https:\/\/yoast.com\/wordpress\/plugins\/seo\/ -->\n<title>Sete Minutos | Feira da Luz - 2016<\/title>\n<meta name=\"robots\" content=\"index, follow, max-snippet:-1, max-image-preview:large, max-video-preview:-1\" \/>\n<link rel=\"canonical\" href=\"https:\/\/seteminutos.org\/blog\/edicoes\/montemor-o-novo\/especiais-montemor-o-novo\/feira-da-luz-2016\/\" \/>\n<meta property=\"og:locale\" content=\"pt_PT\" \/>\n<meta property=\"og:type\" content=\"article\" \/>\n<meta property=\"og:title\" content=\"Sete Minutos | Feira da Luz - 2016\" \/>\n<meta property=\"og:url\" content=\"https:\/\/seteminutos.org\/blog\/edicoes\/montemor-o-novo\/especiais-montemor-o-novo\/feira-da-luz-2016\/\" \/>\n<meta property=\"og:site_name\" content=\"Sete Minutos\" \/>\n<meta property=\"article:publisher\" content=\"https:\/\/www.facebook.com\/seteminutos.oficial\" \/>\n<meta property=\"article:modified_time\" content=\"2017-07-22T23:42:18+00:00\" \/>\n<meta name=\"twitter:card\" content=\"summary_large_image\" \/>\n<meta name=\"twitter:site\" content=\"@sete_minutos\" \/>\n<script type=\"application\/ld+json\" class=\"yoast-schema-graph\">{\"@context\":\"https:\/\/schema.org\",\"@graph\":[{\"@type\":\"WebPage\",\"@id\":\"https:\/\/seteminutos.org\/blog\/edicoes\/montemor-o-novo\/especiais-montemor-o-novo\/feira-da-luz-2016\/\",\"url\":\"https:\/\/seteminutos.org\/blog\/edicoes\/montemor-o-novo\/especiais-montemor-o-novo\/feira-da-luz-2016\/\",\"name\":\"Sete Minutos | Feira da Luz - 2016\",\"isPartOf\":{\"@id\":\"https:\/\/seteminutos.org\/blog\/#website\"},\"datePublished\":\"2017-07-22T19:24:59+00:00\",\"dateModified\":\"2017-07-22T23:42:18+00:00\",\"breadcrumb\":{\"@id\":\"https:\/\/seteminutos.org\/blog\/edicoes\/montemor-o-novo\/especiais-montemor-o-novo\/feira-da-luz-2016\/#breadcrumb\"},\"inLanguage\":\"pt-PT\",\"potentialAction\":[{\"@type\":\"ReadAction\",\"target\":[\"https:\/\/seteminutos.org\/blog\/edicoes\/montemor-o-novo\/especiais-montemor-o-novo\/feira-da-luz-2016\/\"]}]},{\"@type\":\"BreadcrumbList\",\"@id\":\"https:\/\/seteminutos.org\/blog\/edicoes\/montemor-o-novo\/especiais-montemor-o-novo\/feira-da-luz-2016\/#breadcrumb\",\"itemListElement\":[{\"@type\":\"ListItem\",\"position\":1,\"name\":\"In\u00edcio\",\"item\":\"https:\/\/seteminutos.org\/blog\/\"},{\"@type\":\"ListItem\",\"position\":2,\"name\":\"Edi\u00e7\u00f5es\",\"item\":\"https:\/\/seteminutos.org\/blog\/edicoes\/\"},{\"@type\":\"ListItem\",\"position\":3,\"name\":\"Montemor-o-Novo\",\"item\":\"https:\/\/seteminutos.org\/blog\/edicoes\/montemor-o-novo\/\"},{\"@type\":\"ListItem\",\"position\":4,\"name\":\"Especiais\",\"item\":\"https:\/\/seteminutos.org\/blog\/edicoes\/montemor-o-novo\/especiais-montemor-o-novo\/\"},{\"@type\":\"ListItem\",\"position\":5,\"name\":\"Feira da Luz &#8211; 2016\"}]},{\"@type\":\"WebSite\",\"@id\":\"https:\/\/seteminutos.org\/blog\/#website\",\"url\":\"https:\/\/seteminutos.org\/blog\/\",\"name\":\"Sete Minutos\",\"description\":\"Curiosidades, Humor e Informa\u00e7\u00e3o com Intelig\u00eancia\",\"publisher\":{\"@id\":\"https:\/\/seteminutos.org\/blog\/#organization\"},\"potentialAction\":[{\"@type\":\"SearchAction\",\"target\":{\"@type\":\"EntryPoint\",\"urlTemplate\":\"https:\/\/seteminutos.org\/blog\/?s={search_term_string}\"},\"query-input\":{\"@type\":\"PropertyValueSpecification\",\"valueRequired\":true,\"valueName\":\"search_term_string\"}}],\"inLanguage\":\"pt-PT\"},{\"@type\":\"Organization\",\"@id\":\"https:\/\/seteminutos.org\/blog\/#organization\",\"name\":\"Sete Minutos\",\"url\":\"https:\/\/seteminutos.org\/blog\/\",\"logo\":{\"@type\":\"ImageObject\",\"inLanguage\":\"pt-PT\",\"@id\":\"https:\/\/seteminutos.org\/blog\/#\/schema\/logo\/image\/\",\"url\":\"https:\/\/i0.wp.com\/seteminutos.org\/blog\/wp-content\/uploads\/2017\/06\/cropped-sm-logo-2017-2.jpg?fit=290%2C64&ssl=1\",\"contentUrl\":\"https:\/\/i0.wp.com\/seteminutos.org\/blog\/wp-content\/uploads\/2017\/06\/cropped-sm-logo-2017-2.jpg?fit=290%2C64&ssl=1\",\"width\":290,\"height\":64,\"caption\":\"Sete Minutos\"},\"image\":{\"@id\":\"https:\/\/seteminutos.org\/blog\/#\/schema\/logo\/image\/\"},\"sameAs\":[\"https:\/\/www.facebook.com\/seteminutos.oficial\",\"https:\/\/x.com\/sete_minutos\"]}]}<\/script>\n<!-- \/ Yoast SEO plugin. -->","yoast_head_json":{"title":"Sete Minutos | Feira da Luz - 2016","robots":{"index":"index","follow":"follow","max-snippet":"max-snippet:-1","max-image-preview":"max-image-preview:large","max-video-preview":"max-video-preview:-1"},"canonical":"https:\/\/seteminutos.org\/blog\/edicoes\/montemor-o-novo\/especiais-montemor-o-novo\/feira-da-luz-2016\/","og_locale":"pt_PT","og_type":"article","og_title":"Sete Minutos | Feira da Luz - 2016","og_url":"https:\/\/seteminutos.org\/blog\/edicoes\/montemor-o-novo\/especiais-montemor-o-novo\/feira-da-luz-2016\/","og_site_name":"Sete Minutos","article_publisher":"https:\/\/www.facebook.com\/seteminutos.oficial","article_modified_time":"2017-07-22T23:42:18+00:00","twitter_card":"summary_large_image","twitter_site":"@sete_minutos","schema":{"@context":"https:\/\/schema.org","@graph":[{"@type":"WebPage","@id":"https:\/\/seteminutos.org\/blog\/edicoes\/montemor-o-novo\/especiais-montemor-o-novo\/feira-da-luz-2016\/","url":"https:\/\/seteminutos.org\/blog\/edicoes\/montemor-o-novo\/especiais-montemor-o-novo\/feira-da-luz-2016\/","name":"Sete Minutos | Feira da Luz - 2016","isPartOf":{"@id":"https:\/\/seteminutos.org\/blog\/#website"},"datePublished":"2017-07-22T19:24:59+00:00","dateModified":"2017-07-22T23:42:18+00:00","breadcrumb":{"@id":"https:\/\/seteminutos.org\/blog\/edicoes\/montemor-o-novo\/especiais-montemor-o-novo\/feira-da-luz-2016\/#breadcrumb"},"inLanguage":"pt-PT","potentialAction":[{"@type":"ReadAction","target":["https:\/\/seteminutos.org\/blog\/edicoes\/montemor-o-novo\/especiais-montemor-o-novo\/feira-da-luz-2016\/"]}]},{"@type":"BreadcrumbList","@id":"https:\/\/seteminutos.org\/blog\/edicoes\/montemor-o-novo\/especiais-montemor-o-novo\/feira-da-luz-2016\/#breadcrumb","itemListElement":[{"@type":"ListItem","position":1,"name":"In\u00edcio","item":"https:\/\/seteminutos.org\/blog\/"},{"@type":"ListItem","position":2,"name":"Edi\u00e7\u00f5es","item":"https:\/\/seteminutos.org\/blog\/edicoes\/"},{"@type":"ListItem","position":3,"name":"Montemor-o-Novo","item":"https:\/\/seteminutos.org\/blog\/edicoes\/montemor-o-novo\/"},{"@type":"ListItem","position":4,"name":"Especiais","item":"https:\/\/seteminutos.org\/blog\/edicoes\/montemor-o-novo\/especiais-montemor-o-novo\/"},{"@type":"ListItem","position":5,"name":"Feira da Luz &#8211; 2016"}]},{"@type":"WebSite","@id":"https:\/\/seteminutos.org\/blog\/#website","url":"https:\/\/seteminutos.org\/blog\/","name":"Sete Minutos","description":"Curiosidades, Humor e Informa\u00e7\u00e3o com Intelig\u00eancia","publisher":{"@id":"https:\/\/seteminutos.org\/blog\/#organization"},"potentialAction":[{"@type":"SearchAction","target":{"@type":"EntryPoint","urlTemplate":"https:\/\/seteminutos.org\/blog\/?s={search_term_string}"},"query-input":{"@type":"PropertyValueSpecification","valueRequired":true,"valueName":"search_term_string"}}],"inLanguage":"pt-PT"},{"@type":"Organization","@id":"https:\/\/seteminutos.org\/blog\/#organization","name":"Sete Minutos","url":"https:\/\/seteminutos.org\/blog\/","logo":{"@type":"ImageObject","inLanguage":"pt-PT","@id":"https:\/\/seteminutos.org\/blog\/#\/schema\/logo\/image\/","url":"https:\/\/i0.wp.com\/seteminutos.org\/blog\/wp-content\/uploads\/2017\/06\/cropped-sm-logo-2017-2.jpg?fit=290%2C64&ssl=1","contentUrl":"https:\/\/i0.wp.com\/seteminutos.org\/blog\/wp-content\/uploads\/2017\/06\/cropped-sm-logo-2017-2.jpg?fit=290%2C64&ssl=1","width":290,"height":64,"caption":"Sete Minutos"},"image":{"@id":"https:\/\/seteminutos.org\/blog\/#\/schema\/logo\/image\/"},"sameAs":["https:\/\/www.facebook.com\/seteminutos.oficial","https:\/\/x.com\/sete_minutos"]}]}},"jetpack_sharing_enabled":true,"jetpack_likes_enabled":true,"_links":{"self":[{"href":"https:\/\/seteminutos.org\/blog\/wp-json\/wp\/v2\/pages\/4169","targetHints":{"allow":["GET"]}}],"collection":[{"href":"https:\/\/seteminutos.org\/blog\/wp-json\/wp\/v2\/pages"}],"about":[{"href":"https:\/\/seteminutos.org\/blog\/wp-json\/wp\/v2\/types\/page"}],"author":[{"embeddable":true,"href":"https:\/\/seteminutos.org\/blog\/wp-json\/wp\/v2\/users\/1"}],"replies":[{"embeddable":true,"href":"https:\/\/seteminutos.org\/blog\/wp-json\/wp\/v2\/comments?post=4169"}],"version-history":[{"count":2,"href":"https:\/\/seteminutos.org\/blog\/wp-json\/wp\/v2\/pages\/4169\/revisions"}],"predecessor-version":[{"id":4178,"href":"https:\/\/seteminutos.org\/blog\/wp-json\/wp\/v2\/pages\/4169\/revisions\/4178"}],"up":[{"embeddable":true,"href":"https:\/\/seteminutos.org\/blog\/wp-json\/wp\/v2\/pages\/4206"}],"wp:attachment":[{"href":"https:\/\/seteminutos.org\/blog\/wp-json\/wp\/v2\/media?parent=4169"}],"curies":[{"name":"wp","href":"https:\/\/api.w.org\/{rel}","templated":true}]}}