{"id":6265,"date":"2019-02-15T16:17:43","date_gmt":"2019-02-15T16:17:43","guid":{"rendered":"https:\/\/seteminutos.org\/blog\/?page_id=6265"},"modified":"2021-11-14T12:06:37","modified_gmt":"2021-11-14T12:06:37","slug":"feira-medieval","status":"publish","type":"page","link":"https:\/\/seteminutos.org\/blog\/edicoes\/evora\/especiais-evora\/feira-medieval\/","title":{"rendered":"Feira Medieval"},"content":{"rendered":"\n<h4 class=\"wp-block-heading\" id=\"uma-feira-diferente-que-nos-transporta-para-a-idade-media\"><strong><img data-recalc-dims=\"1\" loading=\"lazy\" decoding=\"async\" width=\"240\" height=\"240\" class=\"size-full wp-image-4405 alignleft\" src=\"https:\/\/i0.wp.com\/seteminutos.org\/blog\/wp-content\/uploads\/2021\/10\/feira-medieval-luis.jpg?resize=240%2C240&#038;ssl=1\" alt=\"Sete Minutos Eletr\u00f3nico\">Uma feira diferente que nos transporta para a Idade M\u00e9dia<\/strong><\/h4>\n\n\n\n<p>A Feira Medieval de \u00c9vora \u00e9 uma feira que recria os tempos medievais em que n\u00e3o faltam m\u00fasica, cortejos, oficinas a trabalhar ao vivo, falcoaria, anima\u00e7\u00e3o de rua, mouraria, espet\u00e1culo de fogo noturno e muito mais. <\/p>\n\n\n\n<p>O jornal Sete Minutos esteve presente neste evento com edi\u00e7\u00f5es especiais em 2018, 2019 em 2021.<\/p>\n\n\n\n<p>Como muitas outras atividades que geram aglomera\u00e7\u00e3o de pessoas, tamb\u00e9m e Feira Medieval de \u00c9vora teve a sua realiza\u00e7\u00e3o suspensa em 2020.<\/p>\n\n\n\n<p>Se n\u00e3o teve oportunidade de ler essas edi\u00e7\u00f5es na altura, ou se quer recordar, pode ver agora em PDF.<\/p>\n\n\n\n<p>Edi\u00e7\u00e3o Especial Feira Medieval de \u00c9vora 2018 (de 03 a 06 de maio): <a href=\"https:\/\/drive.google.com\/file\/d\/1JBsbVFvUGJ3Nw5Jo660RmEfCPbJGiw7h\/view?usp=sharing\" target=\"_blank\" rel=\"noreferrer noopener\">0061<\/a>.<\/p>\n\n\n\n<p>Edi\u00e7\u00e3o Especial Feira Medieval de \u00c9vora 2019 (de 01 a 05 de maio): <a href=\"https:\/\/drive.google.com\/file\/d\/1T1dgdCK3RQWA92s6QsvwNqcWXuayBpZg\/view?usp=sharing\" target=\"_blank\" rel=\"noreferrer noopener\">0075<\/a> e <a href=\"https:\/\/drive.google.com\/file\/d\/1C0W62D8pnvS82hd_DglZJHJvzBnyHPoR\/view?usp=sharing\" target=\"_blank\" rel=\"noreferrer noopener\">0076<\/a>.<\/p>\n\n\n\n<p>Edi\u00e7\u00e3o Especial Feira Medieval de \u00c9vora 2021 (de 21 a 24 de outubro): <a href=\"https:\/\/drive.google.com\/file\/d\/1lu0iUAiIV--monFys9Bj-orOcZENh2b-\/view?usp=sharing\" target=\"_blank\" rel=\"noreferrer noopener\">0088<\/a>, <a href=\"https:\/\/drive.google.com\/file\/d\/1XiQ_8Y8LGGGBvy-A0ZdPCwM9eZeq84Z0\/view?usp=sharing\" target=\"_blank\" rel=\"noreferrer noopener\">0089<\/a>, <a href=\"https:\/\/drive.google.com\/file\/d\/1eD7L4mhi9NOzMdT_RtIrKlLI0y3EX0vn\/view?usp=sharing\" target=\"_blank\" rel=\"noreferrer noopener\">0090<\/a> e <a href=\"https:\/\/drive.google.com\/file\/d\/1SpKoFtjAn-9IiZpsXdjS6is-QowVprTd\/view?usp=sharing\" target=\"_blank\" rel=\"noreferrer noopener\">0091<\/a>.<\/p>\n\n\n\n<p>Informa\u00e7\u00e3o atualizada em&nbsp;<strong>14 de novembro de 2021<\/strong>.<\/p>\n","protected":false},"excerpt":{"rendered":"<p>Uma feira diferente que nos transporta para a Idade M\u00e9dia A Feira Medieval de \u00c9vora \u00e9 uma feira que recria os tempos medievais em que n\u00e3o faltam m\u00fasica, cortejos, oficinas a trabalhar ao vivo, falcoaria, anima\u00e7\u00e3o de rua, mouraria, espet\u00e1culo de fogo noturno e muito mais. O jornal Sete Minutos esteve presente neste evento com edi\u00e7\u00f5es especiais em 2018, 2019 em 2021. Como muitas outras atividades que geram aglomera\u00e7\u00e3o de pessoas, tamb\u00e9m e Feira Medieval de \u00c9vora teve a sua realiza\u00e7\u00e3o suspensa em 2020. Se n\u00e3o teve oportunidade de ler&hellip;<\/p>\n","protected":false},"author":1,"featured_media":0,"parent":3537,"menu_order":0,"comment_status":"closed","ping_status":"closed","template":"","meta":{"footnotes":""},"class_list":["post-6265","page","type-page","status-publish","hentry"],"yoast_head":"<!-- This site is optimized with the Yoast SEO plugin v26.0 - https:\/\/yoast.com\/wordpress\/plugins\/seo\/ -->\n<title>Sete Minutos | Feira Medieval<\/title>\n<meta name=\"robots\" content=\"index, follow, max-snippet:-1, max-image-preview:large, max-video-preview:-1\" \/>\n<link rel=\"canonical\" href=\"https:\/\/seteminutos.org\/blog\/edicoes\/evora\/especiais-evora\/feira-medieval\/\" \/>\n<meta property=\"og:locale\" content=\"pt_PT\" \/>\n<meta property=\"og:type\" content=\"article\" \/>\n<meta property=\"og:title\" content=\"Sete Minutos | Feira Medieval\" \/>\n<meta property=\"og:url\" content=\"https:\/\/seteminutos.org\/blog\/edicoes\/evora\/especiais-evora\/feira-medieval\/\" \/>\n<meta property=\"og:site_name\" content=\"Sete Minutos\" \/>\n<meta property=\"article:publisher\" content=\"https:\/\/www.facebook.com\/seteminutos.oficial\" \/>\n<meta property=\"article:modified_time\" content=\"2021-11-14T12:06:37+00:00\" \/>\n<meta property=\"og:image\" content=\"https:\/\/seteminutos.org\/blog\/wp-content\/uploads\/2021\/10\/feira-medieval-luis.jpg\" \/>\n<meta name=\"twitter:card\" content=\"summary_large_image\" \/>\n<meta name=\"twitter:site\" content=\"@sete_minutos\" \/>\n<meta name=\"twitter:label1\" content=\"Tempo estimado de leitura\" \/>\n\t<meta name=\"twitter:data1\" content=\"1 minuto\" \/>\n<script type=\"application\/ld+json\" class=\"yoast-schema-graph\">{\"@context\":\"https:\/\/schema.org\",\"@graph\":[{\"@type\":\"WebPage\",\"@id\":\"https:\/\/seteminutos.org\/blog\/edicoes\/evora\/especiais-evora\/feira-medieval\/\",\"url\":\"https:\/\/seteminutos.org\/blog\/edicoes\/evora\/especiais-evora\/feira-medieval\/\",\"name\":\"Sete Minutos | Feira Medieval\",\"isPartOf\":{\"@id\":\"https:\/\/seteminutos.org\/blog\/#website\"},\"primaryImageOfPage\":{\"@id\":\"https:\/\/seteminutos.org\/blog\/edicoes\/evora\/especiais-evora\/feira-medieval\/#primaryimage\"},\"image\":{\"@id\":\"https:\/\/seteminutos.org\/blog\/edicoes\/evora\/especiais-evora\/feira-medieval\/#primaryimage\"},\"thumbnailUrl\":\"https:\/\/seteminutos.org\/blog\/wp-content\/uploads\/2021\/10\/feira-medieval-luis.jpg\",\"datePublished\":\"2019-02-15T16:17:43+00:00\",\"dateModified\":\"2021-11-14T12:06:37+00:00\",\"breadcrumb\":{\"@id\":\"https:\/\/seteminutos.org\/blog\/edicoes\/evora\/especiais-evora\/feira-medieval\/#breadcrumb\"},\"inLanguage\":\"pt-PT\",\"potentialAction\":[{\"@type\":\"ReadAction\",\"target\":[\"https:\/\/seteminutos.org\/blog\/edicoes\/evora\/especiais-evora\/feira-medieval\/\"]}]},{\"@type\":\"ImageObject\",\"inLanguage\":\"pt-PT\",\"@id\":\"https:\/\/seteminutos.org\/blog\/edicoes\/evora\/especiais-evora\/feira-medieval\/#primaryimage\",\"url\":\"https:\/\/i0.wp.com\/seteminutos.org\/blog\/wp-content\/uploads\/2021\/10\/feira-medieval-luis.jpg?fit=240%2C240&ssl=1\",\"contentUrl\":\"https:\/\/i0.wp.com\/seteminutos.org\/blog\/wp-content\/uploads\/2021\/10\/feira-medieval-luis.jpg?fit=240%2C240&ssl=1\",\"width\":240,\"height\":240,\"caption\":\"Feira Medieval distribui\u00e7\u00e3o\"},{\"@type\":\"BreadcrumbList\",\"@id\":\"https:\/\/seteminutos.org\/blog\/edicoes\/evora\/especiais-evora\/feira-medieval\/#breadcrumb\",\"itemListElement\":[{\"@type\":\"ListItem\",\"position\":1,\"name\":\"In\u00edcio\",\"item\":\"https:\/\/seteminutos.org\/blog\/\"},{\"@type\":\"ListItem\",\"position\":2,\"name\":\"Edi\u00e7\u00f5es\",\"item\":\"https:\/\/seteminutos.org\/blog\/edicoes\/\"},{\"@type\":\"ListItem\",\"position\":3,\"name\":\"\u00c9vora\",\"item\":\"https:\/\/seteminutos.org\/blog\/edicoes\/evora\/\"},{\"@type\":\"ListItem\",\"position\":4,\"name\":\"Especiais\",\"item\":\"https:\/\/seteminutos.org\/blog\/edicoes\/evora\/especiais-evora\/\"},{\"@type\":\"ListItem\",\"position\":5,\"name\":\"Feira Medieval\"}]},{\"@type\":\"WebSite\",\"@id\":\"https:\/\/seteminutos.org\/blog\/#website\",\"url\":\"https:\/\/seteminutos.org\/blog\/\",\"name\":\"Sete Minutos\",\"description\":\"Curiosidades, Humor e Informa\u00e7\u00e3o com Intelig\u00eancia\",\"publisher\":{\"@id\":\"https:\/\/seteminutos.org\/blog\/#organization\"},\"potentialAction\":[{\"@type\":\"SearchAction\",\"target\":{\"@type\":\"EntryPoint\",\"urlTemplate\":\"https:\/\/seteminutos.org\/blog\/?s={search_term_string}\"},\"query-input\":{\"@type\":\"PropertyValueSpecification\",\"valueRequired\":true,\"valueName\":\"search_term_string\"}}],\"inLanguage\":\"pt-PT\"},{\"@type\":\"Organization\",\"@id\":\"https:\/\/seteminutos.org\/blog\/#organization\",\"name\":\"Sete Minutos\",\"url\":\"https:\/\/seteminutos.org\/blog\/\",\"logo\":{\"@type\":\"ImageObject\",\"inLanguage\":\"pt-PT\",\"@id\":\"https:\/\/seteminutos.org\/blog\/#\/schema\/logo\/image\/\",\"url\":\"https:\/\/i0.wp.com\/seteminutos.org\/blog\/wp-content\/uploads\/2017\/06\/cropped-sm-logo-2017-2.jpg?fit=290%2C64&ssl=1\",\"contentUrl\":\"https:\/\/i0.wp.com\/seteminutos.org\/blog\/wp-content\/uploads\/2017\/06\/cropped-sm-logo-2017-2.jpg?fit=290%2C64&ssl=1\",\"width\":290,\"height\":64,\"caption\":\"Sete Minutos\"},\"image\":{\"@id\":\"https:\/\/seteminutos.org\/blog\/#\/schema\/logo\/image\/\"},\"sameAs\":[\"https:\/\/www.facebook.com\/seteminutos.oficial\",\"https:\/\/x.com\/sete_minutos\"]}]}<\/script>\n<!-- \/ Yoast SEO plugin. -->","yoast_head_json":{"title":"Sete Minutos | Feira Medieval","robots":{"index":"index","follow":"follow","max-snippet":"max-snippet:-1","max-image-preview":"max-image-preview:large","max-video-preview":"max-video-preview:-1"},"canonical":"https:\/\/seteminutos.org\/blog\/edicoes\/evora\/especiais-evora\/feira-medieval\/","og_locale":"pt_PT","og_type":"article","og_title":"Sete Minutos | Feira Medieval","og_url":"https:\/\/seteminutos.org\/blog\/edicoes\/evora\/especiais-evora\/feira-medieval\/","og_site_name":"Sete Minutos","article_publisher":"https:\/\/www.facebook.com\/seteminutos.oficial","article_modified_time":"2021-11-14T12:06:37+00:00","og_image":[{"url":"https:\/\/seteminutos.org\/blog\/wp-content\/uploads\/2021\/10\/feira-medieval-luis.jpg","type":"","width":"","height":""}],"twitter_card":"summary_large_image","twitter_site":"@sete_minutos","twitter_misc":{"Tempo estimado de leitura":"1 minuto"},"schema":{"@context":"https:\/\/schema.org","@graph":[{"@type":"WebPage","@id":"https:\/\/seteminutos.org\/blog\/edicoes\/evora\/especiais-evora\/feira-medieval\/","url":"https:\/\/seteminutos.org\/blog\/edicoes\/evora\/especiais-evora\/feira-medieval\/","name":"Sete Minutos | Feira Medieval","isPartOf":{"@id":"https:\/\/seteminutos.org\/blog\/#website"},"primaryImageOfPage":{"@id":"https:\/\/seteminutos.org\/blog\/edicoes\/evora\/especiais-evora\/feira-medieval\/#primaryimage"},"image":{"@id":"https:\/\/seteminutos.org\/blog\/edicoes\/evora\/especiais-evora\/feira-medieval\/#primaryimage"},"thumbnailUrl":"https:\/\/seteminutos.org\/blog\/wp-content\/uploads\/2021\/10\/feira-medieval-luis.jpg","datePublished":"2019-02-15T16:17:43+00:00","dateModified":"2021-11-14T12:06:37+00:00","breadcrumb":{"@id":"https:\/\/seteminutos.org\/blog\/edicoes\/evora\/especiais-evora\/feira-medieval\/#breadcrumb"},"inLanguage":"pt-PT","potentialAction":[{"@type":"ReadAction","target":["https:\/\/seteminutos.org\/blog\/edicoes\/evora\/especiais-evora\/feira-medieval\/"]}]},{"@type":"ImageObject","inLanguage":"pt-PT","@id":"https:\/\/seteminutos.org\/blog\/edicoes\/evora\/especiais-evora\/feira-medieval\/#primaryimage","url":"https:\/\/i0.wp.com\/seteminutos.org\/blog\/wp-content\/uploads\/2021\/10\/feira-medieval-luis.jpg?fit=240%2C240&ssl=1","contentUrl":"https:\/\/i0.wp.com\/seteminutos.org\/blog\/wp-content\/uploads\/2021\/10\/feira-medieval-luis.jpg?fit=240%2C240&ssl=1","width":240,"height":240,"caption":"Feira Medieval distribui\u00e7\u00e3o"},{"@type":"BreadcrumbList","@id":"https:\/\/seteminutos.org\/blog\/edicoes\/evora\/especiais-evora\/feira-medieval\/#breadcrumb","itemListElement":[{"@type":"ListItem","position":1,"name":"In\u00edcio","item":"https:\/\/seteminutos.org\/blog\/"},{"@type":"ListItem","position":2,"name":"Edi\u00e7\u00f5es","item":"https:\/\/seteminutos.org\/blog\/edicoes\/"},{"@type":"ListItem","position":3,"name":"\u00c9vora","item":"https:\/\/seteminutos.org\/blog\/edicoes\/evora\/"},{"@type":"ListItem","position":4,"name":"Especiais","item":"https:\/\/seteminutos.org\/blog\/edicoes\/evora\/especiais-evora\/"},{"@type":"ListItem","position":5,"name":"Feira Medieval"}]},{"@type":"WebSite","@id":"https:\/\/seteminutos.org\/blog\/#website","url":"https:\/\/seteminutos.org\/blog\/","name":"Sete Minutos","description":"Curiosidades, Humor e Informa\u00e7\u00e3o com Intelig\u00eancia","publisher":{"@id":"https:\/\/seteminutos.org\/blog\/#organization"},"potentialAction":[{"@type":"SearchAction","target":{"@type":"EntryPoint","urlTemplate":"https:\/\/seteminutos.org\/blog\/?s={search_term_string}"},"query-input":{"@type":"PropertyValueSpecification","valueRequired":true,"valueName":"search_term_string"}}],"inLanguage":"pt-PT"},{"@type":"Organization","@id":"https:\/\/seteminutos.org\/blog\/#organization","name":"Sete Minutos","url":"https:\/\/seteminutos.org\/blog\/","logo":{"@type":"ImageObject","inLanguage":"pt-PT","@id":"https:\/\/seteminutos.org\/blog\/#\/schema\/logo\/image\/","url":"https:\/\/i0.wp.com\/seteminutos.org\/blog\/wp-content\/uploads\/2017\/06\/cropped-sm-logo-2017-2.jpg?fit=290%2C64&ssl=1","contentUrl":"https:\/\/i0.wp.com\/seteminutos.org\/blog\/wp-content\/uploads\/2017\/06\/cropped-sm-logo-2017-2.jpg?fit=290%2C64&ssl=1","width":290,"height":64,"caption":"Sete Minutos"},"image":{"@id":"https:\/\/seteminutos.org\/blog\/#\/schema\/logo\/image\/"},"sameAs":["https:\/\/www.facebook.com\/seteminutos.oficial","https:\/\/x.com\/sete_minutos"]}]}},"jetpack_sharing_enabled":true,"jetpack_likes_enabled":true,"_links":{"self":[{"href":"https:\/\/seteminutos.org\/blog\/wp-json\/wp\/v2\/pages\/6265","targetHints":{"allow":["GET"]}}],"collection":[{"href":"https:\/\/seteminutos.org\/blog\/wp-json\/wp\/v2\/pages"}],"about":[{"href":"https:\/\/seteminutos.org\/blog\/wp-json\/wp\/v2\/types\/page"}],"author":[{"embeddable":true,"href":"https:\/\/seteminutos.org\/blog\/wp-json\/wp\/v2\/users\/1"}],"replies":[{"embeddable":true,"href":"https:\/\/seteminutos.org\/blog\/wp-json\/wp\/v2\/comments?post=6265"}],"version-history":[{"count":4,"href":"https:\/\/seteminutos.org\/blog\/wp-json\/wp\/v2\/pages\/6265\/revisions"}],"predecessor-version":[{"id":9236,"href":"https:\/\/seteminutos.org\/blog\/wp-json\/wp\/v2\/pages\/6265\/revisions\/9236"}],"up":[{"embeddable":true,"href":"https:\/\/seteminutos.org\/blog\/wp-json\/wp\/v2\/pages\/3537"}],"wp:attachment":[{"href":"https:\/\/seteminutos.org\/blog\/wp-json\/wp\/v2\/media?parent=6265"}],"curies":[{"name":"wp","href":"https:\/\/api.w.org\/{rel}","templated":true}]}}