{"id":6580,"date":"2019-04-05T13:21:56","date_gmt":"2019-04-05T13:21:56","guid":{"rendered":"https:\/\/seteminutos.org\/blog\/?page_id=6580"},"modified":"2021-11-14T14:43:10","modified_gmt":"2021-11-14T14:43:10","slug":"regular","status":"publish","type":"page","link":"https:\/\/seteminutos.org\/blog\/edicoes\/evora\/regular\/","title":{"rendered":"Regular"},"content":{"rendered":"\n<h4 class=\"wp-block-heading\" id=\"uma-edicao-semanal-cheia-de-humor-e-curiosidades\"><strong><img data-recalc-dims=\"1\" loading=\"lazy\" decoding=\"async\" class=\"size-full wp-image-4405 alignleft\" src=\"https:\/\/i0.wp.com\/seteminutos.org\/blog\/wp-content\/uploads\/2016\/07\/seteminutos-expositor-v2.jpg?resize=240%2C240&#038;ssl=1\" alt=\"Expositor Sete Minutos\" width=\"240\" height=\"240\">Uma edi\u00e7\u00e3o semanal cheia de humor e curiosidades<\/strong><\/h4>\n\n\n\n<p>No dia 1 de setembro de 2010 lan\u00e7amos a edi\u00e7\u00e3o regular de \u00c9vora, com periodicidade semanal e sa\u00edda \u00e0s ter\u00e7as-feiras. Esta edi\u00e7\u00e3o esteve em pleno funcionamento at\u00e9 29 de janeiro de 2013 quando, por raz\u00f5es estrat\u00e9gicas, decidiu suspender a edi\u00e7\u00e3o impressa na cidade, mantendo apenas presen\u00e7a on-line.<\/p>\n\n\n\n<p>Administrada at\u00e9 dezembro de 2011 por Paulo Neves, diretor e fundado da publica\u00e7\u00e3o, a edi\u00e7\u00e3o regular do Sete Minutos passou ent\u00e3o para a gest\u00e3o de Lu\u00eds Pechirra, que esteve ligado ao Sete Minutos desde o primeiro momento e que mantem a edi\u00e7\u00e3o regular de \u00c9vora at\u00e9 hoje, al\u00e9m de v\u00e1rias edi\u00e7\u00f5es especiais.<\/p>\n\n\n\n<p>Em novembro de 2015 a vers\u00e3o impressa regressou \u00e0 cidade na sequ\u00eancia de v\u00e1rios apelos de in\u00fameros leitores ass\u00edduos e antigos anunciantes. Entretanto, em meados de mar\u00e7o de 2020 a publica\u00e7\u00e3o impressa teve que ser novamente interrompida devido \u00e0s restri\u00e7\u00f5es provocadas pela COVID-19, retornando s\u00f3 em setembro de 2021.<\/p>\n\n\n\n<p>A edi\u00e7\u00e3o regular de \u00c9vora est\u00e1 dispon\u00edvel em expositores pr\u00f3prios distribu\u00eddos pela <em>cidade museu<\/em>, que pode conferir no mapa abaixo ou consultar<strong> <a href=\"https:\/\/www.google.com\/maps\/d\/embed?mid=1qqYbKc2MAFcGjR1bN9Hfh4MXPQQ&amp;hl=pt-PT\" target=\"_blank\" rel=\"noreferrer noopener\">aqui<\/a><\/strong>.<\/p>\n\n\n\n<p>Tamb\u00e9m pode ver a \u00faltima edi\u00e7\u00e3o em formado PDF <strong><a href=\"https:\/\/seteminutos.pt\/pdf\/regular-evora.pdf\" target=\"_blank\" rel=\"noreferrer noopener\">aqui<\/a><\/strong>.<\/p>\n\n\n\n<p>Ou todas as edi\u00e7\u00f5es publicadas at\u00e9 hoje, dispon\u00edveis <strong><a href=\"https:\/\/drive.google.com\/drive\/folders\/0B87R4dt2uhXwTDg4ajNrd0tnMWc?resourcekey=0-6bWHMMUm0UlG1idbA1lGaA&amp;usp=sharing\" target=\"_blank\" rel=\"noreferrer noopener\">aqui<\/a><\/strong>.<\/p>\n\n\n\n<h2 class=\"wp-block-heading\" id=\"confira-onde-estao-os-nossos-expositores\"><strong>Confira onde est\u00e3o os nossos expositores<\/strong><\/h2>\n\n\n\n<figure class=\"wp-block-embedpress-google-maps-block ose-google-maps\"><iframe loading=\"lazy\" src=\"https:\/\/www.google.com\/maps\/d\/u\/0\/embed?mid=1qqYbKc2MAFcGjR1bN9Hfh4MXPQQ&amp;hl=pt-PT&amp;ll=38.57937286438589%2C-7.908872199999992&amp;z=13\" frameborder=\"0\" width=\"600\" height=\"450\"><\/iframe><\/figure>\n\n\n\n<h2 class=\"wp-block-heading\" id=\"envie-nos-uma-mensagem\"><strong>Envie-nos uma mensagem<\/strong><\/h2>\n\n\n<div class=\"wp-block-jetpack-contact-form\"><a href=\"https:\/\/seteminutos.org\/blog\/edicoes\/evora\/regular\/\" target=\"_blank\" rel=\"noopener noreferrer\">Submit a form.<\/a><\/div>\n\n\n<hr class=\"wp-block-separator\"\/>\n\n\n\n<p>Informa\u00e7\u00e3o atualizada em\u00a0<strong>14 de novembro de 2021<\/strong>.<\/p>\n","protected":false},"excerpt":{"rendered":"<p>Uma edi\u00e7\u00e3o semanal cheia de humor e curiosidades No dia 1 de setembro de 2010 lan\u00e7amos a edi\u00e7\u00e3o regular de \u00c9vora, com periodicidade semanal e sa\u00edda \u00e0s ter\u00e7as-feiras. Esta edi\u00e7\u00e3o esteve em pleno funcionamento at\u00e9 29 de janeiro de 2013 quando, por raz\u00f5es estrat\u00e9gicas, decidiu suspender a edi\u00e7\u00e3o impressa na cidade, mantendo apenas presen\u00e7a on-line. Administrada at\u00e9 dezembro de 2011 por Paulo Neves, diretor e fundado da publica\u00e7\u00e3o, a edi\u00e7\u00e3o regular do Sete Minutos passou ent\u00e3o para a gest\u00e3o de Lu\u00eds Pechirra, que esteve ligado ao Sete Minutos desde o&hellip;<\/p>\n","protected":false},"author":1,"featured_media":4405,"parent":1158,"menu_order":0,"comment_status":"closed","ping_status":"closed","template":"","meta":{"footnotes":""},"class_list":["post-6580","page","type-page","status-publish","has-post-thumbnail","hentry"],"yoast_head":"<!-- This site is optimized with the Yoast SEO plugin v26.0 - https:\/\/yoast.com\/wordpress\/plugins\/seo\/ -->\n<title>Sete Minutos | Regular<\/title>\n<meta name=\"robots\" content=\"index, follow, max-snippet:-1, max-image-preview:large, max-video-preview:-1\" \/>\n<link rel=\"canonical\" href=\"https:\/\/seteminutos.org\/blog\/edicoes\/evora\/regular\/\" \/>\n<meta property=\"og:locale\" content=\"pt_PT\" \/>\n<meta property=\"og:type\" content=\"article\" \/>\n<meta property=\"og:title\" content=\"Sete Minutos | Regular\" \/>\n<meta property=\"og:url\" content=\"https:\/\/seteminutos.org\/blog\/edicoes\/evora\/regular\/\" \/>\n<meta property=\"og:site_name\" content=\"Sete Minutos\" \/>\n<meta property=\"article:publisher\" content=\"https:\/\/www.facebook.com\/seteminutos.oficial\" \/>\n<meta property=\"article:modified_time\" content=\"2021-11-14T14:43:10+00:00\" \/>\n<meta property=\"og:image\" content=\"https:\/\/i0.wp.com\/seteminutos.pt\/blog\/wp-content\/uploads\/2016\/07\/seteminutos-expositor-v2.jpg?fit=240%2C240&ssl=1\" \/>\n\t<meta property=\"og:image:width\" content=\"240\" \/>\n\t<meta property=\"og:image:height\" content=\"240\" \/>\n\t<meta property=\"og:image:type\" content=\"image\/jpeg\" \/>\n<meta name=\"twitter:card\" content=\"summary_large_image\" \/>\n<meta name=\"twitter:site\" content=\"@sete_minutos\" \/>\n<meta name=\"twitter:label1\" content=\"Tempo estimado de leitura\" \/>\n\t<meta name=\"twitter:data1\" content=\"2 minutos\" \/>\n<script type=\"application\/ld+json\" class=\"yoast-schema-graph\">{\"@context\":\"https:\/\/schema.org\",\"@graph\":[{\"@type\":\"WebPage\",\"@id\":\"https:\/\/seteminutos.org\/blog\/edicoes\/evora\/regular\/\",\"url\":\"https:\/\/seteminutos.org\/blog\/edicoes\/evora\/regular\/\",\"name\":\"Sete Minutos | Regular\",\"isPartOf\":{\"@id\":\"https:\/\/seteminutos.org\/blog\/#website\"},\"primaryImageOfPage\":{\"@id\":\"https:\/\/seteminutos.org\/blog\/edicoes\/evora\/regular\/#primaryimage\"},\"image\":{\"@id\":\"https:\/\/seteminutos.org\/blog\/edicoes\/evora\/regular\/#primaryimage\"},\"thumbnailUrl\":\"https:\/\/i0.wp.com\/seteminutos.org\/blog\/wp-content\/uploads\/2016\/07\/seteminutos-expositor-v2.jpg?fit=240%2C240&ssl=1\",\"datePublished\":\"2019-04-05T13:21:56+00:00\",\"dateModified\":\"2021-11-14T14:43:10+00:00\",\"breadcrumb\":{\"@id\":\"https:\/\/seteminutos.org\/blog\/edicoes\/evora\/regular\/#breadcrumb\"},\"inLanguage\":\"pt-PT\",\"potentialAction\":[{\"@type\":\"ReadAction\",\"target\":[\"https:\/\/seteminutos.org\/blog\/edicoes\/evora\/regular\/\"]}]},{\"@type\":\"ImageObject\",\"inLanguage\":\"pt-PT\",\"@id\":\"https:\/\/seteminutos.org\/blog\/edicoes\/evora\/regular\/#primaryimage\",\"url\":\"https:\/\/i0.wp.com\/seteminutos.org\/blog\/wp-content\/uploads\/2016\/07\/seteminutos-expositor-v2.jpg?fit=240%2C240&ssl=1\",\"contentUrl\":\"https:\/\/i0.wp.com\/seteminutos.org\/blog\/wp-content\/uploads\/2016\/07\/seteminutos-expositor-v2.jpg?fit=240%2C240&ssl=1\",\"width\":240,\"height\":240,\"caption\":\"Expositor Sete Minutos\"},{\"@type\":\"BreadcrumbList\",\"@id\":\"https:\/\/seteminutos.org\/blog\/edicoes\/evora\/regular\/#breadcrumb\",\"itemListElement\":[{\"@type\":\"ListItem\",\"position\":1,\"name\":\"In\u00edcio\",\"item\":\"https:\/\/seteminutos.org\/blog\/\"},{\"@type\":\"ListItem\",\"position\":2,\"name\":\"Edi\u00e7\u00f5es\",\"item\":\"https:\/\/seteminutos.org\/blog\/edicoes\/\"},{\"@type\":\"ListItem\",\"position\":3,\"name\":\"\u00c9vora\",\"item\":\"https:\/\/seteminutos.org\/blog\/edicoes\/evora\/\"},{\"@type\":\"ListItem\",\"position\":4,\"name\":\"Regular\"}]},{\"@type\":\"WebSite\",\"@id\":\"https:\/\/seteminutos.org\/blog\/#website\",\"url\":\"https:\/\/seteminutos.org\/blog\/\",\"name\":\"Sete Minutos\",\"description\":\"Curiosidades, Humor e Informa\u00e7\u00e3o com Intelig\u00eancia\",\"publisher\":{\"@id\":\"https:\/\/seteminutos.org\/blog\/#organization\"},\"potentialAction\":[{\"@type\":\"SearchAction\",\"target\":{\"@type\":\"EntryPoint\",\"urlTemplate\":\"https:\/\/seteminutos.org\/blog\/?s={search_term_string}\"},\"query-input\":{\"@type\":\"PropertyValueSpecification\",\"valueRequired\":true,\"valueName\":\"search_term_string\"}}],\"inLanguage\":\"pt-PT\"},{\"@type\":\"Organization\",\"@id\":\"https:\/\/seteminutos.org\/blog\/#organization\",\"name\":\"Sete Minutos\",\"url\":\"https:\/\/seteminutos.org\/blog\/\",\"logo\":{\"@type\":\"ImageObject\",\"inLanguage\":\"pt-PT\",\"@id\":\"https:\/\/seteminutos.org\/blog\/#\/schema\/logo\/image\/\",\"url\":\"https:\/\/i0.wp.com\/seteminutos.org\/blog\/wp-content\/uploads\/2017\/06\/cropped-sm-logo-2017-2.jpg?fit=290%2C64&ssl=1\",\"contentUrl\":\"https:\/\/i0.wp.com\/seteminutos.org\/blog\/wp-content\/uploads\/2017\/06\/cropped-sm-logo-2017-2.jpg?fit=290%2C64&ssl=1\",\"width\":290,\"height\":64,\"caption\":\"Sete Minutos\"},\"image\":{\"@id\":\"https:\/\/seteminutos.org\/blog\/#\/schema\/logo\/image\/\"},\"sameAs\":[\"https:\/\/www.facebook.com\/seteminutos.oficial\",\"https:\/\/x.com\/sete_minutos\"]}]}<\/script>\n<!-- \/ Yoast SEO plugin. -->","yoast_head_json":{"title":"Sete Minutos | Regular","robots":{"index":"index","follow":"follow","max-snippet":"max-snippet:-1","max-image-preview":"max-image-preview:large","max-video-preview":"max-video-preview:-1"},"canonical":"https:\/\/seteminutos.org\/blog\/edicoes\/evora\/regular\/","og_locale":"pt_PT","og_type":"article","og_title":"Sete Minutos | Regular","og_url":"https:\/\/seteminutos.org\/blog\/edicoes\/evora\/regular\/","og_site_name":"Sete Minutos","article_publisher":"https:\/\/www.facebook.com\/seteminutos.oficial","article_modified_time":"2021-11-14T14:43:10+00:00","og_image":[{"width":240,"height":240,"url":"https:\/\/i0.wp.com\/seteminutos.pt\/blog\/wp-content\/uploads\/2016\/07\/seteminutos-expositor-v2.jpg?fit=240%2C240&ssl=1","type":"image\/jpeg"}],"twitter_card":"summary_large_image","twitter_site":"@sete_minutos","twitter_misc":{"Tempo estimado de leitura":"2 minutos"},"schema":{"@context":"https:\/\/schema.org","@graph":[{"@type":"WebPage","@id":"https:\/\/seteminutos.org\/blog\/edicoes\/evora\/regular\/","url":"https:\/\/seteminutos.org\/blog\/edicoes\/evora\/regular\/","name":"Sete Minutos | Regular","isPartOf":{"@id":"https:\/\/seteminutos.org\/blog\/#website"},"primaryImageOfPage":{"@id":"https:\/\/seteminutos.org\/blog\/edicoes\/evora\/regular\/#primaryimage"},"image":{"@id":"https:\/\/seteminutos.org\/blog\/edicoes\/evora\/regular\/#primaryimage"},"thumbnailUrl":"https:\/\/i0.wp.com\/seteminutos.org\/blog\/wp-content\/uploads\/2016\/07\/seteminutos-expositor-v2.jpg?fit=240%2C240&ssl=1","datePublished":"2019-04-05T13:21:56+00:00","dateModified":"2021-11-14T14:43:10+00:00","breadcrumb":{"@id":"https:\/\/seteminutos.org\/blog\/edicoes\/evora\/regular\/#breadcrumb"},"inLanguage":"pt-PT","potentialAction":[{"@type":"ReadAction","target":["https:\/\/seteminutos.org\/blog\/edicoes\/evora\/regular\/"]}]},{"@type":"ImageObject","inLanguage":"pt-PT","@id":"https:\/\/seteminutos.org\/blog\/edicoes\/evora\/regular\/#primaryimage","url":"https:\/\/i0.wp.com\/seteminutos.org\/blog\/wp-content\/uploads\/2016\/07\/seteminutos-expositor-v2.jpg?fit=240%2C240&ssl=1","contentUrl":"https:\/\/i0.wp.com\/seteminutos.org\/blog\/wp-content\/uploads\/2016\/07\/seteminutos-expositor-v2.jpg?fit=240%2C240&ssl=1","width":240,"height":240,"caption":"Expositor Sete Minutos"},{"@type":"BreadcrumbList","@id":"https:\/\/seteminutos.org\/blog\/edicoes\/evora\/regular\/#breadcrumb","itemListElement":[{"@type":"ListItem","position":1,"name":"In\u00edcio","item":"https:\/\/seteminutos.org\/blog\/"},{"@type":"ListItem","position":2,"name":"Edi\u00e7\u00f5es","item":"https:\/\/seteminutos.org\/blog\/edicoes\/"},{"@type":"ListItem","position":3,"name":"\u00c9vora","item":"https:\/\/seteminutos.org\/blog\/edicoes\/evora\/"},{"@type":"ListItem","position":4,"name":"Regular"}]},{"@type":"WebSite","@id":"https:\/\/seteminutos.org\/blog\/#website","url":"https:\/\/seteminutos.org\/blog\/","name":"Sete Minutos","description":"Curiosidades, Humor e Informa\u00e7\u00e3o com Intelig\u00eancia","publisher":{"@id":"https:\/\/seteminutos.org\/blog\/#organization"},"potentialAction":[{"@type":"SearchAction","target":{"@type":"EntryPoint","urlTemplate":"https:\/\/seteminutos.org\/blog\/?s={search_term_string}"},"query-input":{"@type":"PropertyValueSpecification","valueRequired":true,"valueName":"search_term_string"}}],"inLanguage":"pt-PT"},{"@type":"Organization","@id":"https:\/\/seteminutos.org\/blog\/#organization","name":"Sete Minutos","url":"https:\/\/seteminutos.org\/blog\/","logo":{"@type":"ImageObject","inLanguage":"pt-PT","@id":"https:\/\/seteminutos.org\/blog\/#\/schema\/logo\/image\/","url":"https:\/\/i0.wp.com\/seteminutos.org\/blog\/wp-content\/uploads\/2017\/06\/cropped-sm-logo-2017-2.jpg?fit=290%2C64&ssl=1","contentUrl":"https:\/\/i0.wp.com\/seteminutos.org\/blog\/wp-content\/uploads\/2017\/06\/cropped-sm-logo-2017-2.jpg?fit=290%2C64&ssl=1","width":290,"height":64,"caption":"Sete Minutos"},"image":{"@id":"https:\/\/seteminutos.org\/blog\/#\/schema\/logo\/image\/"},"sameAs":["https:\/\/www.facebook.com\/seteminutos.oficial","https:\/\/x.com\/sete_minutos"]}]}},"jetpack_sharing_enabled":true,"jetpack_likes_enabled":true,"_links":{"self":[{"href":"https:\/\/seteminutos.org\/blog\/wp-json\/wp\/v2\/pages\/6580","targetHints":{"allow":["GET"]}}],"collection":[{"href":"https:\/\/seteminutos.org\/blog\/wp-json\/wp\/v2\/pages"}],"about":[{"href":"https:\/\/seteminutos.org\/blog\/wp-json\/wp\/v2\/types\/page"}],"author":[{"embeddable":true,"href":"https:\/\/seteminutos.org\/blog\/wp-json\/wp\/v2\/users\/1"}],"replies":[{"embeddable":true,"href":"https:\/\/seteminutos.org\/blog\/wp-json\/wp\/v2\/comments?post=6580"}],"version-history":[{"count":18,"href":"https:\/\/seteminutos.org\/blog\/wp-json\/wp\/v2\/pages\/6580\/revisions"}],"predecessor-version":[{"id":9262,"href":"https:\/\/seteminutos.org\/blog\/wp-json\/wp\/v2\/pages\/6580\/revisions\/9262"}],"up":[{"embeddable":true,"href":"https:\/\/seteminutos.org\/blog\/wp-json\/wp\/v2\/pages\/1158"}],"wp:featuredmedia":[{"embeddable":true,"href":"https:\/\/seteminutos.org\/blog\/wp-json\/wp\/v2\/media\/4405"}],"wp:attachment":[{"href":"https:\/\/seteminutos.org\/blog\/wp-json\/wp\/v2\/media?parent=6580"}],"curies":[{"name":"wp","href":"https:\/\/api.w.org\/{rel}","templated":true}]}}