{"id":9204,"date":"2021-11-13T23:20:25","date_gmt":"2021-11-13T23:20:25","guid":{"rendered":"https:\/\/seteminutos.org\/blog\/?page_id=9204"},"modified":"2021-11-14T13:29:27","modified_gmt":"2021-11-14T13:29:27","slug":"grandes-eventos","status":"publish","type":"page","link":"https:\/\/seteminutos.org\/blog\/edicoes\/evora\/especiais-evora\/grandes-eventos\/","title":{"rendered":"Grandes Eventos"},"content":{"rendered":"\n<h4 class=\"wp-block-heading\" id=\"eventos-de-destaque-merecem-um-destaque-especial\"><strong><img data-recalc-dims=\"1\" loading=\"lazy\" decoding=\"async\" width=\"240\" height=\"240\" class=\"size-full wp-image-4405 alignleft\" src=\"https:\/\/i0.wp.com\/seteminutos.org\/blog\/wp-content\/uploads\/2021\/11\/0062-esp-evr-11-06-2018.jpg?resize=240%2C240&#038;ssl=1\" alt=\"Sete Minutos Eletr\u00f3nico\">Eventos de destaque merecem um destaque especial<\/strong><\/h4>\n\n\n\n<p>Em 2018 decidimos produzir uma edi\u00e7\u00e3o especial dedicada ao Mundial de Futebol, que nesse ano aconteceu na R\u00fassia. Inauguramos assim, mais uma vertente para as edi\u00e7\u00f5es especiais do Sete Minutos, os grandes eventos, sejam eles nacionais e internacionais.<\/p>\n\n\n\n<p>Infelizmente, com as complica\u00e7\u00f5es causadas pela pandemia do Coronav\u00edrus, o mundo virou de cabe\u00e7a para baixo e quase tudo ficou suspenso ou comprometido, mas com a volta \u00e0 normalidade muitas outras edi\u00e7\u00f5es espaciais dedicadas a grandes eventos ser\u00e3o publicadas.<\/p>\n\n\n\n<p>Se n\u00e3o teve oportunidade de ler essa edi\u00e7\u00e3o na altura, ou se quer recordar, pode ver agora em PDF.<\/p>\n\n\n\n<p><strong>Edi\u00e7\u00e3o Especial Mundial R\u00fassia 2018<\/strong>\u00a0(11 de junho): <a href=\"https:\/\/drive.google.com\/file\/d\/1KZZ3AhwVzVVYv2tG9Epo-TJdEm_Zve9T\/view?usp=sharing\" target=\"_blank\" rel=\"noreferrer noopener\">0062<\/a>.\u00a0<\/p>\n\n\n\n<p>Informa\u00e7\u00e3o atualizada em\u00a0<strong>14 de novembro de 2021<\/strong>.<\/p>\n","protected":false},"excerpt":{"rendered":"<p>Eventos de destaque merecem um destaque especial Em 2018 decidimos produzir uma edi\u00e7\u00e3o especial dedicada ao Mundial de Futebol, que nesse ano aconteceu na R\u00fassia. Inauguramos assim, mais uma vertente para as edi\u00e7\u00f5es especiais do Sete Minutos, os grandes eventos, sejam eles nacionais e internacionais. Infelizmente, com as complica\u00e7\u00f5es causadas pela pandemia do Coronav\u00edrus, o mundo virou de cabe\u00e7a para baixo e quase tudo ficou suspenso ou comprometido, mas com a volta \u00e0 normalidade muitas outras edi\u00e7\u00f5es espaciais dedicadas a grandes eventos ser\u00e3o publicadas. Se n\u00e3o teve oportunidade de ler&hellip;<\/p>\n","protected":false},"author":1,"featured_media":9210,"parent":3537,"menu_order":5,"comment_status":"closed","ping_status":"closed","template":"","meta":{"footnotes":""},"class_list":["post-9204","page","type-page","status-publish","has-post-thumbnail","hentry"],"yoast_head":"<!-- This site is optimized with the Yoast SEO plugin v26.0 - https:\/\/yoast.com\/wordpress\/plugins\/seo\/ -->\n<title>Sete Minutos | Grandes Eventos<\/title>\n<meta name=\"robots\" content=\"index, follow, max-snippet:-1, max-image-preview:large, max-video-preview:-1\" \/>\n<link rel=\"canonical\" href=\"https:\/\/seteminutos.org\/blog\/edicoes\/evora\/especiais-evora\/grandes-eventos\/\" \/>\n<meta property=\"og:locale\" content=\"pt_PT\" \/>\n<meta property=\"og:type\" content=\"article\" \/>\n<meta property=\"og:title\" content=\"Sete Minutos | Grandes Eventos\" \/>\n<meta property=\"og:url\" content=\"https:\/\/seteminutos.org\/blog\/edicoes\/evora\/especiais-evora\/grandes-eventos\/\" \/>\n<meta property=\"og:site_name\" content=\"Sete Minutos\" \/>\n<meta property=\"article:publisher\" content=\"https:\/\/www.facebook.com\/seteminutos.oficial\" \/>\n<meta property=\"article:modified_time\" content=\"2021-11-14T13:29:27+00:00\" \/>\n<meta property=\"og:image\" content=\"https:\/\/i1.wp.com\/seteminutos.pt\/blog\/wp-content\/uploads\/2021\/11\/0062-esp-evr-11-06-2018.jpg?fit=240%2C240&ssl=1\" \/>\n\t<meta property=\"og:image:width\" content=\"240\" \/>\n\t<meta property=\"og:image:height\" content=\"240\" \/>\n\t<meta property=\"og:image:type\" content=\"image\/jpeg\" \/>\n<meta name=\"twitter:card\" content=\"summary_large_image\" \/>\n<meta name=\"twitter:site\" content=\"@sete_minutos\" \/>\n<meta name=\"twitter:label1\" content=\"Tempo estimado de leitura\" \/>\n\t<meta name=\"twitter:data1\" content=\"1 minuto\" \/>\n<script type=\"application\/ld+json\" class=\"yoast-schema-graph\">{\"@context\":\"https:\/\/schema.org\",\"@graph\":[{\"@type\":\"WebPage\",\"@id\":\"https:\/\/seteminutos.org\/blog\/edicoes\/evora\/especiais-evora\/grandes-eventos\/\",\"url\":\"https:\/\/seteminutos.org\/blog\/edicoes\/evora\/especiais-evora\/grandes-eventos\/\",\"name\":\"Sete Minutos | Grandes Eventos\",\"isPartOf\":{\"@id\":\"https:\/\/seteminutos.org\/blog\/#website\"},\"primaryImageOfPage\":{\"@id\":\"https:\/\/seteminutos.org\/blog\/edicoes\/evora\/especiais-evora\/grandes-eventos\/#primaryimage\"},\"image\":{\"@id\":\"https:\/\/seteminutos.org\/blog\/edicoes\/evora\/especiais-evora\/grandes-eventos\/#primaryimage\"},\"thumbnailUrl\":\"https:\/\/i0.wp.com\/seteminutos.org\/blog\/wp-content\/uploads\/2021\/11\/0062-esp-evr-11-06-2018.jpg?fit=240%2C240&ssl=1\",\"datePublished\":\"2021-11-13T23:20:25+00:00\",\"dateModified\":\"2021-11-14T13:29:27+00:00\",\"breadcrumb\":{\"@id\":\"https:\/\/seteminutos.org\/blog\/edicoes\/evora\/especiais-evora\/grandes-eventos\/#breadcrumb\"},\"inLanguage\":\"pt-PT\",\"potentialAction\":[{\"@type\":\"ReadAction\",\"target\":[\"https:\/\/seteminutos.org\/blog\/edicoes\/evora\/especiais-evora\/grandes-eventos\/\"]}]},{\"@type\":\"ImageObject\",\"inLanguage\":\"pt-PT\",\"@id\":\"https:\/\/seteminutos.org\/blog\/edicoes\/evora\/especiais-evora\/grandes-eventos\/#primaryimage\",\"url\":\"https:\/\/i0.wp.com\/seteminutos.org\/blog\/wp-content\/uploads\/2021\/11\/0062-esp-evr-11-06-2018.jpg?fit=240%2C240&ssl=1\",\"contentUrl\":\"https:\/\/i0.wp.com\/seteminutos.org\/blog\/wp-content\/uploads\/2021\/11\/0062-esp-evr-11-06-2018.jpg?fit=240%2C240&ssl=1\",\"width\":240,\"height\":240,\"caption\":\"Edi\u00e7\u00e3o Especial R\u00fassia 2018\"},{\"@type\":\"BreadcrumbList\",\"@id\":\"https:\/\/seteminutos.org\/blog\/edicoes\/evora\/especiais-evora\/grandes-eventos\/#breadcrumb\",\"itemListElement\":[{\"@type\":\"ListItem\",\"position\":1,\"name\":\"In\u00edcio\",\"item\":\"https:\/\/seteminutos.org\/blog\/\"},{\"@type\":\"ListItem\",\"position\":2,\"name\":\"Edi\u00e7\u00f5es\",\"item\":\"https:\/\/seteminutos.org\/blog\/edicoes\/\"},{\"@type\":\"ListItem\",\"position\":3,\"name\":\"\u00c9vora\",\"item\":\"https:\/\/seteminutos.org\/blog\/edicoes\/evora\/\"},{\"@type\":\"ListItem\",\"position\":4,\"name\":\"Especiais\",\"item\":\"https:\/\/seteminutos.org\/blog\/edicoes\/evora\/especiais-evora\/\"},{\"@type\":\"ListItem\",\"position\":5,\"name\":\"Grandes Eventos\"}]},{\"@type\":\"WebSite\",\"@id\":\"https:\/\/seteminutos.org\/blog\/#website\",\"url\":\"https:\/\/seteminutos.org\/blog\/\",\"name\":\"Sete Minutos\",\"description\":\"Curiosidades, Humor e Informa\u00e7\u00e3o com Intelig\u00eancia\",\"publisher\":{\"@id\":\"https:\/\/seteminutos.org\/blog\/#organization\"},\"potentialAction\":[{\"@type\":\"SearchAction\",\"target\":{\"@type\":\"EntryPoint\",\"urlTemplate\":\"https:\/\/seteminutos.org\/blog\/?s={search_term_string}\"},\"query-input\":{\"@type\":\"PropertyValueSpecification\",\"valueRequired\":true,\"valueName\":\"search_term_string\"}}],\"inLanguage\":\"pt-PT\"},{\"@type\":\"Organization\",\"@id\":\"https:\/\/seteminutos.org\/blog\/#organization\",\"name\":\"Sete Minutos\",\"url\":\"https:\/\/seteminutos.org\/blog\/\",\"logo\":{\"@type\":\"ImageObject\",\"inLanguage\":\"pt-PT\",\"@id\":\"https:\/\/seteminutos.org\/blog\/#\/schema\/logo\/image\/\",\"url\":\"https:\/\/i0.wp.com\/seteminutos.org\/blog\/wp-content\/uploads\/2017\/06\/cropped-sm-logo-2017-2.jpg?fit=290%2C64&ssl=1\",\"contentUrl\":\"https:\/\/i0.wp.com\/seteminutos.org\/blog\/wp-content\/uploads\/2017\/06\/cropped-sm-logo-2017-2.jpg?fit=290%2C64&ssl=1\",\"width\":290,\"height\":64,\"caption\":\"Sete Minutos\"},\"image\":{\"@id\":\"https:\/\/seteminutos.org\/blog\/#\/schema\/logo\/image\/\"},\"sameAs\":[\"https:\/\/www.facebook.com\/seteminutos.oficial\",\"https:\/\/x.com\/sete_minutos\"]}]}<\/script>\n<!-- \/ Yoast SEO plugin. -->","yoast_head_json":{"title":"Sete Minutos | Grandes Eventos","robots":{"index":"index","follow":"follow","max-snippet":"max-snippet:-1","max-image-preview":"max-image-preview:large","max-video-preview":"max-video-preview:-1"},"canonical":"https:\/\/seteminutos.org\/blog\/edicoes\/evora\/especiais-evora\/grandes-eventos\/","og_locale":"pt_PT","og_type":"article","og_title":"Sete Minutos | Grandes Eventos","og_url":"https:\/\/seteminutos.org\/blog\/edicoes\/evora\/especiais-evora\/grandes-eventos\/","og_site_name":"Sete Minutos","article_publisher":"https:\/\/www.facebook.com\/seteminutos.oficial","article_modified_time":"2021-11-14T13:29:27+00:00","og_image":[{"width":240,"height":240,"url":"https:\/\/i1.wp.com\/seteminutos.pt\/blog\/wp-content\/uploads\/2021\/11\/0062-esp-evr-11-06-2018.jpg?fit=240%2C240&ssl=1","type":"image\/jpeg"}],"twitter_card":"summary_large_image","twitter_site":"@sete_minutos","twitter_misc":{"Tempo estimado de leitura":"1 minuto"},"schema":{"@context":"https:\/\/schema.org","@graph":[{"@type":"WebPage","@id":"https:\/\/seteminutos.org\/blog\/edicoes\/evora\/especiais-evora\/grandes-eventos\/","url":"https:\/\/seteminutos.org\/blog\/edicoes\/evora\/especiais-evora\/grandes-eventos\/","name":"Sete Minutos | Grandes Eventos","isPartOf":{"@id":"https:\/\/seteminutos.org\/blog\/#website"},"primaryImageOfPage":{"@id":"https:\/\/seteminutos.org\/blog\/edicoes\/evora\/especiais-evora\/grandes-eventos\/#primaryimage"},"image":{"@id":"https:\/\/seteminutos.org\/blog\/edicoes\/evora\/especiais-evora\/grandes-eventos\/#primaryimage"},"thumbnailUrl":"https:\/\/i0.wp.com\/seteminutos.org\/blog\/wp-content\/uploads\/2021\/11\/0062-esp-evr-11-06-2018.jpg?fit=240%2C240&ssl=1","datePublished":"2021-11-13T23:20:25+00:00","dateModified":"2021-11-14T13:29:27+00:00","breadcrumb":{"@id":"https:\/\/seteminutos.org\/blog\/edicoes\/evora\/especiais-evora\/grandes-eventos\/#breadcrumb"},"inLanguage":"pt-PT","potentialAction":[{"@type":"ReadAction","target":["https:\/\/seteminutos.org\/blog\/edicoes\/evora\/especiais-evora\/grandes-eventos\/"]}]},{"@type":"ImageObject","inLanguage":"pt-PT","@id":"https:\/\/seteminutos.org\/blog\/edicoes\/evora\/especiais-evora\/grandes-eventos\/#primaryimage","url":"https:\/\/i0.wp.com\/seteminutos.org\/blog\/wp-content\/uploads\/2021\/11\/0062-esp-evr-11-06-2018.jpg?fit=240%2C240&ssl=1","contentUrl":"https:\/\/i0.wp.com\/seteminutos.org\/blog\/wp-content\/uploads\/2021\/11\/0062-esp-evr-11-06-2018.jpg?fit=240%2C240&ssl=1","width":240,"height":240,"caption":"Edi\u00e7\u00e3o Especial R\u00fassia 2018"},{"@type":"BreadcrumbList","@id":"https:\/\/seteminutos.org\/blog\/edicoes\/evora\/especiais-evora\/grandes-eventos\/#breadcrumb","itemListElement":[{"@type":"ListItem","position":1,"name":"In\u00edcio","item":"https:\/\/seteminutos.org\/blog\/"},{"@type":"ListItem","position":2,"name":"Edi\u00e7\u00f5es","item":"https:\/\/seteminutos.org\/blog\/edicoes\/"},{"@type":"ListItem","position":3,"name":"\u00c9vora","item":"https:\/\/seteminutos.org\/blog\/edicoes\/evora\/"},{"@type":"ListItem","position":4,"name":"Especiais","item":"https:\/\/seteminutos.org\/blog\/edicoes\/evora\/especiais-evora\/"},{"@type":"ListItem","position":5,"name":"Grandes Eventos"}]},{"@type":"WebSite","@id":"https:\/\/seteminutos.org\/blog\/#website","url":"https:\/\/seteminutos.org\/blog\/","name":"Sete Minutos","description":"Curiosidades, Humor e Informa\u00e7\u00e3o com Intelig\u00eancia","publisher":{"@id":"https:\/\/seteminutos.org\/blog\/#organization"},"potentialAction":[{"@type":"SearchAction","target":{"@type":"EntryPoint","urlTemplate":"https:\/\/seteminutos.org\/blog\/?s={search_term_string}"},"query-input":{"@type":"PropertyValueSpecification","valueRequired":true,"valueName":"search_term_string"}}],"inLanguage":"pt-PT"},{"@type":"Organization","@id":"https:\/\/seteminutos.org\/blog\/#organization","name":"Sete Minutos","url":"https:\/\/seteminutos.org\/blog\/","logo":{"@type":"ImageObject","inLanguage":"pt-PT","@id":"https:\/\/seteminutos.org\/blog\/#\/schema\/logo\/image\/","url":"https:\/\/i0.wp.com\/seteminutos.org\/blog\/wp-content\/uploads\/2017\/06\/cropped-sm-logo-2017-2.jpg?fit=290%2C64&ssl=1","contentUrl":"https:\/\/i0.wp.com\/seteminutos.org\/blog\/wp-content\/uploads\/2017\/06\/cropped-sm-logo-2017-2.jpg?fit=290%2C64&ssl=1","width":290,"height":64,"caption":"Sete Minutos"},"image":{"@id":"https:\/\/seteminutos.org\/blog\/#\/schema\/logo\/image\/"},"sameAs":["https:\/\/www.facebook.com\/seteminutos.oficial","https:\/\/x.com\/sete_minutos"]}]}},"jetpack_sharing_enabled":true,"jetpack_likes_enabled":true,"_links":{"self":[{"href":"https:\/\/seteminutos.org\/blog\/wp-json\/wp\/v2\/pages\/9204","targetHints":{"allow":["GET"]}}],"collection":[{"href":"https:\/\/seteminutos.org\/blog\/wp-json\/wp\/v2\/pages"}],"about":[{"href":"https:\/\/seteminutos.org\/blog\/wp-json\/wp\/v2\/types\/page"}],"author":[{"embeddable":true,"href":"https:\/\/seteminutos.org\/blog\/wp-json\/wp\/v2\/users\/1"}],"replies":[{"embeddable":true,"href":"https:\/\/seteminutos.org\/blog\/wp-json\/wp\/v2\/comments?post=9204"}],"version-history":[{"count":4,"href":"https:\/\/seteminutos.org\/blog\/wp-json\/wp\/v2\/pages\/9204\/revisions"}],"predecessor-version":[{"id":9243,"href":"https:\/\/seteminutos.org\/blog\/wp-json\/wp\/v2\/pages\/9204\/revisions\/9243"}],"up":[{"embeddable":true,"href":"https:\/\/seteminutos.org\/blog\/wp-json\/wp\/v2\/pages\/3537"}],"wp:featuredmedia":[{"embeddable":true,"href":"https:\/\/seteminutos.org\/blog\/wp-json\/wp\/v2\/media\/9210"}],"wp:attachment":[{"href":"https:\/\/seteminutos.org\/blog\/wp-json\/wp\/v2\/media?parent=9204"}],"curies":[{"name":"wp","href":"https:\/\/api.w.org\/{rel}","templated":true}]}}